{"id":239076,"date":"2025-03-14T16:34:20","date_gmt":"2025-03-14T15:34:20","guid":{"rendered":"https:\/\/mediafocus.ch\/?page_id=239076"},"modified":"2026-03-11T16:17:30","modified_gmt":"2026-03-11T15:17:30","slug":"social-ad-insights","status":"publish","type":"page","link":"https:\/\/mediafocus.ch\/en\/products\/social-ad-insights\/","title":{"rendered":"Social Ad Insights"},"content":{"rendered":"\n<div class=\"wp-block-cover is-light\" style=\"min-height:476px;aspect-ratio:unset;\"><img loading=\"lazy\" decoding=\"async\" width=\"1590\" height=\"1192\" class=\"wp-block-cover__image-background wp-image-252892\" alt=\"Wartehalle Flughafen, Mediennutzung\" src=\"https:\/\/mediafocus.ch\/wp-content\/uploads\/2025\/03\/Titelbild-Webseite.jpg\" style=\"object-position:49% 54%\" data-object-fit=\"cover\" data-object-position=\"49% 54%\" srcset=\"https:\/\/mediafocus.ch\/wp-content\/uploads\/2025\/03\/Titelbild-Webseite.jpg 1590w, https:\/\/mediafocus.ch\/wp-content\/uploads\/2025\/03\/Titelbild-Webseite-300x225.jpg 300w, https:\/\/mediafocus.ch\/wp-content\/uploads\/2025\/03\/Titelbild-Webseite-1024x768.jpg 1024w, https:\/\/mediafocus.ch\/wp-content\/uploads\/2025\/03\/Titelbild-Webseite-768x576.jpg 768w, https:\/\/mediafocus.ch\/wp-content\/uploads\/2025\/03\/Titelbild-Webseite-1536x1152.jpg 1536w\" sizes=\"auto, (max-width: 1590px) 100vw, 1590px\" \/><span aria-hidden=\"true\" class=\"wp-block-cover__background has-background-dim-0 has-background-dim\" style=\"background-color:#a3a7a7\"><\/span><div class=\"wp-block-cover__inner-container is-layout-flow wp-block-cover-is-layout-flow\">\n<p class=\"has-text-align-center has-large-font-size\"><\/p>\n<\/div><\/div>\n\n\n\n\n\n<div style=\"height:100px\" aria-hidden=\"true\" class=\"wp-block-spacer\"><\/div>\n\n\n\n<div class=\"wp-block-group is-layout-flow wp-block-group-is-layout-flow\">\n<div class=\"wp-block-columns container-xxl is-layout-flex wp-container-core-columns-is-layout-9d6595d7 wp-block-columns-is-layout-flex\">\n<div class=\"wp-block-column is-layout-flow wp-block-column-is-layout-flow\">\n<h1 class=\"wp-block-heading has-turqoise-500-color has-text-color\">Social<br>Ad Insights<\/h1>\n<\/div>\n\n\n\n<div class=\"wp-block-column is-layout-flow wp-block-column-is-layout-flow\">\n<p>Discover how active your competitors are on social media!<\/p>\n\n\n\n<p>Gain a decisive competitive advantage with Social Ad Insights &#8211; the first independent solution for detailed advertising and user structure analyses on social media.<\/p>\n\n\n<\/div>\n<\/div>\n<\/div>\n\n\n\n<div style=\"height:100px\" aria-hidden=\"true\" class=\"wp-block-spacer\"><\/div>\n\n\n\n<div class=\"wp-block-media-text alignwide has-media-on-the-right is-stacked-on-mobile has-turqoise-500-background-color has-background\"><div class=\"wp-block-media-text__content\">\n<h2 class=\"wp-block-heading is-style-checkmark-heading has-white-000-color has-text-color has-large-font-size\">Social<br>Ad Insights<\/h2>\n\n\n\n<p class=\"has-white-000-color has-text-color\">Social Ad Insights is the first independent solution in Switzerland to provide detailed information about advertising activities and user behavior on social media platforms. A data protection-compliant panel of 1,000 mobile users provides you with valuable insights that help you optimize your social media strategy and make well-founded decisions based on real market and competitive data.<\/p>\n<\/div><figure class=\"wp-block-media-text__media\"><img loading=\"lazy\" decoding=\"async\" width=\"1024\" height=\"683\" src=\"https:\/\/mediafocus.ch\/wp-content\/uploads\/2025\/03\/Titelbild-Factsheet-1024x683.png\" alt=\"Mobile App Nutzung, Mobile Phone\" class=\"wp-image-251967 size-full\" srcset=\"https:\/\/mediafocus.ch\/wp-content\/uploads\/2025\/03\/Titelbild-Factsheet-1024x683.png 1024w, https:\/\/mediafocus.ch\/wp-content\/uploads\/2025\/03\/Titelbild-Factsheet-300x200.png 300w, https:\/\/mediafocus.ch\/wp-content\/uploads\/2025\/03\/Titelbild-Factsheet-768x512.png 768w, https:\/\/mediafocus.ch\/wp-content\/uploads\/2025\/03\/Titelbild-Factsheet-1536x1024.png 1536w, https:\/\/mediafocus.ch\/wp-content\/uploads\/2025\/03\/Titelbild-Factsheet-2048x1366.png 2048w\" sizes=\"auto, (max-width: 1024px) 100vw, 1024px\" \/><\/figure><\/div>\n\n\n\n<section class=\"wp-block-group container container-medium is-layout-flow wp-block-group-is-layout-flow\">\n<div style=\"height:0px\" aria-hidden=\"true\" class=\"wp-block-spacer\"><\/div>\n\n\n\n\n<\/section>\n\n\n\n\n\n<section class=\"wp-block-xeit-newsletter section section-form newsletter\" id=\"newsletter-form\" style=\"background-color:#0942bd\"><div class=\"container-medium\"><div class=\"row\"><div class=\"col-lg-5\"><section>\n<h3 class=\"wp-block-heading has-white-000-color has-text-color\">Kontaktieren Sie uns<\/h3>\n\n\n\n<p class=\"has-white-000-color has-text-color\"><br>Haben Sie Fragen zu einem Produkt oder m\u00f6chten gerne allgemein mehr Informationen erhalten?<\/p>\n<\/section><\/div><div class=\"col-lg-6 pl-xl-9\"><div class=\"contactInfo\" style=\"display:flex;gap:20px;margin:20px 0;font-size:xx-large;flex-direction:column\"><div class=\"telInfo mediafocus-wite\" style=\"display:flex;gap:20px\"><img decoding=\"async\" class=\"\" src=\"https:\/\/mediafocus.ch\/wp-content\/themes\/mediafocus-ch\/images\/icons\/phone.svg\"\/><a><a href=\"tel:+41453222750\">T +41 43 322 27 50<\/a><\/a><\/div><div class=\"mailInfo mediafocus-wite\" style=\"display:flex;gap:20px\"><img decoding=\"async\" class=\"\" src=\"https:\/\/mediafocus.ch\/wp-content\/themes\/mediafocus-ch\/images\/icons\/mail.svg\"\/><a><a href=\"mailto:mediafocus@mediafocus.ch\">mediafocus@mediafocus.ch<\/a><\/a><\/div><\/div><input type=\"submit\" value=\"Jetzt kontaktieren\" class=\"btn btn-outline-white\" data-mf-button=\"modalWindow-fj2oss8k2\"\/><div class=\"modal\" id=\"modalWindow-fj2oss8k2\" data-mf-modal=\"modal\"><div class=\"modal__dialog\"><div class=\"modal__content\"><div class=\"modal__body\"><div class=\"ratio ratio--4x3\"><iframe class=\"modal__iframe\" src=\"https:\/\/online3.superoffice.com\/Cust27000\/CS\/scripts\/customer.fcgi?action=formFrame&amp;formId=F-654SSamZ\"><\/iframe><\/div><\/div><\/div><\/div><\/div><div class=\"modal__backdrop\" id=\"modalBackdrop\"><\/div><\/div><\/div><\/div><\/section>\n","protected":false},"excerpt":{"rendered":"<p>SocialAd Insights Discover how active your competitors are on social media! Gain a decisive competitive advantage with Social Ad Insights &#8211; the first independent solution for detailed advertising and user structure analyses on social media. SocialAd Insights Social Ad Insights is the first independent solution in Switzerland to provide detailed information about advertising activities and [&hellip;]<\/p>\n","protected":false},"author":2,"featured_media":251968,"parent":7369,"menu_order":1,"comment_status":"closed","ping_status":"closed","template":"","meta":{"_acf_changed":false,"footnotes":""},"class_list":["post-239076","page","type-page","status-publish","has-post-thumbnail","hentry"],"acf":[],"yoast_head":"<!-- This site is optimized with the Yoast SEO plugin v27.4 - https:\/\/yoast.com\/product\/yoast-seo-wordpress\/ -->\n<title>Social Ad Insights - Media Focus<\/title>\n<meta name=\"description\" content=\"Social Ad Insights - the first independent solution for advertising and user structure analysis on social media platforms.\" \/>\n<meta name=\"robots\" content=\"index, follow, max-snippet:-1, max-image-preview:large, max-video-preview:-1\" \/>\n<link rel=\"canonical\" href=\"https:\/\/mediafocus.ch\/en\/products\/social-ad-insights\/\" \/>\n<meta property=\"og:locale\" content=\"en_US\" \/>\n<meta property=\"og:type\" content=\"article\" \/>\n<meta property=\"og:title\" content=\"Social Ad Insights - Media Focus\" \/>\n<meta property=\"og:description\" content=\"Social Ad Insights - the first independent solution for advertising and user structure analysis on social media platforms.\" \/>\n<meta property=\"og:url\" content=\"https:\/\/mediafocus.ch\/en\/products\/social-ad-insights\/\" \/>\n<meta property=\"og:site_name\" content=\"Media Focus\" \/>\n<meta property=\"article:modified_time\" content=\"2026-03-11T15:17:30+00:00\" \/>\n<meta property=\"og:image\" content=\"https:\/\/mediafocus.ch\/wp-content\/uploads\/2025\/03\/Titelbild-Factsheet-1024x683.png\" \/>\n\t<meta property=\"og:image:width\" content=\"1024\" \/>\n\t<meta property=\"og:image:height\" content=\"683\" \/>\n\t<meta property=\"og:image:type\" content=\"image\/png\" \/>\n<meta name=\"twitter:card\" content=\"summary_large_image\" \/>\n<meta name=\"twitter:label1\" content=\"Est. reading time\" \/>\n\t<meta name=\"twitter:data1\" content=\"1 minute\" \/>\n<script type=\"application\/ld+json\" class=\"yoast-schema-graph\">{\"@context\":\"https:\\\/\\\/schema.org\",\"@graph\":[{\"@type\":\"WebPage\",\"@id\":\"https:\\\/\\\/mediafocus.ch\\\/en\\\/products\\\/social-ad-insights\\\/\",\"url\":\"https:\\\/\\\/mediafocus.ch\\\/en\\\/products\\\/social-ad-insights\\\/\",\"name\":\"Social Ad Insights - Media Focus\",\"isPartOf\":{\"@id\":\"https:\\\/\\\/mediafocus.ch\\\/en\\\/#website\"},\"primaryImageOfPage\":{\"@id\":\"https:\\\/\\\/mediafocus.ch\\\/en\\\/products\\\/social-ad-insights\\\/#primaryimage\"},\"image\":{\"@id\":\"https:\\\/\\\/mediafocus.ch\\\/en\\\/products\\\/social-ad-insights\\\/#primaryimage\"},\"thumbnailUrl\":\"https:\\\/\\\/mediafocus.ch\\\/wp-content\\\/uploads\\\/2025\\\/03\\\/Titelbild-Factsheet.png\",\"datePublished\":\"2025-03-14T15:34:20+00:00\",\"dateModified\":\"2026-03-11T15:17:30+00:00\",\"description\":\"Social Ad Insights - the first independent solution for advertising and user structure analysis on social media platforms.\",\"breadcrumb\":{\"@id\":\"https:\\\/\\\/mediafocus.ch\\\/en\\\/products\\\/social-ad-insights\\\/#breadcrumb\"},\"inLanguage\":\"en-US\",\"potentialAction\":[{\"@type\":\"ReadAction\",\"target\":[\"https:\\\/\\\/mediafocus.ch\\\/en\\\/products\\\/social-ad-insights\\\/\"]}]},{\"@type\":\"ImageObject\",\"inLanguage\":\"en-US\",\"@id\":\"https:\\\/\\\/mediafocus.ch\\\/en\\\/products\\\/social-ad-insights\\\/#primaryimage\",\"url\":\"https:\\\/\\\/mediafocus.ch\\\/wp-content\\\/uploads\\\/2025\\\/03\\\/Titelbild-Factsheet.png\",\"contentUrl\":\"https:\\\/\\\/mediafocus.ch\\\/wp-content\\\/uploads\\\/2025\\\/03\\\/Titelbild-Factsheet.png\",\"width\":2560,\"height\":1707,\"caption\":\"Social Ad Insights \u2013 die erste unabh\u00e4ngige L\u00f6sung f\u00fcr detaillierte Werbe- und Nutzerstrukturanalysen auf mobilen Plattformen.\"},{\"@type\":\"BreadcrumbList\",\"@id\":\"https:\\\/\\\/mediafocus.ch\\\/en\\\/products\\\/social-ad-insights\\\/#breadcrumb\",\"itemListElement\":[{\"@type\":\"ListItem\",\"position\":1,\"name\":\"Home\",\"item\":\"https:\\\/\\\/mediafocus.ch\\\/en\\\/\"},{\"@type\":\"ListItem\",\"position\":2,\"name\":\"Products\",\"item\":\"https:\\\/\\\/mediafocus.ch\\\/en\\\/products\\\/\"},{\"@type\":\"ListItem\",\"position\":3,\"name\":\"Social Ad Insights\"}]},{\"@type\":\"WebSite\",\"@id\":\"https:\\\/\\\/mediafocus.ch\\\/en\\\/#website\",\"url\":\"https:\\\/\\\/mediafocus.ch\\\/en\\\/\",\"name\":\"Media Focus\",\"description\":\"Data driven insights\",\"publisher\":{\"@id\":\"https:\\\/\\\/mediafocus.ch\\\/en\\\/#organization\"},\"potentialAction\":[{\"@type\":\"SearchAction\",\"target\":{\"@type\":\"EntryPoint\",\"urlTemplate\":\"https:\\\/\\\/mediafocus.ch\\\/en\\\/?s={search_term_string}\"},\"query-input\":{\"@type\":\"PropertyValueSpecification\",\"valueRequired\":true,\"valueName\":\"search_term_string\"}}],\"inLanguage\":\"en-US\"},{\"@type\":\"Organization\",\"@id\":\"https:\\\/\\\/mediafocus.ch\\\/en\\\/#organization\",\"name\":\"Media Focus\",\"url\":\"https:\\\/\\\/mediafocus.ch\\\/en\\\/\",\"logo\":{\"@type\":\"ImageObject\",\"inLanguage\":\"en-US\",\"@id\":\"https:\\\/\\\/mediafocus.ch\\\/en\\\/#\\\/schema\\\/logo\\\/image\\\/\",\"url\":\"https:\\\/\\\/mediafocus.ch\\\/wp-content\\\/uploads\\\/2022\\\/05\\\/media-focus-logo-mit-claim.svg\",\"contentUrl\":\"https:\\\/\\\/mediafocus.ch\\\/wp-content\\\/uploads\\\/2022\\\/05\\\/media-focus-logo-mit-claim.svg\",\"caption\":\"Media Focus\"},\"image\":{\"@id\":\"https:\\\/\\\/mediafocus.ch\\\/en\\\/#\\\/schema\\\/logo\\\/image\\\/\"}}]}<\/script>\n<!-- \/ Yoast SEO plugin. -->","yoast_head_json":{"title":"Social Ad Insights - Media Focus","description":"Social Ad Insights - the first independent solution for advertising and user structure analysis on social media platforms.","robots":{"index":"index","follow":"follow","max-snippet":"max-snippet:-1","max-image-preview":"max-image-preview:large","max-video-preview":"max-video-preview:-1"},"canonical":"https:\/\/mediafocus.ch\/en\/products\/social-ad-insights\/","og_locale":"en_US","og_type":"article","og_title":"Social Ad Insights - Media Focus","og_description":"Social Ad Insights - the first independent solution for advertising and user structure analysis on social media platforms.","og_url":"https:\/\/mediafocus.ch\/en\/products\/social-ad-insights\/","og_site_name":"Media Focus","article_modified_time":"2026-03-11T15:17:30+00:00","og_image":[{"width":1024,"height":683,"url":"https:\/\/mediafocus.ch\/wp-content\/uploads\/2025\/03\/Titelbild-Factsheet-1024x683.png","type":"image\/png"}],"twitter_card":"summary_large_image","twitter_misc":{"Est. reading time":"1 minute"},"schema":{"@context":"https:\/\/schema.org","@graph":[{"@type":"WebPage","@id":"https:\/\/mediafocus.ch\/en\/products\/social-ad-insights\/","url":"https:\/\/mediafocus.ch\/en\/products\/social-ad-insights\/","name":"Social Ad Insights - Media Focus","isPartOf":{"@id":"https:\/\/mediafocus.ch\/en\/#website"},"primaryImageOfPage":{"@id":"https:\/\/mediafocus.ch\/en\/products\/social-ad-insights\/#primaryimage"},"image":{"@id":"https:\/\/mediafocus.ch\/en\/products\/social-ad-insights\/#primaryimage"},"thumbnailUrl":"https:\/\/mediafocus.ch\/wp-content\/uploads\/2025\/03\/Titelbild-Factsheet.png","datePublished":"2025-03-14T15:34:20+00:00","dateModified":"2026-03-11T15:17:30+00:00","description":"Social Ad Insights - the first independent solution for advertising and user structure analysis on social media platforms.","breadcrumb":{"@id":"https:\/\/mediafocus.ch\/en\/products\/social-ad-insights\/#breadcrumb"},"inLanguage":"en-US","potentialAction":[{"@type":"ReadAction","target":["https:\/\/mediafocus.ch\/en\/products\/social-ad-insights\/"]}]},{"@type":"ImageObject","inLanguage":"en-US","@id":"https:\/\/mediafocus.ch\/en\/products\/social-ad-insights\/#primaryimage","url":"https:\/\/mediafocus.ch\/wp-content\/uploads\/2025\/03\/Titelbild-Factsheet.png","contentUrl":"https:\/\/mediafocus.ch\/wp-content\/uploads\/2025\/03\/Titelbild-Factsheet.png","width":2560,"height":1707,"caption":"Social Ad Insights \u2013 die erste unabh\u00e4ngige L\u00f6sung f\u00fcr detaillierte Werbe- und Nutzerstrukturanalysen auf mobilen Plattformen."},{"@type":"BreadcrumbList","@id":"https:\/\/mediafocus.ch\/en\/products\/social-ad-insights\/#breadcrumb","itemListElement":[{"@type":"ListItem","position":1,"name":"Home","item":"https:\/\/mediafocus.ch\/en\/"},{"@type":"ListItem","position":2,"name":"Products","item":"https:\/\/mediafocus.ch\/en\/products\/"},{"@type":"ListItem","position":3,"name":"Social Ad Insights"}]},{"@type":"WebSite","@id":"https:\/\/mediafocus.ch\/en\/#website","url":"https:\/\/mediafocus.ch\/en\/","name":"Media Focus","description":"Data driven insights","publisher":{"@id":"https:\/\/mediafocus.ch\/en\/#organization"},"potentialAction":[{"@type":"SearchAction","target":{"@type":"EntryPoint","urlTemplate":"https:\/\/mediafocus.ch\/en\/?s={search_term_string}"},"query-input":{"@type":"PropertyValueSpecification","valueRequired":true,"valueName":"search_term_string"}}],"inLanguage":"en-US"},{"@type":"Organization","@id":"https:\/\/mediafocus.ch\/en\/#organization","name":"Media Focus","url":"https:\/\/mediafocus.ch\/en\/","logo":{"@type":"ImageObject","inLanguage":"en-US","@id":"https:\/\/mediafocus.ch\/en\/#\/schema\/logo\/image\/","url":"https:\/\/mediafocus.ch\/wp-content\/uploads\/2022\/05\/media-focus-logo-mit-claim.svg","contentUrl":"https:\/\/mediafocus.ch\/wp-content\/uploads\/2022\/05\/media-focus-logo-mit-claim.svg","caption":"Media Focus"},"image":{"@id":"https:\/\/mediafocus.ch\/en\/#\/schema\/logo\/image\/"}}]}},"_links":{"self":[{"href":"https:\/\/mediafocus.ch\/en\/wp-json\/wp\/v2\/pages\/239076","targetHints":{"allow":["GET"]}}],"collection":[{"href":"https:\/\/mediafocus.ch\/en\/wp-json\/wp\/v2\/pages"}],"about":[{"href":"https:\/\/mediafocus.ch\/en\/wp-json\/wp\/v2\/types\/page"}],"author":[{"embeddable":true,"href":"https:\/\/mediafocus.ch\/en\/wp-json\/wp\/v2\/users\/2"}],"replies":[{"embeddable":true,"href":"https:\/\/mediafocus.ch\/en\/wp-json\/wp\/v2\/comments?post=239076"}],"version-history":[{"count":6,"href":"https:\/\/mediafocus.ch\/en\/wp-json\/wp\/v2\/pages\/239076\/revisions"}],"predecessor-version":[{"id":391945,"href":"https:\/\/mediafocus.ch\/en\/wp-json\/wp\/v2\/pages\/239076\/revisions\/391945"}],"up":[{"embeddable":true,"href":"https:\/\/mediafocus.ch\/en\/wp-json\/wp\/v2\/pages\/7369"}],"wp:featuredmedia":[{"embeddable":true,"href":"https:\/\/mediafocus.ch\/en\/wp-json\/wp\/v2\/media\/251968"}],"wp:attachment":[{"href":"https:\/\/mediafocus.ch\/en\/wp-json\/wp\/v2\/media?parent=239076"}],"curies":[{"name":"wp","href":"https:\/\/api.w.org\/{rel}","templated":true}]}}