{"id":7369,"date":"2022-04-06T22:58:23","date_gmt":"2022-04-06T20:58:23","guid":{"rendered":"https:\/\/mediafocus.ch\/?page_id=7369"},"modified":"2026-04-17T13:33:38","modified_gmt":"2026-04-17T11:33:38","slug":"products","status":"publish","type":"page","link":"https:\/\/mediafocus.ch\/en\/products\/","title":{"rendered":"Products"},"content":{"rendered":"\n<div class=\"wp-block-cover is-light\" style=\"min-height:700px;aspect-ratio:unset;\"><img loading=\"lazy\" decoding=\"async\" width=\"2560\" height=\"1235\" class=\"wp-block-cover__image-background wp-image-6619\" alt=\"\" src=\"https:\/\/mediafocus.ch\/wp-content\/uploads\/2022\/03\/Mobiliar-Titelbild-scaled.jpg\" data-object-fit=\"cover\" srcset=\"https:\/\/mediafocus.ch\/wp-content\/uploads\/2022\/03\/Mobiliar-Titelbild-scaled.jpg 2560w, https:\/\/mediafocus.ch\/wp-content\/uploads\/2022\/03\/Mobiliar-Titelbild-300x145.jpg 300w, https:\/\/mediafocus.ch\/wp-content\/uploads\/2022\/03\/Mobiliar-Titelbild-1024x494.jpg 1024w, https:\/\/mediafocus.ch\/wp-content\/uploads\/2022\/03\/Mobiliar-Titelbild-768x370.jpg 768w, https:\/\/mediafocus.ch\/wp-content\/uploads\/2022\/03\/Mobiliar-Titelbild-1536x741.jpg 1536w, https:\/\/mediafocus.ch\/wp-content\/uploads\/2022\/03\/Mobiliar-Titelbild-2048x988.jpg 2048w\" sizes=\"auto, (max-width: 2560px) 100vw, 2560px\" \/><span aria-hidden=\"true\" class=\"wp-block-cover__background has-background-dim-0 has-background-dim\"><\/span><div class=\"wp-block-cover__inner-container is-layout-flow wp-block-cover-is-layout-flow\">\n<p class=\"has-text-align-center has-large-font-size\"><\/p>\n<\/div><\/div>\n\n\n\n\n\n<div style=\"height:100px\" aria-hidden=\"true\" class=\"wp-block-spacer\"><\/div>\n\n\n\n<div class=\"wp-block-group is-layout-flow wp-block-group-is-layout-flow\">\n<div class=\"wp-block-group is-layout-flow wp-block-group-is-layout-flow\">\n<div class=\"wp-block-columns container-xxl is-layout-flex wp-container-core-columns-is-layout-9d6595d7 wp-block-columns-is-layout-flex\">\n<div class=\"wp-block-column is-layout-flow wp-block-column-is-layout-flow\">\n<h1 class=\"wp-block-heading has-turqoise-500-color has-text-color\">Products<\/h1>\n<\/div>\n\n\n\n<div class=\"wp-block-column is-layout-flow wp-block-column-is-layout-flow\">\n<p>Media Focus offers products and services for the monitoring of <a href=\"https:\/\/mediafocus.ch\/en\/products\/advertising-pressure-statistics\/\">advertising<\/a>, <a href=\"https:\/\/mediafocus.ch\/en\/products\/analysis\/\">communications <\/a>and <a href=\"https:\/\/mediafocus.ch\/en\/products\/sponsorship\/\">sponsorship <\/a>expenditures.<br>With these, you can track competitors\u2019 communications activities in the ever developing traditional and digital media landscape.<br><br>Our products are tailored to your needs and the issues you are facing.<\/p>\n<\/div>\n<\/div>\n<\/div>\n<\/div>\n\n\n\n<div style=\"height:100px\" aria-hidden=\"true\" class=\"wp-block-spacer\"><\/div>\n\n\n\n\n\n<section class=\"wp-block-group productlist has-background is-layout-flow wp-block-group-is-layout-flow\" style=\"background-color:#f2f2f2\">\n<div class=\"wp-block-media-text alignwide is-stacked-on-mobile is-image-fill-element container container-medium\"><figure class=\"wp-block-media-text__media\"><a href=\"https:\/\/mediafocus.ch\/en\/products\/advertising-pressure-statistics\/\"><img loading=\"lazy\" decoding=\"async\" width=\"559\" height=\"452\" src=\"https:\/\/mediafocus.ch\/wp-content\/uploads\/2022\/02\/Werbedruckstatistik-Produkte-1.png\" alt=\"\" class=\"wp-image-1217 size-full\" style=\"object-position:50% 50%\" srcset=\"https:\/\/mediafocus.ch\/wp-content\/uploads\/2022\/02\/Werbedruckstatistik-Produkte-1.png 559w, https:\/\/mediafocus.ch\/wp-content\/uploads\/2022\/02\/Werbedruckstatistik-Produkte-1-300x243.png 300w\" sizes=\"auto, (max-width: 559px) 100vw, 559px\" \/><\/a><\/figure><div class=\"wp-block-media-text__content\">\n<h3 class=\"wp-block-heading\"><a href=\"https:\/\/mediafocus.ch\/en\/wizzad\/\"><\/a><a href=\"https:\/\/mediafocus.ch\/en\/products\/media-monitoring\/\"><\/a><a href=\"https:\/\/mediafocus.ch\/en\/products\/advertising-pressure-statistics\/\">Advertising pressure statistics<\/a><\/h3>\n\n\n\n<p>Your company is facing increasingly complex challenges in terms of its market presence due to dynamic markets and current trends. Media Focus assists you by recording data about the advertising presence of your competitors and industry and by providing detailed analysis of advertising volumes and campaign and brand strategies.<\/p>\n\n\n<\/div><\/div>\n\n\n\n<div class=\"wp-block-media-text alignwide has-media-on-the-right is-stacked-on-mobile is-image-fill-element container container-medium\"><div class=\"wp-block-media-text__content\">\n<h3 class=\"wp-block-heading\"><a href=\"https:\/\/mediafocus.ch\/en\/products\/social-ad-insights\/\">Social Ad Insights<\/a><\/h3>\n\n\n\n<p>Discover how active your competitors are on social media!<\/p>\n\n\n\n<p>Gain a decisive competitive advantage with Social Ad Insights \u2013 the first independent solution for detailed advertising and user structure analyses on social media.<\/p>\n\n\n<\/div><figure class=\"wp-block-media-text__media\"><a href=\"https:\/\/mediafocus.ch\/en\/products\/advertising-pressure-statistics\/\"><img loading=\"lazy\" decoding=\"async\" width=\"1024\" height=\"707\" src=\"https:\/\/mediafocus.ch\/wp-content\/uploads\/2025\/03\/Bild-Webseite-EN-1024x707.png\" alt=\"\" class=\"wp-image-264394 size-full\" style=\"object-position:45% 53%\" srcset=\"https:\/\/mediafocus.ch\/wp-content\/uploads\/2025\/03\/Bild-Webseite-EN-1024x707.png 1024w, https:\/\/mediafocus.ch\/wp-content\/uploads\/2025\/03\/Bild-Webseite-EN-300x207.png 300w, https:\/\/mediafocus.ch\/wp-content\/uploads\/2025\/03\/Bild-Webseite-EN-768x530.png 768w, https:\/\/mediafocus.ch\/wp-content\/uploads\/2025\/03\/Bild-Webseite-EN-1536x1061.png 1536w, https:\/\/mediafocus.ch\/wp-content\/uploads\/2025\/03\/Bild-Webseite-EN-2048x1415.png 2048w\" sizes=\"auto, (max-width: 1024px) 100vw, 1024px\" \/><\/a><\/figure><\/div>\n\n\n\n<div class=\"wp-block-media-text alignwide is-stacked-on-mobile is-image-fill-element container container-medium\"><figure class=\"wp-block-media-text__media\"><a href=\"https:\/\/mediafocus.ch\/en\/products\/media-monitoring\/\"><img loading=\"lazy\" decoding=\"async\" width=\"559\" height=\"452\" src=\"https:\/\/mediafocus.ch\/wp-content\/uploads\/2022\/02\/Medienpraesenz-Produkte.png\" alt=\"\" class=\"wp-image-1214 size-full\" style=\"object-position:50% 50%\" srcset=\"https:\/\/mediafocus.ch\/wp-content\/uploads\/2022\/02\/Medienpraesenz-Produkte.png 559w, https:\/\/mediafocus.ch\/wp-content\/uploads\/2022\/02\/Medienpraesenz-Produkte-300x243.png 300w\" sizes=\"auto, (max-width: 559px) 100vw, 559px\" \/><\/a><\/figure><div class=\"wp-block-media-text__content\">\n<h3 class=\"wp-block-heading\"><a href=\"https:\/\/mediafocus.ch\/en\/wizzad\/\"><\/a><a href=\"https:\/\/mediafocus.ch\/en\/products\/media-monitoring\/\"><\/a><a href=\"https:\/\/mediafocus.ch\/en\/products\/advertising-pressure-statistics\/\"><\/a><a href=\"https:\/\/mediafocus.ch\/en\/products\/creations\/\"><\/a><a href=\"https:\/\/mediafocus.ch\/en\/products\/media-monitoring\/\">Media monitoring<\/a><\/h3>\n\n\n\n<p>Our online and social media monitoring assesses the presence of companies and brands online and also assesses the relevance and distribution of their posts. This saves time and generates findings to optimize communications management.<\/p>\n\n\n<\/div><\/div>\n\n\n\n<div class=\"wp-block-media-text alignwide has-media-on-the-right is-stacked-on-mobile is-image-fill-element container container-medium\"><div class=\"wp-block-media-text__content\">\n<h3 class=\"wp-block-heading\"><a href=\"https:\/\/mediafocus.ch\/en\/wizzad\/\"><\/a><a href=\"https:\/\/mediafocus.ch\/en\/products\/sponsorship\/\">Sponsorship<\/a><\/h3>\n\n\n\n<p>Sponsorship can help you to achieve a great reach and ensure that your brand is positively associated with the image of an event. This enables you to increase both the scope of your brand\u2019s visibility and the quality of your coverage.<\/p>\n\n\n\n<p>Would you like to know how successful your sponsoring really is? With our unique <strong>sponsoring statistics<\/strong>, and our individual <strong>sponsoring analyses<\/strong>, we provide you with clear answers.<\/p>\n\n\n<\/div><figure class=\"wp-block-media-text__media\"><a href=\"https:\/\/mediafocus.ch\/en\/products\/sponsorship\/\"><img loading=\"lazy\" decoding=\"async\" width=\"1024\" height=\"674\" src=\"https:\/\/mediafocus.ch\/wp-content\/uploads\/2022\/02\/Bild-Sponsoring-Produkte-1024x674.png\" alt=\"Eine Hand die einen Kugelschreiber h\u00e4t welche auf eine Blatt mit einer Sponsoringanalyse zeigt\" class=\"wp-image-1223 size-full\" style=\"object-position:50% 50%\" srcset=\"https:\/\/mediafocus.ch\/wp-content\/uploads\/2022\/02\/Bild-Sponsoring-Produkte-1024x674.png 1024w, https:\/\/mediafocus.ch\/wp-content\/uploads\/2022\/02\/Bild-Sponsoring-Produkte-300x198.png 300w, https:\/\/mediafocus.ch\/wp-content\/uploads\/2022\/02\/Bild-Sponsoring-Produkte-768x506.png 768w, https:\/\/mediafocus.ch\/wp-content\/uploads\/2022\/02\/Bild-Sponsoring-Produkte.png 1500w\" sizes=\"auto, (max-width: 1024px) 100vw, 1024px\" \/><\/a><\/figure><\/div>\n\n\n\n<div class=\"wp-block-media-text alignwide is-stacked-on-mobile is-image-fill-element container container-medium\"><figure class=\"wp-block-media-text__media\"><a href=\"https:\/\/mediafocus.ch\/en\/products\/creations\/\"><img loading=\"lazy\" decoding=\"async\" width=\"559\" height=\"452\" src=\"https:\/\/mediafocus.ch\/wp-content\/uploads\/2022\/02\/Kreationen-Produkte.png\" alt=\"\" class=\"wp-image-1293 size-full\" style=\"object-position:50% 50%\" srcset=\"https:\/\/mediafocus.ch\/wp-content\/uploads\/2022\/02\/Kreationen-Produkte.png 559w, https:\/\/mediafocus.ch\/wp-content\/uploads\/2022\/02\/Kreationen-Produkte-300x243.png 300w\" sizes=\"auto, (max-width: 559px) 100vw, 559px\" \/><\/a><\/figure><div class=\"wp-block-media-text__content\">\n<h3 class=\"wp-block-heading\"><a href=\"https:\/\/mediafocus.ch\/en\/wizzad\/\"><\/a><a href=\"https:\/\/mediafocus.ch\/en\/products\/media-monitoring\/\"><\/a><a href=\"https:\/\/mediafocus.ch\/en\/products\/advertising-pressure-statistics\/\"><\/a><a href=\"https:\/\/mediafocus.ch\/en\/products\/creations\/\">Creations<\/a><\/h3>\n\n\n\n<p>As we all know, a picture is worth a thousand words. Media Focus allows you to access our comprehensive creation database in <a href=\"https:\/\/mediafocus.ch\/en\/wizzad\/\">WizzAd+<\/a> whenever you want. You can see and listen to the creations and ads that your competitors have used and find out on which platforms they have been placed or broadcasted, both in traditional and digital media.&nbsp;<\/p>\n\n\n<\/div><\/div>\n\n\n\n<div class=\"wp-block-media-text alignwide has-media-on-the-right is-stacked-on-mobile is-image-fill-element container container-medium\"><div class=\"wp-block-media-text__content\">\n<h3 class=\"wp-block-heading\"><a href=\"https:\/\/mediafocus.ch\/en\/wizzad\/\"><\/a><a href=\"https:\/\/mediafocus.ch\/en\/products\/media-monitoring\/\"><\/a><a href=\"https:\/\/mediafocus.ch\/en\/products\/total-brand-visibility-content\/\">Total Brand Visibility &amp; Content<\/a><\/h3>\n\n\n\n<p>With Total Brand Visibility and Content, Media Focus offers a product that compiles data about your media presence from advertising and reporting and then analyzes this. In addition, Total Brand Visibility and Content can be supplemented with the results of the <a href=\"https:\/\/mediafocus.ch\/en\/products\/sponsorship\/\">sponsorship analyses<\/a>. All the results are provided in a clear report, along with the relevant insights.<\/p>\n\n\n<\/div><figure class=\"wp-block-media-text__media\"><a href=\"https:\/\/mediafocus.ch\/en\/products\/total-brand-visibility-content\/\"><img loading=\"lazy\" decoding=\"async\" width=\"1024\" height=\"672\" src=\"https:\/\/mediafocus.ch\/wp-content\/uploads\/2022\/04\/Total-Brand-Visibility-Produkte-1024x672.png\" alt=\"Zwei H\u00e4nde welche auf den Bildschirm eines Laptops zeigen, worauf eine \u00dcbersicht der Kan\u00e4le einer Marke von Media Focus zu sehen sind\" class=\"wp-image-8217 size-full\" style=\"object-position:50% 50%\" srcset=\"https:\/\/mediafocus.ch\/wp-content\/uploads\/2022\/04\/Total-Brand-Visibility-Produkte-1024x672.png 1024w, https:\/\/mediafocus.ch\/wp-content\/uploads\/2022\/04\/Total-Brand-Visibility-Produkte-300x197.png 300w, https:\/\/mediafocus.ch\/wp-content\/uploads\/2022\/04\/Total-Brand-Visibility-Produkte-768x504.png 768w, https:\/\/mediafocus.ch\/wp-content\/uploads\/2022\/04\/Total-Brand-Visibility-Produkte.png 1500w\" sizes=\"auto, (max-width: 1024px) 100vw, 1024px\" \/><\/a><\/figure><\/div>\n\n\n\n<div class=\"wp-block-media-text alignwide is-stacked-on-mobile is-image-fill-element container container-medium\"><figure class=\"wp-block-media-text__media\"><a href=\"https:\/\/mediafocus.ch\/en\/products\/analysis\/\"><img loading=\"lazy\" decoding=\"async\" width=\"1024\" height=\"683\" src=\"https:\/\/mediafocus.ch\/wp-content\/uploads\/2026\/04\/MEDIAFOCUS-6589-1024x683.jpg\" alt=\"\" class=\"wp-image-576037 size-full\" style=\"object-position:50% 50%\" srcset=\"https:\/\/mediafocus.ch\/wp-content\/uploads\/2026\/04\/MEDIAFOCUS-6589-1024x683.jpg 1024w, https:\/\/mediafocus.ch\/wp-content\/uploads\/2026\/04\/MEDIAFOCUS-6589-300x200.jpg 300w, https:\/\/mediafocus.ch\/wp-content\/uploads\/2026\/04\/MEDIAFOCUS-6589-768x512.jpg 768w, https:\/\/mediafocus.ch\/wp-content\/uploads\/2026\/04\/MEDIAFOCUS-6589-1536x1024.jpg 1536w, https:\/\/mediafocus.ch\/wp-content\/uploads\/2026\/04\/MEDIAFOCUS-6589.jpg 2048w\" sizes=\"auto, (max-width: 1024px) 100vw, 1024px\" \/><\/a><\/figure><div class=\"wp-block-media-text__content\">\n<h3 class=\"wp-block-heading\"><a href=\"https:\/\/mediafocus.ch\/en\/wizzad\/\"><\/a><a href=\"https:\/\/mediafocus.ch\/en\/products\/sponsoring\/\"><\/a><a href=\"https:\/\/mediafocus.ch\/en\/products\/analysis\/\">Analysis<\/a><\/h3>\n\n\n\n<p>Benefit from our many years of experience in preparing analyses and interpreting communications and market data. Get customized solutions and data-based foundations on which to make decisions for your marketing, communications and sponsorship strategies.<\/p>\n\n\n<\/div><\/div>\n\n\n\n<div class=\"wp-block-media-text alignwide has-media-on-the-right is-stacked-on-mobile is-image-fill-element container container-medium\"><div class=\"wp-block-media-text__content\">\n<h3 class=\"wp-block-heading\"><a href=\"https:\/\/mediafocus.ch\/en\/wizzad\/\">WizzAd+<\/a><\/h3>\n\n\n\n<p>As an analysis tool, WizzAd+ provides a large number of report templates and individual design templates for your own reports. It also offers you an overview of your competitors and your market, any time and anywhere. Plus, it provides in-depth insights into campaign themes used by your competitors.<\/p>\n\n\n\n\n\n<p><a href=\"https:\/\/mediafocus.ch\/en\/wizzad\/\"><\/a><\/p>\n<\/div><figure class=\"wp-block-media-text__media\"><a href=\"https:\/\/mediafocus.ch\/en\/wizzad\/\"><img loading=\"lazy\" decoding=\"async\" width=\"700\" height=\"467\" src=\"https:\/\/mediafocus.ch\/wp-content\/uploads\/2022\/02\/WizzAd-Bild-Produkte.png\" alt=\"\" class=\"wp-image-1198 size-full\" style=\"object-position:50% 50%\" srcset=\"https:\/\/mediafocus.ch\/wp-content\/uploads\/2022\/02\/WizzAd-Bild-Produkte.png 700w, https:\/\/mediafocus.ch\/wp-content\/uploads\/2022\/02\/WizzAd-Bild-Produkte-300x200.png 300w\" sizes=\"auto, (max-width: 700px) 100vw, 700px\" \/><\/a><\/figure><\/div>\n<\/section>\n\n\n\n\n\n\n\n<section class=\"wp-block-xeit-newsletter section section-form newsletter\" id=\"newsletter-form\" style=\"background-color:#0942bd\"><div class=\"container-medium\"><div class=\"row\"><div class=\"col-lg-5\"><section>\n<h3 class=\"wp-block-heading has-white-000-color has-text-color\">Contact us<\/h3>\n\n\n\n<p class=\"has-white-000-color has-text-color\"><br>Our Consulting and Analysis team will be happy to help.<\/p>\n<\/section><\/div><div class=\"col-lg-6 pl-xl-9\"><div class=\"contactInfo\" style=\"display:flex;gap:20px;margin:20px 0;font-size:xx-large;flex-direction:column\"><div class=\"telInfo mediafocus-wite\" style=\"display:flex;gap:20px\"><img decoding=\"async\" class=\"\" src=\"https:\/\/mediafocus.ch\/wp-content\/themes\/mediafocus-ch\/images\/icons\/phone.svg\"\/><a><a href=\"tel:+41453222750\">T +41 43 322 27 50<\/a><\/a><\/div><div class=\"mailInfo mediafocus-wite\" style=\"display:flex;gap:20px\"><img decoding=\"async\" class=\"\" src=\"https:\/\/mediafocus.ch\/wp-content\/themes\/mediafocus-ch\/images\/icons\/mail.svg\"\/><a><a href=\"mailto:mediafocus@mediafocus.ch\">mediafocus@mediafocus.ch<\/a><\/a><\/div><\/div><input type=\"submit\" value=\"Contact us\" class=\"btn btn-outline-white\" data-mf-button=\"modalWindow-ple1yyy8f\"\/><div class=\"modal\" id=\"modalWindow-ple1yyy8f\" data-mf-modal=\"modal\"><div class=\"modal__dialog\"><div class=\"modal__content\"><div class=\"modal__body\"><div class=\"ratio ratio--4x3\"><iframe class=\"modal__iframe\" src=\"https:\/\/online3.superoffice.com\/Cust27000\/CS\/scripts\/customer.fcgi?action=formFrame&amp;formId=F-6tKzgbkn\"><\/iframe><\/div><\/div><\/div><\/div><\/div><div class=\"modal__backdrop\" id=\"modalBackdrop\"><\/div><\/div><\/div><\/div><\/section>\n","protected":false},"excerpt":{"rendered":"<p>Products Media Focus offers products and services for the monitoring of advertising, communications and sponsorship expenditures.With these, you can track competitors\u2019 communications activities in the ever developing traditional and digital media landscape. Our products are tailored to your needs and the issues you are facing. Advertising pressure statistics Your company is facing increasingly complex challenges [&hellip;]<\/p>\n","protected":false},"author":2,"featured_media":0,"parent":0,"menu_order":1,"comment_status":"closed","ping_status":"closed","template":"","meta":{"footnotes":""},"class_list":["post-7369","page","type-page","status-publish","hentry"],"yoast_head":"<!-- This site is optimized with the Yoast SEO plugin v27.4 - https:\/\/yoast.com\/product\/yoast-seo-wordpress\/ -->\n<title>Products - Media Focus<\/title>\n<meta name=\"description\" content=\"Media Focus provides products and services for monitoring advertisements, communications and sponsorship. To suit your needs!\" \/>\n<meta name=\"robots\" content=\"index, follow, max-snippet:-1, max-image-preview:large, max-video-preview:-1\" \/>\n<link rel=\"canonical\" href=\"https:\/\/mediafocus.ch\/en\/products\/\" \/>\n<meta property=\"og:locale\" content=\"en_US\" \/>\n<meta property=\"og:type\" content=\"article\" \/>\n<meta property=\"og:title\" content=\"Products - Media Focus\" \/>\n<meta property=\"og:description\" content=\"Media Focus provides products and services for monitoring advertisements, communications and sponsorship. To suit your needs!\" \/>\n<meta property=\"og:url\" content=\"https:\/\/mediafocus.ch\/en\/products\/\" \/>\n<meta property=\"og:site_name\" content=\"Media Focus\" \/>\n<meta property=\"article:modified_time\" content=\"2026-04-17T11:33:38+00:00\" \/>\n<meta property=\"og:image\" content=\"https:\/\/mediafocus.ch\/wp-content\/uploads\/2022\/03\/Mobiliar-Titelbild-scaled.jpg\" \/>\n\t<meta property=\"og:image:width\" content=\"2560\" \/>\n\t<meta property=\"og:image:height\" content=\"1235\" \/>\n\t<meta property=\"og:image:type\" content=\"image\/jpeg\" \/>\n<meta name=\"twitter:card\" content=\"summary_large_image\" \/>\n<meta name=\"twitter:label1\" content=\"Est. reading time\" \/>\n\t<meta name=\"twitter:data1\" content=\"9 minutes\" \/>\n<script type=\"application\/ld+json\" class=\"yoast-schema-graph\">{\"@context\":\"https:\\\/\\\/schema.org\",\"@graph\":[{\"@type\":\"WebPage\",\"@id\":\"https:\\\/\\\/mediafocus.ch\\\/en\\\/products\\\/\",\"url\":\"https:\\\/\\\/mediafocus.ch\\\/en\\\/products\\\/\",\"name\":\"Products - Media Focus\",\"isPartOf\":{\"@id\":\"https:\\\/\\\/mediafocus.ch\\\/en\\\/#website\"},\"primaryImageOfPage\":{\"@id\":\"https:\\\/\\\/mediafocus.ch\\\/en\\\/products\\\/#primaryimage\"},\"image\":{\"@id\":\"https:\\\/\\\/mediafocus.ch\\\/en\\\/products\\\/#primaryimage\"},\"thumbnailUrl\":\"https:\\\/\\\/mediafocus.ch\\\/wp-content\\\/uploads\\\/2022\\\/03\\\/Mobiliar-Titelbild-scaled.jpg\",\"datePublished\":\"2022-04-06T20:58:23+00:00\",\"dateModified\":\"2026-04-17T11:33:38+00:00\",\"description\":\"Media Focus provides products and services for monitoring advertisements, communications and sponsorship. To suit your needs!\",\"breadcrumb\":{\"@id\":\"https:\\\/\\\/mediafocus.ch\\\/en\\\/products\\\/#breadcrumb\"},\"inLanguage\":\"en-US\",\"potentialAction\":[{\"@type\":\"ReadAction\",\"target\":[\"https:\\\/\\\/mediafocus.ch\\\/en\\\/products\\\/\"]}]},{\"@type\":\"ImageObject\",\"inLanguage\":\"en-US\",\"@id\":\"https:\\\/\\\/mediafocus.ch\\\/en\\\/products\\\/#primaryimage\",\"url\":\"https:\\\/\\\/mediafocus.ch\\\/wp-content\\\/uploads\\\/2022\\\/03\\\/Mobiliar-Titelbild-scaled.jpg\",\"contentUrl\":\"https:\\\/\\\/mediafocus.ch\\\/wp-content\\\/uploads\\\/2022\\\/03\\\/Mobiliar-Titelbild-scaled.jpg\"},{\"@type\":\"BreadcrumbList\",\"@id\":\"https:\\\/\\\/mediafocus.ch\\\/en\\\/products\\\/#breadcrumb\",\"itemListElement\":[{\"@type\":\"ListItem\",\"position\":1,\"name\":\"Home\",\"item\":\"https:\\\/\\\/mediafocus.ch\\\/en\\\/\"},{\"@type\":\"ListItem\",\"position\":2,\"name\":\"Products\"}]},{\"@type\":\"WebSite\",\"@id\":\"https:\\\/\\\/mediafocus.ch\\\/en\\\/#website\",\"url\":\"https:\\\/\\\/mediafocus.ch\\\/en\\\/\",\"name\":\"Media Focus\",\"description\":\"Data driven insights\",\"publisher\":{\"@id\":\"https:\\\/\\\/mediafocus.ch\\\/en\\\/#organization\"},\"potentialAction\":[{\"@type\":\"SearchAction\",\"target\":{\"@type\":\"EntryPoint\",\"urlTemplate\":\"https:\\\/\\\/mediafocus.ch\\\/en\\\/?s={search_term_string}\"},\"query-input\":{\"@type\":\"PropertyValueSpecification\",\"valueRequired\":true,\"valueName\":\"search_term_string\"}}],\"inLanguage\":\"en-US\"},{\"@type\":\"Organization\",\"@id\":\"https:\\\/\\\/mediafocus.ch\\\/en\\\/#organization\",\"name\":\"Media Focus\",\"url\":\"https:\\\/\\\/mediafocus.ch\\\/en\\\/\",\"logo\":{\"@type\":\"ImageObject\",\"inLanguage\":\"en-US\",\"@id\":\"https:\\\/\\\/mediafocus.ch\\\/en\\\/#\\\/schema\\\/logo\\\/image\\\/\",\"url\":\"https:\\\/\\\/mediafocus.ch\\\/wp-content\\\/uploads\\\/2022\\\/05\\\/media-focus-logo-mit-claim.svg\",\"contentUrl\":\"https:\\\/\\\/mediafocus.ch\\\/wp-content\\\/uploads\\\/2022\\\/05\\\/media-focus-logo-mit-claim.svg\",\"caption\":\"Media Focus\"},\"image\":{\"@id\":\"https:\\\/\\\/mediafocus.ch\\\/en\\\/#\\\/schema\\\/logo\\\/image\\\/\"}}]}<\/script>\n<!-- \/ Yoast SEO plugin. -->","yoast_head_json":{"title":"Products - Media Focus","description":"Media Focus provides products and services for monitoring advertisements, communications and sponsorship. To suit your needs!","robots":{"index":"index","follow":"follow","max-snippet":"max-snippet:-1","max-image-preview":"max-image-preview:large","max-video-preview":"max-video-preview:-1"},"canonical":"https:\/\/mediafocus.ch\/en\/products\/","og_locale":"en_US","og_type":"article","og_title":"Products - Media Focus","og_description":"Media Focus provides products and services for monitoring advertisements, communications and sponsorship. To suit your needs!","og_url":"https:\/\/mediafocus.ch\/en\/products\/","og_site_name":"Media Focus","article_modified_time":"2026-04-17T11:33:38+00:00","og_image":[{"width":2560,"height":1235,"url":"https:\/\/mediafocus.ch\/wp-content\/uploads\/2022\/03\/Mobiliar-Titelbild-scaled.jpg","type":"image\/jpeg"}],"twitter_card":"summary_large_image","twitter_misc":{"Est. reading time":"9 minutes"},"schema":{"@context":"https:\/\/schema.org","@graph":[{"@type":"WebPage","@id":"https:\/\/mediafocus.ch\/en\/products\/","url":"https:\/\/mediafocus.ch\/en\/products\/","name":"Products - Media Focus","isPartOf":{"@id":"https:\/\/mediafocus.ch\/en\/#website"},"primaryImageOfPage":{"@id":"https:\/\/mediafocus.ch\/en\/products\/#primaryimage"},"image":{"@id":"https:\/\/mediafocus.ch\/en\/products\/#primaryimage"},"thumbnailUrl":"https:\/\/mediafocus.ch\/wp-content\/uploads\/2022\/03\/Mobiliar-Titelbild-scaled.jpg","datePublished":"2022-04-06T20:58:23+00:00","dateModified":"2026-04-17T11:33:38+00:00","description":"Media Focus provides products and services for monitoring advertisements, communications and sponsorship. To suit your needs!","breadcrumb":{"@id":"https:\/\/mediafocus.ch\/en\/products\/#breadcrumb"},"inLanguage":"en-US","potentialAction":[{"@type":"ReadAction","target":["https:\/\/mediafocus.ch\/en\/products\/"]}]},{"@type":"ImageObject","inLanguage":"en-US","@id":"https:\/\/mediafocus.ch\/en\/products\/#primaryimage","url":"https:\/\/mediafocus.ch\/wp-content\/uploads\/2022\/03\/Mobiliar-Titelbild-scaled.jpg","contentUrl":"https:\/\/mediafocus.ch\/wp-content\/uploads\/2022\/03\/Mobiliar-Titelbild-scaled.jpg"},{"@type":"BreadcrumbList","@id":"https:\/\/mediafocus.ch\/en\/products\/#breadcrumb","itemListElement":[{"@type":"ListItem","position":1,"name":"Home","item":"https:\/\/mediafocus.ch\/en\/"},{"@type":"ListItem","position":2,"name":"Products"}]},{"@type":"WebSite","@id":"https:\/\/mediafocus.ch\/en\/#website","url":"https:\/\/mediafocus.ch\/en\/","name":"Media Focus","description":"Data driven insights","publisher":{"@id":"https:\/\/mediafocus.ch\/en\/#organization"},"potentialAction":[{"@type":"SearchAction","target":{"@type":"EntryPoint","urlTemplate":"https:\/\/mediafocus.ch\/en\/?s={search_term_string}"},"query-input":{"@type":"PropertyValueSpecification","valueRequired":true,"valueName":"search_term_string"}}],"inLanguage":"en-US"},{"@type":"Organization","@id":"https:\/\/mediafocus.ch\/en\/#organization","name":"Media Focus","url":"https:\/\/mediafocus.ch\/en\/","logo":{"@type":"ImageObject","inLanguage":"en-US","@id":"https:\/\/mediafocus.ch\/en\/#\/schema\/logo\/image\/","url":"https:\/\/mediafocus.ch\/wp-content\/uploads\/2022\/05\/media-focus-logo-mit-claim.svg","contentUrl":"https:\/\/mediafocus.ch\/wp-content\/uploads\/2022\/05\/media-focus-logo-mit-claim.svg","caption":"Media Focus"},"image":{"@id":"https:\/\/mediafocus.ch\/en\/#\/schema\/logo\/image\/"}}]}},"_links":{"self":[{"href":"https:\/\/mediafocus.ch\/en\/wp-json\/wp\/v2\/pages\/7369","targetHints":{"allow":["GET"]}}],"collection":[{"href":"https:\/\/mediafocus.ch\/en\/wp-json\/wp\/v2\/pages"}],"about":[{"href":"https:\/\/mediafocus.ch\/en\/wp-json\/wp\/v2\/types\/page"}],"author":[{"embeddable":true,"href":"https:\/\/mediafocus.ch\/en\/wp-json\/wp\/v2\/users\/2"}],"replies":[{"embeddable":true,"href":"https:\/\/mediafocus.ch\/en\/wp-json\/wp\/v2\/comments?post=7369"}],"version-history":[{"count":8,"href":"https:\/\/mediafocus.ch\/en\/wp-json\/wp\/v2\/pages\/7369\/revisions"}],"predecessor-version":[{"id":576047,"href":"https:\/\/mediafocus.ch\/en\/wp-json\/wp\/v2\/pages\/7369\/revisions\/576047"}],"wp:attachment":[{"href":"https:\/\/mediafocus.ch\/en\/wp-json\/wp\/v2\/media?parent=7369"}],"curies":[{"name":"wp","href":"https:\/\/api.w.org\/{rel}","templated":true}]}}