{"id":239086,"date":"2025-03-14T16:34:52","date_gmt":"2025-03-14T15:34:52","guid":{"rendered":"https:\/\/mediafocus.ch\/?page_id=239086"},"modified":"2025-08-26T16:24:22","modified_gmt":"2025-08-26T14:24:22","slug":"social-ad-insights","status":"publish","type":"page","link":"https:\/\/mediafocus.ch\/fr\/produits\/social-ad-insights\/","title":{"rendered":"Social Ad Insights"},"content":{"rendered":"\n<div class=\"wp-block-cover is-light\" style=\"min-height:476px;aspect-ratio:unset;\"><img loading=\"lazy\" decoding=\"async\" width=\"1590\" height=\"1192\" class=\"wp-block-cover__image-background wp-image-252892\" alt=\"Wartehalle Flughafen, Mediennutzung\" src=\"https:\/\/mediafocus.ch\/wp-content\/uploads\/2025\/03\/Titelbild-Webseite.jpg\" style=\"object-position:49% 54%\" data-object-fit=\"cover\" data-object-position=\"49% 54%\" srcset=\"https:\/\/mediafocus.ch\/wp-content\/uploads\/2025\/03\/Titelbild-Webseite.jpg 1590w, https:\/\/mediafocus.ch\/wp-content\/uploads\/2025\/03\/Titelbild-Webseite-300x225.jpg 300w, https:\/\/mediafocus.ch\/wp-content\/uploads\/2025\/03\/Titelbild-Webseite-1024x768.jpg 1024w, https:\/\/mediafocus.ch\/wp-content\/uploads\/2025\/03\/Titelbild-Webseite-768x576.jpg 768w, https:\/\/mediafocus.ch\/wp-content\/uploads\/2025\/03\/Titelbild-Webseite-1536x1152.jpg 1536w\" sizes=\"auto, (max-width: 1590px) 100vw, 1590px\" \/><span aria-hidden=\"true\" class=\"wp-block-cover__background has-background-dim-0 has-background-dim\" style=\"background-color:#a3a7a7\"><\/span><div class=\"wp-block-cover__inner-container is-layout-flow wp-block-cover-is-layout-flow\">\n<p class=\"has-text-align-center has-large-font-size\"><\/p>\n<\/div><\/div>\n\n\n\n\n\n<div style=\"height:100px\" aria-hidden=\"true\" class=\"wp-block-spacer\"><\/div>\n\n\n\n<div class=\"wp-block-group is-layout-flow wp-block-group-is-layout-flow\">\n<div class=\"wp-block-columns container-xxl is-layout-flex wp-container-core-columns-is-layout-9d6595d7 wp-block-columns-is-layout-flex\">\n<div class=\"wp-block-column is-layout-flow wp-block-column-is-layout-flow\">\n<h1 class=\"wp-block-heading has-turqoise-500-color has-text-color\">Social<br>Ad Insights<\/h1>\n<\/div>\n\n\n\n<div class=\"wp-block-column is-layout-flow wp-block-column-is-layout-flow\">\n<p>Conna\u00eetre le niveau de pr\u00e9sence de la concurrence sur les r\u00e9seaux sociaux!<\/p>\n\n\n\n<p><br>Obtenez l&rsquo;avantage concurrentiel d\u00e9cisif avec Social Ad Insights \u2013 la premi\u00e8re solution ind\u00e9pendante pour des analyses d\u00e9taill\u00e9es de la publicit\u00e9 et de la structure des utilisateurs sur les r\u00e9seaux sociaux.<\/p>\n\n\n\n<div class=\"wp-block-buttons is-layout-flex wp-block-buttons-is-layout-flex\">\n<div class=\"wp-block-button\"><a class=\"wp-block-button__link wp-element-button\" href=\"https:\/\/mediafocus.ch\/wp-content\/uploads\/2025\/03\/Factsheet-Social-Ad-Insights-FR-2.pdf\" target=\"_blank\" rel=\"noreferrer noopener\">T\u00e9l\u00e9chargez ici la fiche d&rsquo;information Social Ad Insights<\/a><\/div>\n<\/div>\n<\/div>\n<\/div>\n<\/div>\n\n\n\n<div style=\"height:100px\" aria-hidden=\"true\" class=\"wp-block-spacer\"><\/div>\n\n\n\n<div class=\"wp-block-media-text alignwide has-media-on-the-right is-stacked-on-mobile has-turqoise-500-background-color has-background\"><div class=\"wp-block-media-text__content\">\n<h2 class=\"wp-block-heading is-style-checkmark-heading has-white-000-color has-text-color has-large-font-size\">Social Ad Insights<\/h2>\n\n\n\n<p class=\"has-white-000-color has-text-color\">Social Ad Insights est la premi\u00e8re solution ind\u00e9pendante en Suisse fournissant des informations d\u00e9taill\u00e9es sur les activit\u00e9s publicitaires et le comportement des utilisateurs sur les plateformes de m\u00e9dias sociaux. Gr\u00e2ce \u00e0 un panel conforme aux r\u00e9glementations sur la protection des donn\u00e9es, compos\u00e9 de 1\u2019000 utilisateurs mobiles, vous obtenez des insights pr\u00e9cieux pour optimiser votre strat\u00e9gie sur les r\u00e9seaux sociaux et prendre des d\u00e9cisions \u00e9clair\u00e9es bas\u00e9es sur de v\u00e9ritables donn\u00e9es de march\u00e9 et de concurrence.<\/p>\n<\/div><figure class=\"wp-block-media-text__media\"><img loading=\"lazy\" decoding=\"async\" width=\"1024\" height=\"683\" src=\"https:\/\/mediafocus.ch\/wp-content\/uploads\/2025\/03\/Titelbild-Factsheet-1024x683.png\" alt=\"\" class=\"wp-image-251969 size-full\" srcset=\"https:\/\/mediafocus.ch\/wp-content\/uploads\/2025\/03\/Titelbild-Factsheet-1024x683.png 1024w, https:\/\/mediafocus.ch\/wp-content\/uploads\/2025\/03\/Titelbild-Factsheet-300x200.png 300w, https:\/\/mediafocus.ch\/wp-content\/uploads\/2025\/03\/Titelbild-Factsheet-768x512.png 768w, https:\/\/mediafocus.ch\/wp-content\/uploads\/2025\/03\/Titelbild-Factsheet-1536x1024.png 1536w, https:\/\/mediafocus.ch\/wp-content\/uploads\/2025\/03\/Titelbild-Factsheet-2048x1366.png 2048w\" sizes=\"auto, (max-width: 1024px) 100vw, 1024px\" \/><\/figure><\/div>\n\n\n\n<section class=\"wp-block-group container container-medium is-layout-flow wp-block-group-is-layout-flow\">\n\n\n<div style=\"height:50px\" aria-hidden=\"true\" class=\"wp-block-spacer\"><\/div>\n\n\n\n<div style=\"height:20px\" aria-hidden=\"true\" class=\"wp-block-spacer\"><\/div>\n<\/section>\n\n\n\n\n\n<p><\/p>\n\n\n\n\n\n<section class=\"wp-block-xeit-newsletter section section-form newsletter\" id=\"newsletter-form\" style=\"background-color:#0942bd\"><div class=\"container-medium\"><div class=\"row\"><div class=\"col-lg-5\"><section>\n<h3 class=\"wp-block-heading has-white-000-color has-text-color\">N\u2019h\u00e9sitez pas \u00e0 nous contacter.<\/h3>\n\n\n\n<p class=\"has-white-000-color has-text-color\"><br>Notre \u00e9quipe Conseil et Analyse se fera un plaisir de vous aider.<\/p>\n<\/section><\/div><div class=\"col-lg-6 pl-xl-9\"><div class=\"contactInfo\" style=\"display:flex;gap:20px;margin:20px 0;font-size:xx-large;flex-direction:column\"><div class=\"telInfo mediafocus-wite\" style=\"display:flex;gap:20px\"><img decoding=\"async\" class=\"\" src=\"https:\/\/mediafocus.ch\/wp-content\/themes\/mediafocus-ch\/images\/icons\/phone.svg\"\/><a><a href=\"tel:+41453222750\">T +41 43 322 27 50<\/a><\/a><\/div><div class=\"mailInfo mediafocus-wite\" style=\"display:flex;gap:20px\"><img decoding=\"async\" class=\"\" src=\"https:\/\/mediafocus.ch\/wp-content\/themes\/mediafocus-ch\/images\/icons\/mail.svg\"\/><a><a href=\"mailto:mediafocus@mediafocus.ch\">mediafocus@mediafocus.ch<\/a><\/a><\/div><\/div><input type=\"submit\" value=\"Contactez nous\" class=\"btn btn-outline-white\" data-mf-button=\"modalWindow-5b8c663c-26df-478b-8611-61df1bc36f24\"\/><div class=\"modal\" id=\"modalWindow-5b8c663c-26df-478b-8611-61df1bc36f24\" data-mf-modal=\"modal\"><div class=\"modal__dialog\"><div class=\"modal__content\"><div class=\"modal__body\"><div class=\"ratio ratio--4x3\"><iframe class=\"modal__iframe\" src=\"https:\/\/online3.superoffice.com\/Cust27000\/CS\/scripts\/customer.fcgi?action=formFrame&amp;formId=F-php5jCan\"><\/iframe><\/div><\/div><\/div><\/div><\/div><div class=\"modal__backdrop\" id=\"modalBackdrop\"><\/div><\/div><\/div><\/div><\/section>\n","protected":false},"excerpt":{"rendered":"<p>SocialAd Insights Conna\u00eetre le niveau de pr\u00e9sence de la concurrence sur les r\u00e9seaux sociaux! Obtenez l&rsquo;avantage concurrentiel d\u00e9cisif avec Social Ad Insights \u2013 la premi\u00e8re solution ind\u00e9pendante pour des analyses d\u00e9taill\u00e9es de la publicit\u00e9 et de la structure des utilisateurs sur les r\u00e9seaux sociaux. Social Ad Insights Social Ad Insights est la premi\u00e8re solution ind\u00e9pendante [&hellip;]<\/p>\n","protected":false},"author":2,"featured_media":251969,"parent":7370,"menu_order":1,"comment_status":"closed","ping_status":"closed","template":"","meta":{"footnotes":""},"class_list":["post-239086","page","type-page","status-publish","has-post-thumbnail","hentry"],"yoast_head":"<!-- This site is optimized with the Yoast SEO plugin v27.4 - https:\/\/yoast.com\/product\/yoast-seo-wordpress\/ -->\n<title>Social Ad Insights - Media Focus<\/title>\n<meta name=\"description\" content=\"Social Ad Insights - la solution ind\u00e9pendante pour l&#039;analyse de la publicit\u00e9 et de la structure des utilisateurs sur les m\u00e9dias sociaux.\" \/>\n<meta name=\"robots\" content=\"index, follow, max-snippet:-1, max-image-preview:large, max-video-preview:-1\" \/>\n<link rel=\"canonical\" href=\"https:\/\/mediafocus.ch\/fr\/produits\/social-ad-insights\/\" \/>\n<meta property=\"og:locale\" content=\"fr_FR\" \/>\n<meta property=\"og:type\" content=\"article\" \/>\n<meta property=\"og:title\" content=\"Social Ad Insights - Media Focus\" \/>\n<meta property=\"og:description\" content=\"Social Ad Insights - la solution ind\u00e9pendante pour l&#039;analyse de la publicit\u00e9 et de la structure des utilisateurs sur les m\u00e9dias sociaux.\" \/>\n<meta property=\"og:url\" content=\"https:\/\/mediafocus.ch\/fr\/produits\/social-ad-insights\/\" \/>\n<meta property=\"og:site_name\" content=\"Media Focus\" \/>\n<meta property=\"article:modified_time\" content=\"2025-08-26T14:24:22+00:00\" \/>\n<meta property=\"og:image\" content=\"https:\/\/mediafocus.ch\/wp-content\/uploads\/2025\/03\/Titelbild-Factsheet-1024x683.png\" \/>\n\t<meta property=\"og:image:width\" content=\"1024\" \/>\n\t<meta property=\"og:image:height\" content=\"683\" \/>\n\t<meta property=\"og:image:type\" content=\"image\/png\" \/>\n<meta name=\"twitter:card\" content=\"summary_large_image\" \/>\n<meta name=\"twitter:label1\" content=\"Dur\u00e9e de lecture estim\u00e9e\" \/>\n\t<meta name=\"twitter:data1\" content=\"6 minutes\" \/>\n<script type=\"application\/ld+json\" class=\"yoast-schema-graph\">{\"@context\":\"https:\\\/\\\/schema.org\",\"@graph\":[{\"@type\":\"WebPage\",\"@id\":\"https:\\\/\\\/mediafocus.ch\\\/fr\\\/produits\\\/social-ad-insights\\\/\",\"url\":\"https:\\\/\\\/mediafocus.ch\\\/fr\\\/produits\\\/social-ad-insights\\\/\",\"name\":\"Social Ad Insights - Media Focus\",\"isPartOf\":{\"@id\":\"https:\\\/\\\/mediafocus.ch\\\/fr\\\/#website\"},\"primaryImageOfPage\":{\"@id\":\"https:\\\/\\\/mediafocus.ch\\\/fr\\\/produits\\\/social-ad-insights\\\/#primaryimage\"},\"image\":{\"@id\":\"https:\\\/\\\/mediafocus.ch\\\/fr\\\/produits\\\/social-ad-insights\\\/#primaryimage\"},\"thumbnailUrl\":\"https:\\\/\\\/mediafocus.ch\\\/wp-content\\\/uploads\\\/2025\\\/03\\\/Titelbild-Factsheet.png\",\"datePublished\":\"2025-03-14T15:34:52+00:00\",\"dateModified\":\"2025-08-26T14:24:22+00:00\",\"description\":\"Social Ad Insights - la solution ind\u00e9pendante pour l'analyse de la publicit\u00e9 et de la structure des utilisateurs sur les m\u00e9dias sociaux.\",\"breadcrumb\":{\"@id\":\"https:\\\/\\\/mediafocus.ch\\\/fr\\\/produits\\\/social-ad-insights\\\/#breadcrumb\"},\"inLanguage\":\"fr-FR\",\"potentialAction\":[{\"@type\":\"ReadAction\",\"target\":[\"https:\\\/\\\/mediafocus.ch\\\/fr\\\/produits\\\/social-ad-insights\\\/\"]}]},{\"@type\":\"ImageObject\",\"inLanguage\":\"fr-FR\",\"@id\":\"https:\\\/\\\/mediafocus.ch\\\/fr\\\/produits\\\/social-ad-insights\\\/#primaryimage\",\"url\":\"https:\\\/\\\/mediafocus.ch\\\/wp-content\\\/uploads\\\/2025\\\/03\\\/Titelbild-Factsheet.png\",\"contentUrl\":\"https:\\\/\\\/mediafocus.ch\\\/wp-content\\\/uploads\\\/2025\\\/03\\\/Titelbild-Factsheet.png\",\"width\":2560,\"height\":1707,\"caption\":\"Social Ad Insights \u2013 die erste unabh\u00e4ngige L\u00f6sung f\u00fcr detaillierte Werbe- und Nutzerstrukturanalysen auf mobilen Plattformen.\"},{\"@type\":\"BreadcrumbList\",\"@id\":\"https:\\\/\\\/mediafocus.ch\\\/fr\\\/produits\\\/social-ad-insights\\\/#breadcrumb\",\"itemListElement\":[{\"@type\":\"ListItem\",\"position\":1,\"name\":\"Home\",\"item\":\"https:\\\/\\\/mediafocus.ch\\\/fr\\\/\"},{\"@type\":\"ListItem\",\"position\":2,\"name\":\"Produits\",\"item\":\"https:\\\/\\\/mediafocus.ch\\\/fr\\\/produits\\\/\"},{\"@type\":\"ListItem\",\"position\":3,\"name\":\"Social Ad Insights\"}]},{\"@type\":\"WebSite\",\"@id\":\"https:\\\/\\\/mediafocus.ch\\\/fr\\\/#website\",\"url\":\"https:\\\/\\\/mediafocus.ch\\\/fr\\\/\",\"name\":\"Media Focus\",\"description\":\"Data driven insights\",\"publisher\":{\"@id\":\"https:\\\/\\\/mediafocus.ch\\\/fr\\\/#organization\"},\"potentialAction\":[{\"@type\":\"SearchAction\",\"target\":{\"@type\":\"EntryPoint\",\"urlTemplate\":\"https:\\\/\\\/mediafocus.ch\\\/fr\\\/?s={search_term_string}\"},\"query-input\":{\"@type\":\"PropertyValueSpecification\",\"valueRequired\":true,\"valueName\":\"search_term_string\"}}],\"inLanguage\":\"fr-FR\"},{\"@type\":\"Organization\",\"@id\":\"https:\\\/\\\/mediafocus.ch\\\/fr\\\/#organization\",\"name\":\"Media Focus\",\"url\":\"https:\\\/\\\/mediafocus.ch\\\/fr\\\/\",\"logo\":{\"@type\":\"ImageObject\",\"inLanguage\":\"fr-FR\",\"@id\":\"https:\\\/\\\/mediafocus.ch\\\/fr\\\/#\\\/schema\\\/logo\\\/image\\\/\",\"url\":\"https:\\\/\\\/mediafocus.ch\\\/wp-content\\\/uploads\\\/2022\\\/05\\\/media-focus-logo-mit-claim.svg\",\"contentUrl\":\"https:\\\/\\\/mediafocus.ch\\\/wp-content\\\/uploads\\\/2022\\\/05\\\/media-focus-logo-mit-claim.svg\",\"caption\":\"Media Focus\"},\"image\":{\"@id\":\"https:\\\/\\\/mediafocus.ch\\\/fr\\\/#\\\/schema\\\/logo\\\/image\\\/\"}}]}<\/script>\n<!-- \/ Yoast SEO plugin. -->","yoast_head_json":{"title":"Social Ad Insights - Media Focus","description":"Social Ad Insights - la solution ind\u00e9pendante pour l'analyse de la publicit\u00e9 et de la structure des utilisateurs sur les m\u00e9dias sociaux.","robots":{"index":"index","follow":"follow","max-snippet":"max-snippet:-1","max-image-preview":"max-image-preview:large","max-video-preview":"max-video-preview:-1"},"canonical":"https:\/\/mediafocus.ch\/fr\/produits\/social-ad-insights\/","og_locale":"fr_FR","og_type":"article","og_title":"Social Ad Insights - Media Focus","og_description":"Social Ad Insights - la solution ind\u00e9pendante pour l'analyse de la publicit\u00e9 et de la structure des utilisateurs sur les m\u00e9dias sociaux.","og_url":"https:\/\/mediafocus.ch\/fr\/produits\/social-ad-insights\/","og_site_name":"Media Focus","article_modified_time":"2025-08-26T14:24:22+00:00","og_image":[{"width":1024,"height":683,"url":"https:\/\/mediafocus.ch\/wp-content\/uploads\/2025\/03\/Titelbild-Factsheet-1024x683.png","type":"image\/png"}],"twitter_card":"summary_large_image","twitter_misc":{"Dur\u00e9e de lecture estim\u00e9e":"6 minutes"},"schema":{"@context":"https:\/\/schema.org","@graph":[{"@type":"WebPage","@id":"https:\/\/mediafocus.ch\/fr\/produits\/social-ad-insights\/","url":"https:\/\/mediafocus.ch\/fr\/produits\/social-ad-insights\/","name":"Social Ad Insights - Media Focus","isPartOf":{"@id":"https:\/\/mediafocus.ch\/fr\/#website"},"primaryImageOfPage":{"@id":"https:\/\/mediafocus.ch\/fr\/produits\/social-ad-insights\/#primaryimage"},"image":{"@id":"https:\/\/mediafocus.ch\/fr\/produits\/social-ad-insights\/#primaryimage"},"thumbnailUrl":"https:\/\/mediafocus.ch\/wp-content\/uploads\/2025\/03\/Titelbild-Factsheet.png","datePublished":"2025-03-14T15:34:52+00:00","dateModified":"2025-08-26T14:24:22+00:00","description":"Social Ad Insights - la solution ind\u00e9pendante pour l'analyse de la publicit\u00e9 et de la structure des utilisateurs sur les m\u00e9dias sociaux.","breadcrumb":{"@id":"https:\/\/mediafocus.ch\/fr\/produits\/social-ad-insights\/#breadcrumb"},"inLanguage":"fr-FR","potentialAction":[{"@type":"ReadAction","target":["https:\/\/mediafocus.ch\/fr\/produits\/social-ad-insights\/"]}]},{"@type":"ImageObject","inLanguage":"fr-FR","@id":"https:\/\/mediafocus.ch\/fr\/produits\/social-ad-insights\/#primaryimage","url":"https:\/\/mediafocus.ch\/wp-content\/uploads\/2025\/03\/Titelbild-Factsheet.png","contentUrl":"https:\/\/mediafocus.ch\/wp-content\/uploads\/2025\/03\/Titelbild-Factsheet.png","width":2560,"height":1707,"caption":"Social Ad Insights \u2013 die erste unabh\u00e4ngige L\u00f6sung f\u00fcr detaillierte Werbe- und Nutzerstrukturanalysen auf mobilen Plattformen."},{"@type":"BreadcrumbList","@id":"https:\/\/mediafocus.ch\/fr\/produits\/social-ad-insights\/#breadcrumb","itemListElement":[{"@type":"ListItem","position":1,"name":"Home","item":"https:\/\/mediafocus.ch\/fr\/"},{"@type":"ListItem","position":2,"name":"Produits","item":"https:\/\/mediafocus.ch\/fr\/produits\/"},{"@type":"ListItem","position":3,"name":"Social Ad Insights"}]},{"@type":"WebSite","@id":"https:\/\/mediafocus.ch\/fr\/#website","url":"https:\/\/mediafocus.ch\/fr\/","name":"Media Focus","description":"Data driven insights","publisher":{"@id":"https:\/\/mediafocus.ch\/fr\/#organization"},"potentialAction":[{"@type":"SearchAction","target":{"@type":"EntryPoint","urlTemplate":"https:\/\/mediafocus.ch\/fr\/?s={search_term_string}"},"query-input":{"@type":"PropertyValueSpecification","valueRequired":true,"valueName":"search_term_string"}}],"inLanguage":"fr-FR"},{"@type":"Organization","@id":"https:\/\/mediafocus.ch\/fr\/#organization","name":"Media Focus","url":"https:\/\/mediafocus.ch\/fr\/","logo":{"@type":"ImageObject","inLanguage":"fr-FR","@id":"https:\/\/mediafocus.ch\/fr\/#\/schema\/logo\/image\/","url":"https:\/\/mediafocus.ch\/wp-content\/uploads\/2022\/05\/media-focus-logo-mit-claim.svg","contentUrl":"https:\/\/mediafocus.ch\/wp-content\/uploads\/2022\/05\/media-focus-logo-mit-claim.svg","caption":"Media Focus"},"image":{"@id":"https:\/\/mediafocus.ch\/fr\/#\/schema\/logo\/image\/"}}]}},"_links":{"self":[{"href":"https:\/\/mediafocus.ch\/fr\/wp-json\/wp\/v2\/pages\/239086","targetHints":{"allow":["GET"]}}],"collection":[{"href":"https:\/\/mediafocus.ch\/fr\/wp-json\/wp\/v2\/pages"}],"about":[{"href":"https:\/\/mediafocus.ch\/fr\/wp-json\/wp\/v2\/types\/page"}],"author":[{"embeddable":true,"href":"https:\/\/mediafocus.ch\/fr\/wp-json\/wp\/v2\/users\/2"}],"replies":[{"embeddable":true,"href":"https:\/\/mediafocus.ch\/fr\/wp-json\/wp\/v2\/comments?post=239086"}],"version-history":[{"count":6,"href":"https:\/\/mediafocus.ch\/fr\/wp-json\/wp\/v2\/pages\/239086\/revisions"}],"predecessor-version":[{"id":391981,"href":"https:\/\/mediafocus.ch\/fr\/wp-json\/wp\/v2\/pages\/239086\/revisions\/391981"}],"up":[{"embeddable":true,"href":"https:\/\/mediafocus.ch\/fr\/wp-json\/wp\/v2\/pages\/7370"}],"wp:featuredmedia":[{"embeddable":true,"href":"https:\/\/mediafocus.ch\/fr\/wp-json\/wp\/v2\/media\/251969"}],"wp:attachment":[{"href":"https:\/\/mediafocus.ch\/fr\/wp-json\/wp\/v2\/media?parent=239086"}],"curies":[{"name":"wp","href":"https:\/\/api.w.org\/{rel}","templated":true}]}}