{"id":277567,"date":"2025-08-26T12:00:00","date_gmt":"2025-08-26T10:00:00","guid":{"rendered":"https:\/\/mediafocus.ch\/?page_id=277567"},"modified":"2026-02-11T10:22:58","modified_gmt":"2026-02-11T09:22:58","slug":"sponsoring","status":"publish","type":"page","link":"https:\/\/mediafocus.ch\/fr\/produits\/sponsoring\/","title":{"rendered":"Sponsoring"},"content":{"rendered":"\n<div style=\"height:52px\" aria-hidden=\"true\" class=\"wp-block-spacer\"><\/div>\n\n\n\n<div class=\"wp-block-group is-layout-flow wp-block-group-is-layout-flow\">\n<div class=\"wp-block-columns container-xxl is-layout-flex wp-container-core-columns-is-layout-9d6595d7 wp-block-columns-is-layout-flex\">\n<div class=\"wp-block-column is-layout-flow wp-block-column-is-layout-flow\">\n<h1 class=\"wp-block-heading has-text-color\" style=\"color:#bd50bf;font-size:53px\">Sponsoring<\/h1>\n\n\n<\/div>\n\n\n\n<div class=\"wp-block-column is-layout-flow wp-block-column-is-layout-flow\">\n<figure class=\"wp-block-image alignleft size-full\"><img loading=\"lazy\" decoding=\"async\" width=\"2048\" height=\"1366\" src=\"https:\/\/mediafocus.ch\/wp-content\/uploads\/2026\/02\/FR-Bild-Sponsoring.png\" alt=\"\" class=\"wp-image-523590\" srcset=\"https:\/\/mediafocus.ch\/wp-content\/uploads\/2026\/02\/FR-Bild-Sponsoring.png 2048w, https:\/\/mediafocus.ch\/wp-content\/uploads\/2026\/02\/FR-Bild-Sponsoring-300x200.png 300w, https:\/\/mediafocus.ch\/wp-content\/uploads\/2026\/02\/FR-Bild-Sponsoring-1024x683.png 1024w, https:\/\/mediafocus.ch\/wp-content\/uploads\/2026\/02\/FR-Bild-Sponsoring-768x512.png 768w, https:\/\/mediafocus.ch\/wp-content\/uploads\/2026\/02\/FR-Bild-Sponsoring-1536x1025.png 1536w\" sizes=\"auto, (max-width: 2048px) 100vw, 2048px\" \/><\/figure>\n<\/div>\n\n\n\n<div class=\"wp-block-column is-layout-flow wp-block-column-is-layout-flow\">\n<p>Nous connaissons la <strong>Sponsoring-Media-Value<\/strong> de plus de 160 sponsors lors de plus de 330 manifestations sportives dans 23 disciplines ainsi que de 28 \u00e9v\u00e9nements de divertissement, et nous pouvons vous montrer \u00e0 quel point votre <strong>engagement en sponsoring a \u00e9t\u00e9 performant dans son ensemble<\/strong>.<\/p>\n<\/div>\n<\/div>\n<\/div>\n\n\n\n<div style=\"height:32px\" aria-hidden=\"true\" class=\"wp-block-spacer\"><\/div>\n\n\n\n<div class=\"wp-block-columns alignwide container-xxl is-layout-flex wp-container-core-columns-is-layout-829b1d53 wp-block-columns-is-layout-flex\" style=\"margin-bottom:0\">\n<div class=\"wp-block-column has-white-000-background-color has-text-color has-background has-link-color wp-elements-62b67ae7c1696a703132e17229d12528 is-layout-flow wp-block-column-is-layout-flow\" style=\"color:#000000;padding-top:2em;padding-right:2em;padding-bottom:2em;padding-left:2em\">\n<h2 class=\"wp-block-heading has-text-color has-link-color wp-elements-bcc02578f43a14eb678466baa29ac65e\" id=\"single\" style=\"color:#bd50bf;font-size:40px\"><strong>Statistiques de sponsoring<\/strong><\/h2>\n\n\n\n<p class=\"has-normal-font-size\" style=\"line-height:1.5\"><strong>Sponsoring dans le benchmark<\/strong><\/p>\n\n\n\n<hr class=\"wp-block-separator has-text-color has-css-opacity has-background is-style-default\" style=\"background-color:#000000;color:#000000\"\/>\n\n\n\n<p style=\"font-size:20px\"><br>Nous tenons des statistiques de sponsoring uniques, qui mesurent l&rsquo;engagement m\u00e9diatique des sponsors aupr\u00e8s des clubs et des \u00e9v\u00e9nements, et ce de mani\u00e8re continue !<\/p>\n\n\n\n<div class=\"wp-block-buttons alignfull is-horizontal is-content-justification-center is-layout-flex wp-container-core-buttons-is-layout-499968f5 wp-block-buttons-is-layout-flex\">\n<div class=\"wp-block-button has-custom-width wp-block-button__width-100 is-style-fill\"><a class=\"wp-block-button__link has-white-color has-turqoise-500-background-color has-text-color has-background no-border-radius wp-element-button\" href=\"#Sponsoring-Statistik\">En savoir plus<\/a><\/div>\n<\/div>\n<\/div>\n\n\n\n<div class=\"wp-block-column has-white-000-background-color has-text-color has-background has-link-color wp-elements-f6143bca5d7fa739a6f1429cdab7a439 is-layout-flow wp-block-column-is-layout-flow\" style=\"color:#000000;padding-top:2em;padding-right:2em;padding-bottom:2em;padding-left:2em\">\n<h2 class=\"wp-block-heading has-text-color has-link-color wp-elements-51b1de269e696ded9eb974d77a154588\" id=\"patron\" style=\"color:#bd50bf;font-size:40px\"><strong>Analyse de sponsoring<\/strong><\/h2>\n\n\n\n<p class=\"has-normal-font-size\"><strong>Insights individuels<\/strong><\/p>\n\n\n\n<hr class=\"wp-block-separator has-text-color has-css-opacity has-background is-style-default\" style=\"background-color:#000000;color:#000000\"\/>\n\n\n\n<p style=\"font-size:20px\"><br>Nous proposons des analyses sur mesure couvrant l\u2019ensemble du sponsoring, des canaux m\u00e9diatiques aux activations sur site.<\/p>\n\n\n\n<div style=\"height:26px\" aria-hidden=\"true\" class=\"wp-block-spacer\"><\/div>\n\n\n\n<div class=\"wp-block-buttons alignfull is-horizontal is-content-justification-center is-layout-flex wp-container-core-buttons-is-layout-499968f5 wp-block-buttons-is-layout-flex\">\n<div class=\"wp-block-button has-custom-width wp-block-button__width-100\"><a class=\"wp-block-button__link has-white-color has-turqoise-500-background-color has-text-color has-background no-border-radius wp-element-button\" href=\"#Sponsoring-Analyse\">En savoir plus<\/a><\/div>\n<\/div>\n<\/div>\n<\/div>\n\n\n\n<div style=\"height:69px\" aria-hidden=\"true\" class=\"wp-block-spacer\"><\/div>\n\n\n\n\n\n<div style=\"height:53px\" aria-hidden=\"true\" class=\"wp-block-spacer\"><\/div>\n\n\n\n\n\n<div style=\"height:53px\" aria-hidden=\"true\" class=\"wp-block-spacer\"><\/div>\n\n\n\n\n\n\n\n\n\n<section class=\"wp-block-xeit-newsletter section section-form newsletter\" id=\"newsletter-form\" style=\"background-color:#0942bd\"><div class=\"container-medium\"><div class=\"row\"><div class=\"col-lg-5\"><section>\n<h3 class=\"wp-block-heading has-white-000-color has-text-color\">N\u2019h\u00e9sitez pas \u00e0 nous contacter.<\/h3>\n\n\n\n<p class=\"has-white-000-color has-text-color\"><br>Notre \u00e9quipe Conseil et Analyse se fera un plaisir de vous aider.<\/p>\n<\/section><\/div><div class=\"col-lg-6 pl-xl-9\"><div class=\"contactInfo\" style=\"display:flex;gap:20px;margin:20px 0;font-size:xx-large;flex-direction:column\"><div class=\"telInfo mediafocus-wite\" style=\"display:flex;gap:20px\"><img decoding=\"async\" class=\"\" src=\"https:\/\/mediafocus.ch\/wp-content\/themes\/mediafocus-ch\/images\/icons\/phone.svg\"\/><a><a href=\"tel:+41453222750\">T +41 43 322 27 50<\/a><\/a><\/div><div class=\"mailInfo mediafocus-wite\" style=\"display:flex;gap:20px\"><img decoding=\"async\" class=\"\" src=\"https:\/\/mediafocus.ch\/wp-content\/themes\/mediafocus-ch\/images\/icons\/mail.svg\"\/><a><a href=\"mailto:mediafocus@mediafocus.ch\">mediafocus@mediafocus.ch<\/a><\/a><\/div><\/div><input type=\"submit\" value=\"Contactez nous\" class=\"btn btn-outline-white\" data-mf-button=\"modalWindow-5b8c663c-26df-478b-8611-61df1bc36f24\"\/><div class=\"modal\" id=\"modalWindow-5b8c663c-26df-478b-8611-61df1bc36f24\" data-mf-modal=\"modal\"><div class=\"modal__dialog\"><div class=\"modal__content\"><div class=\"modal__body\"><div class=\"ratio ratio--4x3\"><iframe class=\"modal__iframe\" src=\"https:\/\/online3.superoffice.com\/Cust27000\/CS\/scripts\/customer.fcgi?action=formFrame&amp;formId=F-php5jCan\"><\/iframe><\/div><\/div><\/div><\/div><\/div><div class=\"modal__backdrop\" id=\"modalBackdrop\"><\/div><\/div><\/div><\/div><\/section>\n","protected":false},"excerpt":{"rendered":"<p>Sponsoring Nous connaissons la Sponsoring-Media-Value de plus de 160 sponsors lors de plus de 330 manifestations sportives dans 23 disciplines ainsi que de 28 \u00e9v\u00e9nements de divertissement, et nous pouvons vous montrer \u00e0 quel point votre engagement en sponsoring a \u00e9t\u00e9 performant dans son ensemble. Statistiques de sponsoring Sponsoring dans le benchmark Nous tenons des [&hellip;]<\/p>\n","protected":false},"author":2,"featured_media":0,"parent":7370,"menu_order":3,"comment_status":"closed","ping_status":"closed","template":"","meta":{"footnotes":""},"class_list":["post-277567","page","type-page","status-publish","hentry"],"yoast_head":"<!-- This site is optimized with the Yoast SEO plugin v27.4 - https:\/\/yoast.com\/product\/yoast-seo-wordpress\/ -->\n<title>Sponsoring - Media Focus<\/title>\n<meta name=\"description\" content=\"Gr\u00e2ce \u00e0 nos analyses de sponsoring, nous mesurons et \u00e9valuons la visibilit\u00e9 des sponsors dans les m\u00e9dias traditionnels et num\u00e9riques.\" \/>\n<meta name=\"robots\" content=\"index, follow, max-snippet:-1, max-image-preview:large, max-video-preview:-1\" \/>\n<link rel=\"canonical\" href=\"https:\/\/mediafocus.ch\/fr\/produits\/sponsoring\/\" \/>\n<meta property=\"og:locale\" content=\"fr_FR\" \/>\n<meta property=\"og:type\" content=\"article\" \/>\n<meta property=\"og:title\" content=\"Sponsoring - Media Focus\" \/>\n<meta property=\"og:description\" content=\"Gr\u00e2ce \u00e0 nos analyses de sponsoring, nous mesurons et \u00e9valuons la visibilit\u00e9 des sponsors dans les m\u00e9dias traditionnels et num\u00e9riques.\" \/>\n<meta property=\"og:url\" content=\"https:\/\/mediafocus.ch\/fr\/produits\/sponsoring\/\" \/>\n<meta property=\"og:site_name\" content=\"Media Focus\" \/>\n<meta property=\"article:modified_time\" content=\"2026-02-11T09:22:58+00:00\" \/>\n<meta property=\"og:image\" content=\"https:\/\/mediafocus.ch\/wp-content\/uploads\/2026\/02\/FR-Bild-Sponsoring-1024x683.png\" \/>\n\t<meta property=\"og:image:width\" content=\"1024\" \/>\n\t<meta property=\"og:image:height\" content=\"683\" \/>\n\t<meta property=\"og:image:type\" content=\"image\/png\" \/>\n<meta name=\"twitter:card\" content=\"summary_large_image\" \/>\n<meta name=\"twitter:label1\" content=\"Dur\u00e9e de lecture estim\u00e9e\" \/>\n\t<meta name=\"twitter:data1\" content=\"7 minutes\" \/>\n<script type=\"application\/ld+json\" class=\"yoast-schema-graph\">{\"@context\":\"https:\\\/\\\/schema.org\",\"@graph\":[{\"@type\":\"WebPage\",\"@id\":\"https:\\\/\\\/mediafocus.ch\\\/fr\\\/produits\\\/sponsoring\\\/\",\"url\":\"https:\\\/\\\/mediafocus.ch\\\/fr\\\/produits\\\/sponsoring\\\/\",\"name\":\"Sponsoring - Media Focus\",\"isPartOf\":{\"@id\":\"https:\\\/\\\/mediafocus.ch\\\/fr\\\/#website\"},\"primaryImageOfPage\":{\"@id\":\"https:\\\/\\\/mediafocus.ch\\\/fr\\\/produits\\\/sponsoring\\\/#primaryimage\"},\"image\":{\"@id\":\"https:\\\/\\\/mediafocus.ch\\\/fr\\\/produits\\\/sponsoring\\\/#primaryimage\"},\"thumbnailUrl\":\"https:\\\/\\\/mediafocus.ch\\\/wp-content\\\/uploads\\\/2026\\\/02\\\/FR-Bild-Sponsoring.png\",\"datePublished\":\"2025-08-26T10:00:00+00:00\",\"dateModified\":\"2026-02-11T09:22:58+00:00\",\"description\":\"Gr\u00e2ce \u00e0 nos analyses de sponsoring, nous mesurons et \u00e9valuons la visibilit\u00e9 des sponsors dans les m\u00e9dias traditionnels et num\u00e9riques.\",\"breadcrumb\":{\"@id\":\"https:\\\/\\\/mediafocus.ch\\\/fr\\\/produits\\\/sponsoring\\\/#breadcrumb\"},\"inLanguage\":\"fr-FR\",\"potentialAction\":[{\"@type\":\"ReadAction\",\"target\":[\"https:\\\/\\\/mediafocus.ch\\\/fr\\\/produits\\\/sponsoring\\\/\"]}]},{\"@type\":\"ImageObject\",\"inLanguage\":\"fr-FR\",\"@id\":\"https:\\\/\\\/mediafocus.ch\\\/fr\\\/produits\\\/sponsoring\\\/#primaryimage\",\"url\":\"https:\\\/\\\/mediafocus.ch\\\/wp-content\\\/uploads\\\/2026\\\/02\\\/FR-Bild-Sponsoring.png\",\"contentUrl\":\"https:\\\/\\\/mediafocus.ch\\\/wp-content\\\/uploads\\\/2026\\\/02\\\/FR-Bild-Sponsoring.png\"},{\"@type\":\"BreadcrumbList\",\"@id\":\"https:\\\/\\\/mediafocus.ch\\\/fr\\\/produits\\\/sponsoring\\\/#breadcrumb\",\"itemListElement\":[{\"@type\":\"ListItem\",\"position\":1,\"name\":\"Home\",\"item\":\"https:\\\/\\\/mediafocus.ch\\\/fr\\\/\"},{\"@type\":\"ListItem\",\"position\":2,\"name\":\"Produits\",\"item\":\"https:\\\/\\\/mediafocus.ch\\\/fr\\\/produits\\\/\"},{\"@type\":\"ListItem\",\"position\":3,\"name\":\"Sponsoring\"}]},{\"@type\":\"WebSite\",\"@id\":\"https:\\\/\\\/mediafocus.ch\\\/fr\\\/#website\",\"url\":\"https:\\\/\\\/mediafocus.ch\\\/fr\\\/\",\"name\":\"Media Focus\",\"description\":\"Data driven insights\",\"publisher\":{\"@id\":\"https:\\\/\\\/mediafocus.ch\\\/fr\\\/#organization\"},\"potentialAction\":[{\"@type\":\"SearchAction\",\"target\":{\"@type\":\"EntryPoint\",\"urlTemplate\":\"https:\\\/\\\/mediafocus.ch\\\/fr\\\/?s={search_term_string}\"},\"query-input\":{\"@type\":\"PropertyValueSpecification\",\"valueRequired\":true,\"valueName\":\"search_term_string\"}}],\"inLanguage\":\"fr-FR\"},{\"@type\":\"Organization\",\"@id\":\"https:\\\/\\\/mediafocus.ch\\\/fr\\\/#organization\",\"name\":\"Media Focus\",\"url\":\"https:\\\/\\\/mediafocus.ch\\\/fr\\\/\",\"logo\":{\"@type\":\"ImageObject\",\"inLanguage\":\"fr-FR\",\"@id\":\"https:\\\/\\\/mediafocus.ch\\\/fr\\\/#\\\/schema\\\/logo\\\/image\\\/\",\"url\":\"https:\\\/\\\/mediafocus.ch\\\/wp-content\\\/uploads\\\/2022\\\/05\\\/media-focus-logo-mit-claim.svg\",\"contentUrl\":\"https:\\\/\\\/mediafocus.ch\\\/wp-content\\\/uploads\\\/2022\\\/05\\\/media-focus-logo-mit-claim.svg\",\"caption\":\"Media Focus\"},\"image\":{\"@id\":\"https:\\\/\\\/mediafocus.ch\\\/fr\\\/#\\\/schema\\\/logo\\\/image\\\/\"}}]}<\/script>\n<!-- \/ Yoast SEO plugin. -->","yoast_head_json":{"title":"Sponsoring - Media Focus","description":"Gr\u00e2ce \u00e0 nos analyses de sponsoring, nous mesurons et \u00e9valuons la visibilit\u00e9 des sponsors dans les m\u00e9dias traditionnels et num\u00e9riques.","robots":{"index":"index","follow":"follow","max-snippet":"max-snippet:-1","max-image-preview":"max-image-preview:large","max-video-preview":"max-video-preview:-1"},"canonical":"https:\/\/mediafocus.ch\/fr\/produits\/sponsoring\/","og_locale":"fr_FR","og_type":"article","og_title":"Sponsoring - Media Focus","og_description":"Gr\u00e2ce \u00e0 nos analyses de sponsoring, nous mesurons et \u00e9valuons la visibilit\u00e9 des sponsors dans les m\u00e9dias traditionnels et num\u00e9riques.","og_url":"https:\/\/mediafocus.ch\/fr\/produits\/sponsoring\/","og_site_name":"Media Focus","article_modified_time":"2026-02-11T09:22:58+00:00","og_image":[{"width":1024,"height":683,"url":"https:\/\/mediafocus.ch\/wp-content\/uploads\/2026\/02\/FR-Bild-Sponsoring-1024x683.png","type":"image\/png"}],"twitter_card":"summary_large_image","twitter_misc":{"Dur\u00e9e de lecture estim\u00e9e":"7 minutes"},"schema":{"@context":"https:\/\/schema.org","@graph":[{"@type":"WebPage","@id":"https:\/\/mediafocus.ch\/fr\/produits\/sponsoring\/","url":"https:\/\/mediafocus.ch\/fr\/produits\/sponsoring\/","name":"Sponsoring - Media Focus","isPartOf":{"@id":"https:\/\/mediafocus.ch\/fr\/#website"},"primaryImageOfPage":{"@id":"https:\/\/mediafocus.ch\/fr\/produits\/sponsoring\/#primaryimage"},"image":{"@id":"https:\/\/mediafocus.ch\/fr\/produits\/sponsoring\/#primaryimage"},"thumbnailUrl":"https:\/\/mediafocus.ch\/wp-content\/uploads\/2026\/02\/FR-Bild-Sponsoring.png","datePublished":"2025-08-26T10:00:00+00:00","dateModified":"2026-02-11T09:22:58+00:00","description":"Gr\u00e2ce \u00e0 nos analyses de sponsoring, nous mesurons et \u00e9valuons la visibilit\u00e9 des sponsors dans les m\u00e9dias traditionnels et num\u00e9riques.","breadcrumb":{"@id":"https:\/\/mediafocus.ch\/fr\/produits\/sponsoring\/#breadcrumb"},"inLanguage":"fr-FR","potentialAction":[{"@type":"ReadAction","target":["https:\/\/mediafocus.ch\/fr\/produits\/sponsoring\/"]}]},{"@type":"ImageObject","inLanguage":"fr-FR","@id":"https:\/\/mediafocus.ch\/fr\/produits\/sponsoring\/#primaryimage","url":"https:\/\/mediafocus.ch\/wp-content\/uploads\/2026\/02\/FR-Bild-Sponsoring.png","contentUrl":"https:\/\/mediafocus.ch\/wp-content\/uploads\/2026\/02\/FR-Bild-Sponsoring.png"},{"@type":"BreadcrumbList","@id":"https:\/\/mediafocus.ch\/fr\/produits\/sponsoring\/#breadcrumb","itemListElement":[{"@type":"ListItem","position":1,"name":"Home","item":"https:\/\/mediafocus.ch\/fr\/"},{"@type":"ListItem","position":2,"name":"Produits","item":"https:\/\/mediafocus.ch\/fr\/produits\/"},{"@type":"ListItem","position":3,"name":"Sponsoring"}]},{"@type":"WebSite","@id":"https:\/\/mediafocus.ch\/fr\/#website","url":"https:\/\/mediafocus.ch\/fr\/","name":"Media Focus","description":"Data driven insights","publisher":{"@id":"https:\/\/mediafocus.ch\/fr\/#organization"},"potentialAction":[{"@type":"SearchAction","target":{"@type":"EntryPoint","urlTemplate":"https:\/\/mediafocus.ch\/fr\/?s={search_term_string}"},"query-input":{"@type":"PropertyValueSpecification","valueRequired":true,"valueName":"search_term_string"}}],"inLanguage":"fr-FR"},{"@type":"Organization","@id":"https:\/\/mediafocus.ch\/fr\/#organization","name":"Media Focus","url":"https:\/\/mediafocus.ch\/fr\/","logo":{"@type":"ImageObject","inLanguage":"fr-FR","@id":"https:\/\/mediafocus.ch\/fr\/#\/schema\/logo\/image\/","url":"https:\/\/mediafocus.ch\/wp-content\/uploads\/2022\/05\/media-focus-logo-mit-claim.svg","contentUrl":"https:\/\/mediafocus.ch\/wp-content\/uploads\/2022\/05\/media-focus-logo-mit-claim.svg","caption":"Media Focus"},"image":{"@id":"https:\/\/mediafocus.ch\/fr\/#\/schema\/logo\/image\/"}}]}},"_links":{"self":[{"href":"https:\/\/mediafocus.ch\/fr\/wp-json\/wp\/v2\/pages\/277567","targetHints":{"allow":["GET"]}}],"collection":[{"href":"https:\/\/mediafocus.ch\/fr\/wp-json\/wp\/v2\/pages"}],"about":[{"href":"https:\/\/mediafocus.ch\/fr\/wp-json\/wp\/v2\/types\/page"}],"author":[{"embeddable":true,"href":"https:\/\/mediafocus.ch\/fr\/wp-json\/wp\/v2\/users\/2"}],"replies":[{"embeddable":true,"href":"https:\/\/mediafocus.ch\/fr\/wp-json\/wp\/v2\/comments?post=277567"}],"version-history":[{"count":22,"href":"https:\/\/mediafocus.ch\/fr\/wp-json\/wp\/v2\/pages\/277567\/revisions"}],"predecessor-version":[{"id":523637,"href":"https:\/\/mediafocus.ch\/fr\/wp-json\/wp\/v2\/pages\/277567\/revisions\/523637"}],"up":[{"embeddable":true,"href":"https:\/\/mediafocus.ch\/fr\/wp-json\/wp\/v2\/pages\/7370"}],"wp:attachment":[{"href":"https:\/\/mediafocus.ch\/fr\/wp-json\/wp\/v2\/media?parent=277567"}],"curies":[{"name":"wp","href":"https:\/\/api.w.org\/{rel}","templated":true}]}}