{"id":7356,"date":"2022-04-06T22:28:56","date_gmt":"2022-04-06T20:28:56","guid":{"rendered":"https:\/\/mediafocus.ch\/?page_id=7356"},"modified":"2023-05-19T10:39:22","modified_gmt":"2023-05-19T08:39:22","slug":"competences","status":"publish","type":"page","link":"https:\/\/mediafocus.ch\/fr\/competences\/","title":{"rendered":"Comp\u00e9tences"},"content":{"rendered":"\n<div class=\"wp-block-cover is-light\" style=\"min-height:700px;aspect-ratio:unset;\"><span aria-hidden=\"true\" class=\"wp-block-cover__background has-background-dim-0 has-background-dim\"><\/span><img loading=\"lazy\" decoding=\"async\" width=\"1500\" height=\"542\" class=\"wp-block-cover__image-background wp-image-1520\" alt=\"\" src=\"https:\/\/mediafocus.ch\/wp-content\/uploads\/2022\/02\/Titelbild-Kompetenzen-1.png\" data-object-fit=\"cover\" srcset=\"https:\/\/mediafocus.ch\/wp-content\/uploads\/2022\/02\/Titelbild-Kompetenzen-1.png 1500w, https:\/\/mediafocus.ch\/wp-content\/uploads\/2022\/02\/Titelbild-Kompetenzen-1-300x108.png 300w, https:\/\/mediafocus.ch\/wp-content\/uploads\/2022\/02\/Titelbild-Kompetenzen-1-1024x370.png 1024w, https:\/\/mediafocus.ch\/wp-content\/uploads\/2022\/02\/Titelbild-Kompetenzen-1-768x278.png 768w\" sizes=\"auto, (max-width: 1500px) 100vw, 1500px\" \/><div class=\"wp-block-cover__inner-container is-layout-flow wp-block-cover-is-layout-flow\">\n<p class=\"has-text-align-center has-large-font-size\"> <\/p>\n<\/div><\/div>\n\n\n\n\n\n<div style=\"height:100px\" aria-hidden=\"true\" class=\"wp-block-spacer\"><\/div>\n\n\n\n<div class=\"wp-block-group is-layout-flow wp-block-group-is-layout-flow\">\n<div class=\"wp-block-columns container-xxl is-layout-flex wp-container-core-columns-is-layout-9d6595d7 wp-block-columns-is-layout-flex\">\n<div class=\"wp-block-column is-layout-flow wp-block-column-is-layout-flow\">\n<h1 class=\"wp-block-heading has-turqoise-500-color has-text-color\">Comp\u00e9tences<\/h1>\n<\/div>\n\n\n\n<div class=\"wp-block-column is-layout-flow wp-block-column-is-layout-flow\">\n<p>En tant qu\u2019entreprise neutre et ind\u00e9pendante d\u2019analyse des m\u00e9dias, nous aidons les marques \u00e0 acqu\u00e9rir une vue d\u2019ensemble de leur pr\u00e9sence par rapport \u00e0 la concurrence et au reste de l\u2019industrie gr\u00e2ce \u00e0 nos donn\u00e9es et analyses compl\u00e8tes en mati\u00e8re de publicit\u00e9, de communication et de sponsoring, afin de leur permettre d\u2019atteindre leurs objectifs \u00e9conomiques et commerciaux.<\/p>\n<\/div>\n<\/div>\n<\/div>\n\n\n\n<div style=\"height:100px\" aria-hidden=\"true\" class=\"wp-block-spacer\"><\/div>\n\n\n\n<div class=\"wp-block-media-text alignwide has-media-on-the-right is-stacked-on-mobile has-turqoise-500-background-color has-background\"><div class=\"wp-block-media-text__content\">\n<h2 class=\"wp-block-heading is-style-checkmark-heading has-white-000-color has-text-color has-large-font-size\">Comp\u00e9tences<\/h2>\n\n\n\n<p class=\"has-white-000-color has-text-color\">Media&nbsp;Focus collecte toutes les donn\u00e9es et cr\u00e9ations publicitaires pertinentes provenant de plus de 93&nbsp;000&nbsp;entreprises suisses et concernant plus de 220&nbsp;000&nbsp;marques et produits. Ces derniers sont r\u00e9partis en 21&nbsp;secteurs, 130&nbsp;groupes de produits et 900&nbsp;segments de produits.<\/p>\n\n\n\n<p class=\"has-white-000-color has-text-color\">Chaque jour, nous observons plus de 600&nbsp;entreprises dans les m\u00e9dias classiques et num\u00e9riques et analysons le comportement de sponsoring lors de manifestations sportives et culturelles et d\u2019\u00e9v\u00e9nements.<\/p>\n<\/div><figure class=\"wp-block-media-text__media\"><img decoding=\"async\" src=\"https:\/\/mediafocus.ch\/wp-content\/uploads\/2022\/03\/Kompetenzen-klein-1024x730.png\" alt=\"Mehrere Media Focus Mitarbeiter an einem Tisch in einer Diskussion\" class=\"wp-image-2153 size-full\"\/><\/figure><\/div>\n\n\n\n<section class=\"wp-block-group container container-medium is-layout-flow wp-block-group-is-layout-flow\">\n<div style=\"height:100px\" aria-hidden=\"true\" class=\"wp-block-spacer\"><\/div>\n\n\n\n<h4 class=\"wp-block-heading\"><strong><strong><strong>Nos comp\u00e9tences, vos avantages<\/strong><\/strong><\/strong><\/h4>\n\n\n\n<ul class=\"wp-block-list\">\n<li>Des donn\u00e9es de publicit\u00e9, de communication et de sponsoring collect\u00e9es sur diff\u00e9rentes plateformes dans les m\u00e9dias classiques, num\u00e9riques et sociaux.<\/li>\n\n\n\n<li>Un aper\u00e7u complet des motifs et des publications de campagne, y compris du budget publicitaire.<\/li>\n\n\n\n<li>Une offre unique en Suisse d\u2019analyses circonstanci\u00e9es et sur mesure en mati\u00e8re de marketing, de communication et de sponsoring pour votre observation de la concurrence et du march\u00e9.<\/li>\n\n\n\n<li>Des outils d\u2019analyse faciles d\u2019acc\u00e8s avec des mod\u00e8les de rapports d\u00e9taill\u00e9s et la possibilit\u00e9 de personnaliser vos propres rapports.<\/li>\n\n\n\n<li>Une \u00e9quipe comp\u00e9tente et motiv\u00e9e.<\/li>\n<\/ul>\n\n\n\n<div style=\"height:20px\" aria-hidden=\"true\" class=\"wp-block-spacer\"><\/div>\n<\/section>\n\n\n\n\n\n<div class=\"wp-block-cover is-light\" style=\"min-height:409px;aspect-ratio:unset;\"><span aria-hidden=\"true\" class=\"wp-block-cover__background has-background-dim-0 has-background-dim\"><\/span><img loading=\"lazy\" decoding=\"async\" width=\"1921\" height=\"825\" class=\"wp-block-cover__image-background wp-image-143\" alt=\"\" src=\"https:\/\/mediafocus.ch\/wp-content\/uploads\/2021\/12\/AHerger_20211130_AHE_17808.jpg\" data-object-fit=\"cover\" srcset=\"https:\/\/mediafocus.ch\/wp-content\/uploads\/2021\/12\/AHerger_20211130_AHE_17808.jpg 1921w, https:\/\/mediafocus.ch\/wp-content\/uploads\/2021\/12\/AHerger_20211130_AHE_17808-300x129.jpg 300w, https:\/\/mediafocus.ch\/wp-content\/uploads\/2021\/12\/AHerger_20211130_AHE_17808-1024x440.jpg 1024w, https:\/\/mediafocus.ch\/wp-content\/uploads\/2021\/12\/AHerger_20211130_AHE_17808-768x330.jpg 768w, https:\/\/mediafocus.ch\/wp-content\/uploads\/2021\/12\/AHerger_20211130_AHE_17808-1536x660.jpg 1536w\" sizes=\"auto, (max-width: 1921px) 100vw, 1921px\" \/><div class=\"wp-block-cover__inner-container is-layout-flow wp-block-cover-is-layout-flow\">\n<p class=\"has-text-align-center has-large-font-size\"><\/p>\n<\/div><\/div>\n\n\n\n<section class=\"wp-block-xeit-newsletter section section-form newsletter\" id=\"newsletter-form\" style=\"background-color:#2dcfb7\"><div class=\"container-medium\"><div class=\"row\"><div class=\"col-lg-5\"><section>\n<h4 class=\"wp-block-heading has-white-000-color has-text-color\">Inscrivez-vous \u00e0 notre newsletter et recevez les derni\u00e8res informations directement dans votre bo\u00eete mail.<\/h4>\n<\/section><\/div><div class=\"col-lg-6 pl-xl-9\"><input type=\"submit\" value=\"S\u2019abonner \u00e0 la newsletter\" class=\"btn btn-outline-white\" data-mf-button=\"modalWindow-eb545d32-db52-4306-909b-ab02a2ade734\"\/><div class=\"modal\" id=\"modalWindow-eb545d32-db52-4306-909b-ab02a2ade734\" data-mf-modal=\"modal\"><div class=\"modal__dialog\"><div class=\"modal__content\"><div class=\"modal__body\"><div class=\"ratio ratio--4x3\"><iframe class=\"modal__iframe\" src=\"https:\/\/online3.superoffice.com\/Cust27000\/CS\/scripts\/customer.fcgi?action=formFrame&amp;formId=F-db44GzIP\"><\/iframe><\/div><\/div><\/div><\/div><\/div><div class=\"modal__backdrop\" id=\"modalBackdrop\"><\/div><\/div><\/div><\/div><\/section>\n","protected":false},"excerpt":{"rendered":"<p>Comp\u00e9tences En tant qu\u2019entreprise neutre et ind\u00e9pendante d\u2019analyse des m\u00e9dias, nous aidons les marques \u00e0 acqu\u00e9rir une vue d\u2019ensemble de leur pr\u00e9sence par rapport \u00e0 la concurrence et au reste de l\u2019industrie gr\u00e2ce \u00e0 nos donn\u00e9es et analyses compl\u00e8tes en mati\u00e8re de publicit\u00e9, de communication et de sponsoring, afin de leur permettre d\u2019atteindre leurs objectifs [&hellip;]<\/p>\n","protected":false},"author":2,"featured_media":0,"parent":0,"menu_order":2,"comment_status":"closed","ping_status":"closed","template":"","meta":{"footnotes":""},"class_list":["post-7356","page","type-page","status-publish","hentry"],"yoast_head":"<!-- This site is optimized with the Yoast SEO plugin v27.4 - https:\/\/yoast.com\/product\/yoast-seo-wordpress\/ -->\n<title>Comp\u00e9tences - Media Focus<\/title>\n<meta name=\"description\" content=\"Media Focus rassemble toutes les donn\u00e9es et cr\u00e9ations publicitaires pertinentes en Suisse et offre d&#039;innombrables possibilit\u00e9s d&#039;analyse !\" \/>\n<meta name=\"robots\" content=\"index, follow, max-snippet:-1, max-image-preview:large, max-video-preview:-1\" \/>\n<link rel=\"canonical\" href=\"https:\/\/mediafocus.ch\/fr\/competences\/\" \/>\n<meta property=\"og:locale\" content=\"fr_FR\" \/>\n<meta property=\"og:type\" content=\"article\" \/>\n<meta property=\"og:title\" content=\"Comp\u00e9tences - Media Focus\" \/>\n<meta property=\"og:description\" content=\"Media Focus rassemble toutes les donn\u00e9es et cr\u00e9ations publicitaires pertinentes en Suisse et offre d&#039;innombrables possibilit\u00e9s d&#039;analyse !\" \/>\n<meta property=\"og:url\" content=\"https:\/\/mediafocus.ch\/fr\/competences\/\" \/>\n<meta property=\"og:site_name\" content=\"Media Focus\" \/>\n<meta property=\"article:modified_time\" content=\"2023-05-19T08:39:22+00:00\" \/>\n<meta property=\"og:image\" content=\"https:\/\/mediafocus.ch\/wp-content\/uploads\/2022\/02\/Titelbild-Kompetenzen-1.png\" \/>\n<meta name=\"twitter:card\" content=\"summary_large_image\" \/>\n<meta name=\"twitter:label1\" content=\"Dur\u00e9e de lecture estim\u00e9e\" \/>\n\t<meta name=\"twitter:data1\" content=\"2 minutes\" \/>\n<script type=\"application\/ld+json\" class=\"yoast-schema-graph\">{\"@context\":\"https:\\\/\\\/schema.org\",\"@graph\":[{\"@type\":\"WebPage\",\"@id\":\"https:\\\/\\\/mediafocus.ch\\\/fr\\\/competences\\\/\",\"url\":\"https:\\\/\\\/mediafocus.ch\\\/fr\\\/competences\\\/\",\"name\":\"Comp\u00e9tences - Media Focus\",\"isPartOf\":{\"@id\":\"https:\\\/\\\/mediafocus.ch\\\/fr\\\/#website\"},\"primaryImageOfPage\":{\"@id\":\"https:\\\/\\\/mediafocus.ch\\\/fr\\\/competences\\\/#primaryimage\"},\"image\":{\"@id\":\"https:\\\/\\\/mediafocus.ch\\\/fr\\\/competences\\\/#primaryimage\"},\"thumbnailUrl\":\"https:\\\/\\\/mediafocus.ch\\\/wp-content\\\/uploads\\\/2022\\\/02\\\/Titelbild-Kompetenzen-1.png\",\"datePublished\":\"2022-04-06T20:28:56+00:00\",\"dateModified\":\"2023-05-19T08:39:22+00:00\",\"description\":\"Media Focus rassemble toutes les donn\u00e9es et cr\u00e9ations publicitaires pertinentes en Suisse et offre d'innombrables possibilit\u00e9s d'analyse !\",\"breadcrumb\":{\"@id\":\"https:\\\/\\\/mediafocus.ch\\\/fr\\\/competences\\\/#breadcrumb\"},\"inLanguage\":\"fr-FR\",\"potentialAction\":[{\"@type\":\"ReadAction\",\"target\":[\"https:\\\/\\\/mediafocus.ch\\\/fr\\\/competences\\\/\"]}]},{\"@type\":\"ImageObject\",\"inLanguage\":\"fr-FR\",\"@id\":\"https:\\\/\\\/mediafocus.ch\\\/fr\\\/competences\\\/#primaryimage\",\"url\":\"https:\\\/\\\/mediafocus.ch\\\/wp-content\\\/uploads\\\/2022\\\/02\\\/Titelbild-Kompetenzen-1.png\",\"contentUrl\":\"https:\\\/\\\/mediafocus.ch\\\/wp-content\\\/uploads\\\/2022\\\/02\\\/Titelbild-Kompetenzen-1.png\"},{\"@type\":\"BreadcrumbList\",\"@id\":\"https:\\\/\\\/mediafocus.ch\\\/fr\\\/competences\\\/#breadcrumb\",\"itemListElement\":[{\"@type\":\"ListItem\",\"position\":1,\"name\":\"Home\",\"item\":\"https:\\\/\\\/mediafocus.ch\\\/fr\\\/\"},{\"@type\":\"ListItem\",\"position\":2,\"name\":\"Comp\u00e9tences\"}]},{\"@type\":\"WebSite\",\"@id\":\"https:\\\/\\\/mediafocus.ch\\\/fr\\\/#website\",\"url\":\"https:\\\/\\\/mediafocus.ch\\\/fr\\\/\",\"name\":\"Media Focus\",\"description\":\"Data driven insights\",\"publisher\":{\"@id\":\"https:\\\/\\\/mediafocus.ch\\\/fr\\\/#organization\"},\"potentialAction\":[{\"@type\":\"SearchAction\",\"target\":{\"@type\":\"EntryPoint\",\"urlTemplate\":\"https:\\\/\\\/mediafocus.ch\\\/fr\\\/?s={search_term_string}\"},\"query-input\":{\"@type\":\"PropertyValueSpecification\",\"valueRequired\":true,\"valueName\":\"search_term_string\"}}],\"inLanguage\":\"fr-FR\"},{\"@type\":\"Organization\",\"@id\":\"https:\\\/\\\/mediafocus.ch\\\/fr\\\/#organization\",\"name\":\"Media Focus\",\"url\":\"https:\\\/\\\/mediafocus.ch\\\/fr\\\/\",\"logo\":{\"@type\":\"ImageObject\",\"inLanguage\":\"fr-FR\",\"@id\":\"https:\\\/\\\/mediafocus.ch\\\/fr\\\/#\\\/schema\\\/logo\\\/image\\\/\",\"url\":\"https:\\\/\\\/mediafocus.ch\\\/wp-content\\\/uploads\\\/2022\\\/05\\\/media-focus-logo-mit-claim.svg\",\"contentUrl\":\"https:\\\/\\\/mediafocus.ch\\\/wp-content\\\/uploads\\\/2022\\\/05\\\/media-focus-logo-mit-claim.svg\",\"caption\":\"Media Focus\"},\"image\":{\"@id\":\"https:\\\/\\\/mediafocus.ch\\\/fr\\\/#\\\/schema\\\/logo\\\/image\\\/\"}}]}<\/script>\n<!-- \/ Yoast SEO plugin. -->","yoast_head_json":{"title":"Comp\u00e9tences - Media Focus","description":"Media Focus rassemble toutes les donn\u00e9es et cr\u00e9ations publicitaires pertinentes en Suisse et offre d'innombrables possibilit\u00e9s d'analyse !","robots":{"index":"index","follow":"follow","max-snippet":"max-snippet:-1","max-image-preview":"max-image-preview:large","max-video-preview":"max-video-preview:-1"},"canonical":"https:\/\/mediafocus.ch\/fr\/competences\/","og_locale":"fr_FR","og_type":"article","og_title":"Comp\u00e9tences - Media Focus","og_description":"Media Focus rassemble toutes les donn\u00e9es et cr\u00e9ations publicitaires pertinentes en Suisse et offre d'innombrables possibilit\u00e9s d'analyse !","og_url":"https:\/\/mediafocus.ch\/fr\/competences\/","og_site_name":"Media Focus","article_modified_time":"2023-05-19T08:39:22+00:00","og_image":[{"url":"https:\/\/mediafocus.ch\/wp-content\/uploads\/2022\/02\/Titelbild-Kompetenzen-1.png","type":"","width":"","height":""}],"twitter_card":"summary_large_image","twitter_misc":{"Dur\u00e9e de lecture estim\u00e9e":"2 minutes"},"schema":{"@context":"https:\/\/schema.org","@graph":[{"@type":"WebPage","@id":"https:\/\/mediafocus.ch\/fr\/competences\/","url":"https:\/\/mediafocus.ch\/fr\/competences\/","name":"Comp\u00e9tences - Media Focus","isPartOf":{"@id":"https:\/\/mediafocus.ch\/fr\/#website"},"primaryImageOfPage":{"@id":"https:\/\/mediafocus.ch\/fr\/competences\/#primaryimage"},"image":{"@id":"https:\/\/mediafocus.ch\/fr\/competences\/#primaryimage"},"thumbnailUrl":"https:\/\/mediafocus.ch\/wp-content\/uploads\/2022\/02\/Titelbild-Kompetenzen-1.png","datePublished":"2022-04-06T20:28:56+00:00","dateModified":"2023-05-19T08:39:22+00:00","description":"Media Focus rassemble toutes les donn\u00e9es et cr\u00e9ations publicitaires pertinentes en Suisse et offre d'innombrables possibilit\u00e9s d'analyse !","breadcrumb":{"@id":"https:\/\/mediafocus.ch\/fr\/competences\/#breadcrumb"},"inLanguage":"fr-FR","potentialAction":[{"@type":"ReadAction","target":["https:\/\/mediafocus.ch\/fr\/competences\/"]}]},{"@type":"ImageObject","inLanguage":"fr-FR","@id":"https:\/\/mediafocus.ch\/fr\/competences\/#primaryimage","url":"https:\/\/mediafocus.ch\/wp-content\/uploads\/2022\/02\/Titelbild-Kompetenzen-1.png","contentUrl":"https:\/\/mediafocus.ch\/wp-content\/uploads\/2022\/02\/Titelbild-Kompetenzen-1.png"},{"@type":"BreadcrumbList","@id":"https:\/\/mediafocus.ch\/fr\/competences\/#breadcrumb","itemListElement":[{"@type":"ListItem","position":1,"name":"Home","item":"https:\/\/mediafocus.ch\/fr\/"},{"@type":"ListItem","position":2,"name":"Comp\u00e9tences"}]},{"@type":"WebSite","@id":"https:\/\/mediafocus.ch\/fr\/#website","url":"https:\/\/mediafocus.ch\/fr\/","name":"Media Focus","description":"Data driven insights","publisher":{"@id":"https:\/\/mediafocus.ch\/fr\/#organization"},"potentialAction":[{"@type":"SearchAction","target":{"@type":"EntryPoint","urlTemplate":"https:\/\/mediafocus.ch\/fr\/?s={search_term_string}"},"query-input":{"@type":"PropertyValueSpecification","valueRequired":true,"valueName":"search_term_string"}}],"inLanguage":"fr-FR"},{"@type":"Organization","@id":"https:\/\/mediafocus.ch\/fr\/#organization","name":"Media Focus","url":"https:\/\/mediafocus.ch\/fr\/","logo":{"@type":"ImageObject","inLanguage":"fr-FR","@id":"https:\/\/mediafocus.ch\/fr\/#\/schema\/logo\/image\/","url":"https:\/\/mediafocus.ch\/wp-content\/uploads\/2022\/05\/media-focus-logo-mit-claim.svg","contentUrl":"https:\/\/mediafocus.ch\/wp-content\/uploads\/2022\/05\/media-focus-logo-mit-claim.svg","caption":"Media Focus"},"image":{"@id":"https:\/\/mediafocus.ch\/fr\/#\/schema\/logo\/image\/"}}]}},"_links":{"self":[{"href":"https:\/\/mediafocus.ch\/fr\/wp-json\/wp\/v2\/pages\/7356","targetHints":{"allow":["GET"]}}],"collection":[{"href":"https:\/\/mediafocus.ch\/fr\/wp-json\/wp\/v2\/pages"}],"about":[{"href":"https:\/\/mediafocus.ch\/fr\/wp-json\/wp\/v2\/types\/page"}],"author":[{"embeddable":true,"href":"https:\/\/mediafocus.ch\/fr\/wp-json\/wp\/v2\/users\/2"}],"replies":[{"embeddable":true,"href":"https:\/\/mediafocus.ch\/fr\/wp-json\/wp\/v2\/comments?post=7356"}],"version-history":[{"count":5,"href":"https:\/\/mediafocus.ch\/fr\/wp-json\/wp\/v2\/pages\/7356\/revisions"}],"predecessor-version":[{"id":65692,"href":"https:\/\/mediafocus.ch\/fr\/wp-json\/wp\/v2\/pages\/7356\/revisions\/65692"}],"wp:attachment":[{"href":"https:\/\/mediafocus.ch\/fr\/wp-json\/wp\/v2\/media?parent=7356"}],"curies":[{"name":"wp","href":"https:\/\/api.w.org\/{rel}","templated":true}]}}