{"id":7358,"date":"2022-04-06T22:31:09","date_gmt":"2022-04-06T20:31:09","guid":{"rendered":"https:\/\/mediafocus.ch\/?page_id=7358"},"modified":"2024-12-05T11:17:00","modified_gmt":"2024-12-05T10:17:00","slug":"jobs","status":"publish","type":"page","link":"https:\/\/mediafocus.ch\/fr\/jobs\/","title":{"rendered":"Jobs"},"content":{"rendered":"\n<div class=\"wp-block-cover is-light\" style=\"min-height:700px;aspect-ratio:unset;\"><span aria-hidden=\"true\" class=\"wp-block-cover__background has-background-dim-0 has-background-dim\"><\/span><img loading=\"lazy\" decoding=\"async\" width=\"2000\" height=\"838\" class=\"wp-block-cover__image-background wp-image-1355\" alt=\"\" src=\"https:\/\/mediafocus.ch\/wp-content\/uploads\/2022\/02\/Jobs-Team-1.png\" data-object-fit=\"cover\" srcset=\"https:\/\/mediafocus.ch\/wp-content\/uploads\/2022\/02\/Jobs-Team-1.png 2000w, https:\/\/mediafocus.ch\/wp-content\/uploads\/2022\/02\/Jobs-Team-1-300x126.png 300w, https:\/\/mediafocus.ch\/wp-content\/uploads\/2022\/02\/Jobs-Team-1-1024x429.png 1024w, https:\/\/mediafocus.ch\/wp-content\/uploads\/2022\/02\/Jobs-Team-1-768x322.png 768w, https:\/\/mediafocus.ch\/wp-content\/uploads\/2022\/02\/Jobs-Team-1-1536x644.png 1536w\" sizes=\"auto, (max-width: 2000px) 100vw, 2000px\" \/><div class=\"wp-block-cover__inner-container is-layout-flow wp-block-cover-is-layout-flow\">\n<p class=\"has-text-align-center has-large-font-size\"><\/p>\n<\/div><\/div>\n\n\n\n\n\n<div style=\"height:100px\" aria-hidden=\"true\" class=\"wp-block-spacer\"><\/div>\n\n\n\n<div class=\"wp-block-group is-layout-flow wp-block-group-is-layout-flow\">\n<div class=\"wp-block-columns container-xxl is-layout-flex wp-container-core-columns-is-layout-9d6595d7 wp-block-columns-is-layout-flex\">\n<div class=\"wp-block-column is-layout-flow wp-block-column-is-layout-flow\">\n<h1 class=\"wp-block-heading has-turqoise-500-color has-text-color\">Jobs<\/h1>\n<\/div>\n\n\n\n<div class=\"wp-block-column is-layout-flow wp-block-column-is-layout-flow\">\n<p>Tu souhaites participer activement \u00e0 notre \u00e9quipe et contribuer au succ\u00e8s de l&rsquo;entreprise gr\u00e2ce \u00e0 ton exp\u00e9rience ?<br>Dans ce cas, nous nous r\u00e9jouissons de recevoir ta candidature.<\/p>\n<\/div>\n<\/div>\n<\/div>\n\n\n\n<div style=\"height:100px\" aria-hidden=\"true\" class=\"wp-block-spacer\"><\/div>\n\n\n\n<div class=\"wp-block-media-text alignwide has-media-on-the-right is-stacked-on-mobile has-turqoise-500-background-color has-background\"><div class=\"wp-block-media-text__content\">\n<h2 class=\"wp-block-heading is-style-checkmark-heading has-white-000-color has-text-color has-large-font-size\">Jobs<\/h2>\n\n\n\n<p class=\"has-white-000-color has-text-color\">Vous \u00eates \u00e0 la recherche d\u2019une entreprise qui, en plus d\u2019un domaine d\u2019activit\u00e9 passionnant, offre une hi\u00e9rarchie horizontale et une culture du feed-back ouverte?<\/p>\n\n\n\n<p class=\"has-white-000-color has-text-color\">La coh\u00e9sion entre coll\u00e8gues est importante pour vous? Et, en m\u00eame temps, vous n\u2019avez pas envie de renoncer \u00e0 un travail flexible? Un bureau pr\u00e8s de Stauffacher avec une terrasse sur le toit vous convient \u00e9galement?<\/p>\n\n\n\n<p class=\"has-white-000-color has-text-color\">Alors vous \u00eates au bon endroit!<\/p>\n<\/div><figure class=\"wp-block-media-text__media\"><img loading=\"lazy\" decoding=\"async\" width=\"1000\" height=\"548\" src=\"https:\/\/mediafocus.ch\/wp-content\/uploads\/2022\/02\/Jobs-Team.png\" alt=\"Mitarbeiter der Media Focus Schweiz GmbH beim Tischfussball\" class=\"wp-image-1348 size-full\" srcset=\"https:\/\/mediafocus.ch\/wp-content\/uploads\/2022\/02\/Jobs-Team.png 1000w, https:\/\/mediafocus.ch\/wp-content\/uploads\/2022\/02\/Jobs-Team-300x164.png 300w, https:\/\/mediafocus.ch\/wp-content\/uploads\/2022\/02\/Jobs-Team-768x421.png 768w\" sizes=\"auto, (max-width: 1000px) 100vw, 1000px\" \/><\/figure><\/div>\n\n\n\n\n\n<section class=\"wp-block-xeit-newsletter section section-form newsletter\" id=\"newsletter-form\" style=\"background-color:#0942bd\"><div class=\"container-medium\"><div class=\"row\"><div class=\"col-lg-5\"><section>\n<h3 class=\"wp-block-heading has-white-000-color has-text-color\">N\u2019h\u00e9sitez pas \u00e0 nous contacter.<\/h3>\n\n\n\n<p class=\"has-white-000-color has-text-color\"><br>Notre \u00e9quipe Conseil et Analyse se fera un plaisir de vous aider.<\/p>\n<\/section><\/div><div class=\"col-lg-6 pl-xl-9\"><div class=\"contactInfo\" style=\"display:flex;gap:20px;margin:20px 0;font-size:xx-large;flex-direction:column\"><div class=\"telInfo mediafocus-wite\" style=\"display:flex;gap:20px\"><img decoding=\"async\" class=\"\" src=\"https:\/\/mediafocus.ch\/wp-content\/themes\/mediafocus-ch\/images\/icons\/phone.svg\"\/><a><a href=\"tel:+41453222750\">T +41 43 322 27 50<\/a><\/a><\/div><div class=\"mailInfo mediafocus-wite\" style=\"display:flex;gap:20px\"><img decoding=\"async\" class=\"\" src=\"https:\/\/mediafocus.ch\/wp-content\/themes\/mediafocus-ch\/images\/icons\/mail.svg\"\/><a><a href=\"mailto:mediafocus@mediafocus.ch\">mediafocus@mediafocus.ch<\/a><\/a><\/div><\/div><input type=\"submit\" value=\"Contactez nous\" class=\"btn btn-outline-white\" data-mf-button=\"modalWindow-5b8c663c-26df-478b-8611-61df1bc36f24\"\/><div class=\"modal\" id=\"modalWindow-5b8c663c-26df-478b-8611-61df1bc36f24\" data-mf-modal=\"modal\"><div class=\"modal__dialog\"><div class=\"modal__content\"><div class=\"modal__body\"><div class=\"ratio ratio--4x3\"><iframe class=\"modal__iframe\" src=\"https:\/\/online3.superoffice.com\/Cust27000\/CS\/scripts\/customer.fcgi?action=formFrame&amp;formId=F-php5jCan\"><\/iframe><\/div><\/div><\/div><\/div><\/div><div class=\"modal__backdrop\" id=\"modalBackdrop\"><\/div><\/div><\/div><\/div><\/section>\n\n\n\n\n\n<section class=\"wp-block-xeit-newsletter section section-form newsletter\" id=\"newsletter-form\" style=\"background-color:#2dcfb7\"><div class=\"container-medium\"><div class=\"row\"><div class=\"col-lg-5\"><section>\n<h4 class=\"wp-block-heading has-white-000-color has-text-color\">Inscrivez-vous \u00e0 notre newsletter et recevez les derni\u00e8res informations directement dans votre bo\u00eete mail.<\/h4>\n<\/section><\/div><div class=\"col-lg-6 pl-xl-9\"><input type=\"submit\" value=\"S\u2019abonner \u00e0 la newsletter\" class=\"btn btn-outline-white\" data-mf-button=\"modalWindow-eb545d32-db52-4306-909b-ab02a2ade734\"\/><div class=\"modal\" id=\"modalWindow-eb545d32-db52-4306-909b-ab02a2ade734\" data-mf-modal=\"modal\"><div class=\"modal__dialog\"><div class=\"modal__content\"><div class=\"modal__body\"><div class=\"ratio ratio--4x3\"><iframe class=\"modal__iframe\" src=\"https:\/\/online3.superoffice.com\/Cust27000\/CS\/scripts\/customer.fcgi?action=formFrame&amp;formId=F-db44GzIP\"><\/iframe><\/div><\/div><\/div><\/div><\/div><div class=\"modal__backdrop\" id=\"modalBackdrop\"><\/div><\/div><\/div><\/div><\/section>\n","protected":false},"excerpt":{"rendered":"<p>Jobs Tu souhaites participer activement \u00e0 notre \u00e9quipe et contribuer au succ\u00e8s de l&rsquo;entreprise gr\u00e2ce \u00e0 ton exp\u00e9rience ?Dans ce cas, nous nous r\u00e9jouissons de recevoir ta candidature. Jobs Vous \u00eates \u00e0 la recherche d\u2019une entreprise qui, en plus d\u2019un domaine d\u2019activit\u00e9 passionnant, offre une hi\u00e9rarchie horizontale et une culture du feed-back ouverte? La coh\u00e9sion [&hellip;]<\/p>\n","protected":false},"author":2,"featured_media":0,"parent":0,"menu_order":3,"comment_status":"closed","ping_status":"closed","template":"","meta":{"_acf_changed":false,"footnotes":""},"class_list":["post-7358","page","type-page","status-publish","hentry"],"acf":[],"yoast_head":"<!-- This site is optimized with the Yoast SEO plugin v27.5 - https:\/\/yoast.com\/product\/yoast-seo-wordpress\/ -->\n<title>Jobs - Media Focus<\/title>\n<meta name=\"description\" content=\"Vous \u00eates \u00e0 la recherche d&#039;une entreprise qui vous offre un domaine d&#039;activit\u00e9 passionnant et une hi\u00e9rarchie horizontale ?\" \/>\n<meta name=\"robots\" content=\"index, follow, max-snippet:-1, max-image-preview:large, max-video-preview:-1\" \/>\n<link rel=\"canonical\" href=\"https:\/\/mediafocus.ch\/fr\/jobs\/\" \/>\n<meta property=\"og:locale\" content=\"fr_FR\" \/>\n<meta property=\"og:type\" content=\"article\" \/>\n<meta property=\"og:title\" content=\"Jobs - Media Focus\" \/>\n<meta property=\"og:description\" content=\"Vous \u00eates \u00e0 la recherche d&#039;une entreprise qui vous offre un domaine d&#039;activit\u00e9 passionnant et une hi\u00e9rarchie horizontale ?\" \/>\n<meta property=\"og:url\" content=\"https:\/\/mediafocus.ch\/fr\/jobs\/\" \/>\n<meta property=\"og:site_name\" content=\"Media Focus\" \/>\n<meta property=\"article:modified_time\" content=\"2024-12-05T10:17:00+00:00\" \/>\n<meta property=\"og:image\" content=\"https:\/\/mediafocus.ch\/wp-content\/uploads\/2022\/02\/Jobs-Team-1.png\" \/>\n\t<meta property=\"og:image:width\" content=\"2000\" \/>\n\t<meta property=\"og:image:height\" content=\"838\" \/>\n\t<meta property=\"og:image:type\" content=\"image\/png\" \/>\n<meta name=\"twitter:card\" content=\"summary_large_image\" \/>\n<meta name=\"twitter:label1\" content=\"Dur\u00e9e de lecture estim\u00e9e\" \/>\n\t<meta name=\"twitter:data1\" content=\"2 minutes\" \/>\n<script type=\"application\/ld+json\" class=\"yoast-schema-graph\">{\"@context\":\"https:\\\/\\\/schema.org\",\"@graph\":[{\"@type\":\"WebPage\",\"@id\":\"https:\\\/\\\/mediafocus.ch\\\/fr\\\/jobs\\\/\",\"url\":\"https:\\\/\\\/mediafocus.ch\\\/fr\\\/jobs\\\/\",\"name\":\"Jobs - Media Focus\",\"isPartOf\":{\"@id\":\"https:\\\/\\\/mediafocus.ch\\\/fr\\\/#website\"},\"primaryImageOfPage\":{\"@id\":\"https:\\\/\\\/mediafocus.ch\\\/fr\\\/jobs\\\/#primaryimage\"},\"image\":{\"@id\":\"https:\\\/\\\/mediafocus.ch\\\/fr\\\/jobs\\\/#primaryimage\"},\"thumbnailUrl\":\"https:\\\/\\\/mediafocus.ch\\\/wp-content\\\/uploads\\\/2022\\\/02\\\/Jobs-Team-1.png\",\"datePublished\":\"2022-04-06T20:31:09+00:00\",\"dateModified\":\"2024-12-05T10:17:00+00:00\",\"description\":\"Vous \u00eates \u00e0 la recherche d'une entreprise qui vous offre un domaine d'activit\u00e9 passionnant et une hi\u00e9rarchie horizontale ?\",\"breadcrumb\":{\"@id\":\"https:\\\/\\\/mediafocus.ch\\\/fr\\\/jobs\\\/#breadcrumb\"},\"inLanguage\":\"fr-FR\",\"potentialAction\":[{\"@type\":\"ReadAction\",\"target\":[\"https:\\\/\\\/mediafocus.ch\\\/fr\\\/jobs\\\/\"]}]},{\"@type\":\"ImageObject\",\"inLanguage\":\"fr-FR\",\"@id\":\"https:\\\/\\\/mediafocus.ch\\\/fr\\\/jobs\\\/#primaryimage\",\"url\":\"https:\\\/\\\/mediafocus.ch\\\/wp-content\\\/uploads\\\/2022\\\/02\\\/Jobs-Team-1.png\",\"contentUrl\":\"https:\\\/\\\/mediafocus.ch\\\/wp-content\\\/uploads\\\/2022\\\/02\\\/Jobs-Team-1.png\"},{\"@type\":\"BreadcrumbList\",\"@id\":\"https:\\\/\\\/mediafocus.ch\\\/fr\\\/jobs\\\/#breadcrumb\",\"itemListElement\":[{\"@type\":\"ListItem\",\"position\":1,\"name\":\"Home\",\"item\":\"https:\\\/\\\/mediafocus.ch\\\/fr\\\/\"},{\"@type\":\"ListItem\",\"position\":2,\"name\":\"Jobs\"}]},{\"@type\":\"WebSite\",\"@id\":\"https:\\\/\\\/mediafocus.ch\\\/fr\\\/#website\",\"url\":\"https:\\\/\\\/mediafocus.ch\\\/fr\\\/\",\"name\":\"Media Focus\",\"description\":\"Data driven insights\",\"publisher\":{\"@id\":\"https:\\\/\\\/mediafocus.ch\\\/fr\\\/#organization\"},\"potentialAction\":[{\"@type\":\"SearchAction\",\"target\":{\"@type\":\"EntryPoint\",\"urlTemplate\":\"https:\\\/\\\/mediafocus.ch\\\/fr\\\/?s={search_term_string}\"},\"query-input\":{\"@type\":\"PropertyValueSpecification\",\"valueRequired\":true,\"valueName\":\"search_term_string\"}}],\"inLanguage\":\"fr-FR\"},{\"@type\":\"Organization\",\"@id\":\"https:\\\/\\\/mediafocus.ch\\\/fr\\\/#organization\",\"name\":\"Media Focus\",\"url\":\"https:\\\/\\\/mediafocus.ch\\\/fr\\\/\",\"logo\":{\"@type\":\"ImageObject\",\"inLanguage\":\"fr-FR\",\"@id\":\"https:\\\/\\\/mediafocus.ch\\\/fr\\\/#\\\/schema\\\/logo\\\/image\\\/\",\"url\":\"https:\\\/\\\/mediafocus.ch\\\/wp-content\\\/uploads\\\/2022\\\/05\\\/media-focus-logo-mit-claim.svg\",\"contentUrl\":\"https:\\\/\\\/mediafocus.ch\\\/wp-content\\\/uploads\\\/2022\\\/05\\\/media-focus-logo-mit-claim.svg\",\"caption\":\"Media Focus\"},\"image\":{\"@id\":\"https:\\\/\\\/mediafocus.ch\\\/fr\\\/#\\\/schema\\\/logo\\\/image\\\/\"}}]}<\/script>\n<!-- \/ Yoast SEO plugin. -->","yoast_head_json":{"title":"Jobs - Media Focus","description":"Vous \u00eates \u00e0 la recherche d'une entreprise qui vous offre un domaine d'activit\u00e9 passionnant et une hi\u00e9rarchie horizontale ?","robots":{"index":"index","follow":"follow","max-snippet":"max-snippet:-1","max-image-preview":"max-image-preview:large","max-video-preview":"max-video-preview:-1"},"canonical":"https:\/\/mediafocus.ch\/fr\/jobs\/","og_locale":"fr_FR","og_type":"article","og_title":"Jobs - Media Focus","og_description":"Vous \u00eates \u00e0 la recherche d'une entreprise qui vous offre un domaine d'activit\u00e9 passionnant et une hi\u00e9rarchie horizontale ?","og_url":"https:\/\/mediafocus.ch\/fr\/jobs\/","og_site_name":"Media Focus","article_modified_time":"2024-12-05T10:17:00+00:00","og_image":[{"width":2000,"height":838,"url":"https:\/\/mediafocus.ch\/wp-content\/uploads\/2022\/02\/Jobs-Team-1.png","type":"image\/png"}],"twitter_card":"summary_large_image","twitter_misc":{"Dur\u00e9e de lecture estim\u00e9e":"2 minutes"},"schema":{"@context":"https:\/\/schema.org","@graph":[{"@type":"WebPage","@id":"https:\/\/mediafocus.ch\/fr\/jobs\/","url":"https:\/\/mediafocus.ch\/fr\/jobs\/","name":"Jobs - Media Focus","isPartOf":{"@id":"https:\/\/mediafocus.ch\/fr\/#website"},"primaryImageOfPage":{"@id":"https:\/\/mediafocus.ch\/fr\/jobs\/#primaryimage"},"image":{"@id":"https:\/\/mediafocus.ch\/fr\/jobs\/#primaryimage"},"thumbnailUrl":"https:\/\/mediafocus.ch\/wp-content\/uploads\/2022\/02\/Jobs-Team-1.png","datePublished":"2022-04-06T20:31:09+00:00","dateModified":"2024-12-05T10:17:00+00:00","description":"Vous \u00eates \u00e0 la recherche d'une entreprise qui vous offre un domaine d'activit\u00e9 passionnant et une hi\u00e9rarchie horizontale ?","breadcrumb":{"@id":"https:\/\/mediafocus.ch\/fr\/jobs\/#breadcrumb"},"inLanguage":"fr-FR","potentialAction":[{"@type":"ReadAction","target":["https:\/\/mediafocus.ch\/fr\/jobs\/"]}]},{"@type":"ImageObject","inLanguage":"fr-FR","@id":"https:\/\/mediafocus.ch\/fr\/jobs\/#primaryimage","url":"https:\/\/mediafocus.ch\/wp-content\/uploads\/2022\/02\/Jobs-Team-1.png","contentUrl":"https:\/\/mediafocus.ch\/wp-content\/uploads\/2022\/02\/Jobs-Team-1.png"},{"@type":"BreadcrumbList","@id":"https:\/\/mediafocus.ch\/fr\/jobs\/#breadcrumb","itemListElement":[{"@type":"ListItem","position":1,"name":"Home","item":"https:\/\/mediafocus.ch\/fr\/"},{"@type":"ListItem","position":2,"name":"Jobs"}]},{"@type":"WebSite","@id":"https:\/\/mediafocus.ch\/fr\/#website","url":"https:\/\/mediafocus.ch\/fr\/","name":"Media Focus","description":"Data driven insights","publisher":{"@id":"https:\/\/mediafocus.ch\/fr\/#organization"},"potentialAction":[{"@type":"SearchAction","target":{"@type":"EntryPoint","urlTemplate":"https:\/\/mediafocus.ch\/fr\/?s={search_term_string}"},"query-input":{"@type":"PropertyValueSpecification","valueRequired":true,"valueName":"search_term_string"}}],"inLanguage":"fr-FR"},{"@type":"Organization","@id":"https:\/\/mediafocus.ch\/fr\/#organization","name":"Media Focus","url":"https:\/\/mediafocus.ch\/fr\/","logo":{"@type":"ImageObject","inLanguage":"fr-FR","@id":"https:\/\/mediafocus.ch\/fr\/#\/schema\/logo\/image\/","url":"https:\/\/mediafocus.ch\/wp-content\/uploads\/2022\/05\/media-focus-logo-mit-claim.svg","contentUrl":"https:\/\/mediafocus.ch\/wp-content\/uploads\/2022\/05\/media-focus-logo-mit-claim.svg","caption":"Media Focus"},"image":{"@id":"https:\/\/mediafocus.ch\/fr\/#\/schema\/logo\/image\/"}}]}},"_links":{"self":[{"href":"https:\/\/mediafocus.ch\/fr\/wp-json\/wp\/v2\/pages\/7358","targetHints":{"allow":["GET"]}}],"collection":[{"href":"https:\/\/mediafocus.ch\/fr\/wp-json\/wp\/v2\/pages"}],"about":[{"href":"https:\/\/mediafocus.ch\/fr\/wp-json\/wp\/v2\/types\/page"}],"author":[{"embeddable":true,"href":"https:\/\/mediafocus.ch\/fr\/wp-json\/wp\/v2\/users\/2"}],"replies":[{"embeddable":true,"href":"https:\/\/mediafocus.ch\/fr\/wp-json\/wp\/v2\/comments?post=7358"}],"version-history":[{"count":5,"href":"https:\/\/mediafocus.ch\/fr\/wp-json\/wp\/v2\/pages\/7358\/revisions"}],"predecessor-version":[{"id":213314,"href":"https:\/\/mediafocus.ch\/fr\/wp-json\/wp\/v2\/pages\/7358\/revisions\/213314"}],"wp:attachment":[{"href":"https:\/\/mediafocus.ch\/fr\/wp-json\/wp\/v2\/media?parent=7358"}],"curies":[{"name":"wp","href":"https:\/\/api.w.org\/{rel}","templated":true}]}}