{"id":7366,"date":"2022-04-06T22:51:03","date_gmt":"2022-04-06T20:51:03","guid":{"rendered":"https:\/\/mediafocus.ch\/?page_id=7366"},"modified":"2026-04-08T15:30:04","modified_gmt":"2026-04-08T13:30:04","slug":"wizzad","status":"publish","type":"page","link":"https:\/\/mediafocus.ch\/fr\/wizzad\/","title":{"rendered":"WizzAd+"},"content":{"rendered":"\n<div class=\"wp-block-cover is-light\" style=\"min-height:700px;aspect-ratio:unset;\"><img loading=\"lazy\" decoding=\"async\" width=\"1920\" height=\"918\" class=\"wp-block-cover__image-background wp-image-2885\" alt=\"\" src=\"https:\/\/mediafocus.ch\/wp-content\/uploads\/2021\/12\/home_banner.jpg\" data-object-fit=\"cover\" srcset=\"https:\/\/mediafocus.ch\/wp-content\/uploads\/2021\/12\/home_banner.jpg 1920w, https:\/\/mediafocus.ch\/wp-content\/uploads\/2021\/12\/home_banner-300x143.jpg 300w, https:\/\/mediafocus.ch\/wp-content\/uploads\/2021\/12\/home_banner-1024x490.jpg 1024w, https:\/\/mediafocus.ch\/wp-content\/uploads\/2021\/12\/home_banner-768x367.jpg 768w, https:\/\/mediafocus.ch\/wp-content\/uploads\/2021\/12\/home_banner-1536x734.jpg 1536w\" sizes=\"auto, (max-width: 1920px) 100vw, 1920px\" \/><span aria-hidden=\"true\" class=\"wp-block-cover__background has-background-dim-0 has-background-dim\"><\/span><div class=\"wp-block-cover__inner-container is-layout-flow wp-block-cover-is-layout-flow\">\n<p class=\"has-text-align-center has-large-font-size\"><\/p>\n<\/div><\/div>\n\n\n\n<section class=\"wp-block-group pt-6 pb-7 pt-md-9 pb-md-10 pt-xl-6 pb-xl-6 bg-secondary text-white has-blue-500-background-color has-background is-layout-flow wp-block-group-is-layout-flow\">\n<div class=\"wp-block-group container container-medium is-layout-flow wp-block-group-is-layout-flow\">\n<div style=\"height:100px\" aria-hidden=\"true\" class=\"wp-block-spacer\"><\/div>\n\n\n\n<h2 class=\"wp-block-heading is-style-default has-white-000-color has-text-color has-large-font-size\">WizzAd+<br>Analyse intelligente de la publicit\u00e9<\/h2>\n\n\n\n<div style=\"height:36px\" aria-hidden=\"true\" class=\"wp-block-spacer\"><\/div>\n\n\n\n<p class=\"has-white-000-color has-text-color\">WizzAd+ est un logiciel d\u2019analyse des donn\u00e9es de la publicit\u00e9 et des cr\u00e9ations et vous permet d\u2019acc\u00e9der aux statistiques publicitaires suisses, cr\u00e9ations comprises et de les analyser de mani\u00e8re professionnelle, selon vos exigences.<\/p>\n\n\n\n<p class=\"has-white-000-color has-text-color\">Analysez des rapports pr\u00e9\u00e9tablis adapt\u00e9s \u00e0 vos besoins ou cr\u00e9ez vos propres analyses personnalis\u00e9es. Le traitement de donn\u00e9es ultramoderne du logiciel en ligne offre une performance exceptionnelle et une grande flexibilit\u00e9.<\/p>\n\n\n\n<p class=\"has-white-000-color has-text-color\">WizzAd+ permet une analyse pr\u00e9cise des donn\u00e9es publicitaires brutes de plus de 93&nbsp;000 annonceurs et de plus de 200&nbsp;000 marques et produits, r\u00e9partis en 21&nbsp;secteurs, 130&nbsp;groupes de produits et 900&nbsp;segments de produits.<\/p>\n\n\n\n<div class=\"wp-block-buttons is-layout-flex wp-block-buttons-is-layout-flex\">\n<div class=\"wp-block-button is-style-fill\"><a class=\"wp-block-button__link wp-element-button\" href=\"https:\/\/wizzadplus.ch\/Wizzadplus\/login.aspx\">WizzAd+<\/a><\/div>\n<\/div>\n\n\n\n<div style=\"height:100px\" aria-hidden=\"true\" class=\"wp-block-spacer\"><\/div>\n\n\n\n<div style=\"height:100px\" aria-hidden=\"true\" class=\"wp-block-spacer\"><\/div>\n<\/div>\n<\/section>\n\n\n\n<div class=\"wp-block-group is-layout-flow wp-block-group-is-layout-flow\">\n<div class=\"wp-block-columns has-background is-layout-flex wp-container-core-columns-is-layout-9d6595d7 wp-block-columns-is-layout-flex\" style=\"background-color:#eeeeee\">\n<div class=\"wp-block-column is-layout-flow wp-block-column-is-layout-flow\">\n<figure class=\"wp-block-image size-full\"><img loading=\"lazy\" decoding=\"async\" width=\"401\" height=\"401\" src=\"https:\/\/mediafocus.ch\/wp-content\/uploads\/2022\/02\/Veranstaltungen.png\" alt=\"Icon Media Focus f\u00fcr Veranstaltungen ausgef\u00fcllt\" class=\"wp-image-2072\" srcset=\"https:\/\/mediafocus.ch\/wp-content\/uploads\/2022\/02\/Veranstaltungen.png 401w, https:\/\/mediafocus.ch\/wp-content\/uploads\/2022\/02\/Veranstaltungen-300x300.png 300w, https:\/\/mediafocus.ch\/wp-content\/uploads\/2022\/02\/Veranstaltungen-150x150.png 150w\" sizes=\"auto, (max-width: 401px) 100vw, 401px\" \/><\/figure>\n<\/div>\n\n\n\n<div class=\"wp-block-column is-layout-flow wp-block-column-is-layout-flow\">\n<p><\/p>\n\n\n\n<h3 class=\"wp-block-heading\"><br><br><br>Prochain partage de donn\u00e9es: 20.04.2026<\/h3>\n\n\n\n<p>Les donn\u00e9es sont automatiquement partag\u00e9es dans WizzAd+. <\/p>\n<\/div>\n<\/div>\n<\/div>\n\n\n\n<div style=\"height:100px\" aria-hidden=\"true\" class=\"wp-block-spacer\"><\/div>\n\n\n\n<div class=\"wp-block-group is-layout-flow wp-block-group-is-layout-flow\">\n<div class=\"wp-block-group is-layout-flow wp-block-group-is-layout-flow\">\n<div class=\"wp-block-columns container-xxl is-layout-flex wp-container-core-columns-is-layout-9d6595d7 wp-block-columns-is-layout-flex\">\n<div class=\"wp-block-column is-layout-flow wp-block-column-is-layout-flow\">\n<h2 class=\"wp-block-heading has-turqoise-500-color has-text-color\">Caract\u00e9ristiques<\/h2>\n<\/div>\n\n\n\n<div class=\"wp-block-column is-layout-flow wp-block-column-is-layout-flow\">\n<p><\/p>\n<\/div>\n<\/div>\n<\/div>\n\n\n\n<div class=\"wp-block-group is-layout-flow wp-block-group-is-layout-flow\">\n<div class=\"wp-block-group is-layout-flow wp-block-group-is-layout-flow\">\n<div class=\"wp-block-group is-layout-flow wp-block-group-is-layout-flow\"><\/div>\n<\/div>\n<\/div>\n\n\n\n<div style=\"height:100px\" aria-hidden=\"true\" class=\"wp-block-spacer\"><\/div>\n\n\n\n<div class=\"wp-block-group is-layout-flow wp-block-group-is-layout-flow\">\n<div class=\"wp-block-group is-layout-flow wp-block-group-is-layout-flow\">\n<div class=\"wp-block-columns container-xxl is-layout-flex wp-container-core-columns-is-layout-9d6595d7 wp-block-columns-is-layout-flex\">\n<div class=\"wp-block-column is-layout-flow wp-block-column-is-layout-flow\">\n<ul class=\"wp-block-list\">\n<li>Analyse flexible et possibilit\u00e9s d\u2019exportation<\/li>\n\n\n\n<li>Rapports automatiques selon vos besoins<\/li>\n<\/ul>\n<\/div>\n\n\n\n<div class=\"wp-block-column is-layout-flow wp-block-column-is-layout-flow\">\n<ul class=\"wp-block-list\">\n<li>En ligne, ind\u00e9pendant du syst\u00e8me d\u2019exploitation<\/li>\n\n\n\n<li>Visualisation directement dans l\u2019outil<\/li>\n<\/ul>\n<\/div>\n\n\n\n<div class=\"wp-block-column is-layout-flow wp-block-column-is-layout-flow\">\n<ul class=\"wp-block-list\">\n<li>Interface utilisateur intuitive<\/li>\n\n\n\n<li>Analyses r\u00e9troactives possibles jusqu&rsquo;\u00e0 10 ans<\/li>\n<\/ul>\n<\/div>\n<\/div>\n<\/div>\n<\/div>\n<\/div>\n\n\n\n<div style=\"height:100px\" aria-hidden=\"true\" class=\"wp-block-spacer\"><\/div>\n\n\n\n\n\n<section class=\"wp-block-xeit-newsletter section section-form newsletter\" id=\"newsletter-form\" style=\"background-color:#0942bd\"><div class=\"container-medium\"><div class=\"row\"><div class=\"col-lg-5\"><section>\n<h3 class=\"wp-block-heading has-white-000-color has-text-color\">N\u2019h\u00e9sitez pas \u00e0 nous contacter.<\/h3>\n\n\n\n<p class=\"has-white-000-color has-text-color\"><br>Notre \u00e9quipe Conseil et Analyse se fera un plaisir de vous aider.<\/p>\n<\/section><\/div><div class=\"col-lg-6 pl-xl-9\"><div class=\"contactInfo\" style=\"display:flex;gap:20px;margin:20px 0;font-size:xx-large;flex-direction:column\"><div class=\"telInfo mediafocus-wite\" style=\"display:flex;gap:20px\"><img decoding=\"async\" class=\"\" src=\"https:\/\/mediafocus.ch\/wp-content\/themes\/mediafocus-ch\/images\/icons\/phone.svg\"\/><a><a href=\"tel:+41453222750\">T +41 43 322 27 50<\/a><\/a><\/div><div class=\"mailInfo mediafocus-wite\" style=\"display:flex;gap:20px\"><img decoding=\"async\" class=\"\" src=\"https:\/\/mediafocus.ch\/wp-content\/themes\/mediafocus-ch\/images\/icons\/mail.svg\"\/><a><a href=\"mailto:mediafocus@mediafocus.ch\">mediafocus@mediafocus.ch<\/a><\/a><\/div><\/div><input type=\"submit\" value=\"Contactez nous\" class=\"btn btn-outline-white\" data-mf-button=\"modalWindow-5b8c663c-26df-478b-8611-61df1bc36f24\"\/><div class=\"modal\" id=\"modalWindow-5b8c663c-26df-478b-8611-61df1bc36f24\" data-mf-modal=\"modal\"><div class=\"modal__dialog\"><div class=\"modal__content\"><div class=\"modal__body\"><div class=\"ratio ratio--4x3\"><iframe class=\"modal__iframe\" src=\"https:\/\/online3.superoffice.com\/Cust27000\/CS\/scripts\/customer.fcgi?action=formFrame&amp;formId=F-php5jCan\"><\/iframe><\/div><\/div><\/div><\/div><\/div><div class=\"modal__backdrop\" id=\"modalBackdrop\"><\/div><\/div><\/div><\/div><\/section>\n\n\n\n<div style=\"height:100px\" aria-hidden=\"true\" class=\"wp-block-spacer\"><\/div>\n\n\n\n<div style=\"height:100px\" aria-hidden=\"true\" class=\"wp-block-spacer\"><\/div>\n\n\n\n<div class=\"wp-block-group is-layout-flow wp-block-group-is-layout-flow\">\n<div class=\"wp-block-columns container-xxl is-layout-flex wp-container-core-columns-is-layout-9d6595d7 wp-block-columns-is-layout-flex\">\n<div class=\"wp-block-column is-layout-flow wp-block-column-is-layout-flow\">\n<div class=\"wp-block-group is-layout-flow wp-block-group-is-layout-flow\">\n<h3 class=\"wp-block-heading has-black-900-color has-text-color\">Nos clients<\/h3>\n<\/div>\n<\/div>\n\n\n\n<div class=\"wp-block-column is-layout-flow wp-block-column-is-layout-flow\"><\/div>\n<\/div>\n<\/div>\n\n\n\n\n\n<div class=\"wp-block-cover is-light\"><img loading=\"lazy\" decoding=\"async\" width=\"1921\" height=\"825\" class=\"wp-block-cover__image-background wp-image-2921\" alt=\"\" src=\"https:\/\/mediafocus.ch\/wp-content\/uploads\/2021\/12\/AHerger_20211130_AHE_17808.jpg\" data-object-fit=\"cover\" srcset=\"https:\/\/mediafocus.ch\/wp-content\/uploads\/2021\/12\/AHerger_20211130_AHE_17808.jpg 1921w, https:\/\/mediafocus.ch\/wp-content\/uploads\/2021\/12\/AHerger_20211130_AHE_17808-300x129.jpg 300w, https:\/\/mediafocus.ch\/wp-content\/uploads\/2021\/12\/AHerger_20211130_AHE_17808-1024x440.jpg 1024w, https:\/\/mediafocus.ch\/wp-content\/uploads\/2021\/12\/AHerger_20211130_AHE_17808-768x330.jpg 768w, https:\/\/mediafocus.ch\/wp-content\/uploads\/2021\/12\/AHerger_20211130_AHE_17808-1536x660.jpg 1536w\" sizes=\"auto, (max-width: 1921px) 100vw, 1921px\" \/><span aria-hidden=\"true\" class=\"wp-block-cover__background has-background-dim-0 has-background-dim\"><\/span><div class=\"wp-block-cover__inner-container is-layout-flow wp-block-cover-is-layout-flow\">\n<p class=\"has-text-align-center has-large-font-size\"><\/p>\n<\/div><\/div>\n\n\n\n<section class=\"wp-block-xeit-newsletter section section-form newsletter\" id=\"newsletter-form\" style=\"background-color:#2dcfb7\"><div class=\"container-medium\"><div class=\"row\"><div class=\"col-lg-5\"><section>\n<h4 class=\"wp-block-heading has-white-000-color has-text-color\">Inscrivez-vous \u00e0 notre newsletter et recevez les derni\u00e8res informations directement dans votre bo\u00eete mail.<\/h4>\n<\/section><\/div><div class=\"col-lg-6 pl-xl-9\"><input type=\"submit\" value=\"S\u2019abonner \u00e0 la newsletter\" class=\"btn btn-outline-white\" data-mf-button=\"modalWindow-eb545d32-db52-4306-909b-ab02a2ade734\"\/><div class=\"modal\" id=\"modalWindow-eb545d32-db52-4306-909b-ab02a2ade734\" data-mf-modal=\"modal\"><div class=\"modal__dialog\"><div class=\"modal__content\"><div class=\"modal__body\"><div class=\"ratio ratio--4x3\"><iframe class=\"modal__iframe\" src=\"https:\/\/online3.superoffice.com\/Cust27000\/CS\/scripts\/customer.fcgi?action=formFrame&amp;formId=F-db44GzIP\"><\/iframe><\/div><\/div><\/div><\/div><\/div><div class=\"modal__backdrop\" id=\"modalBackdrop\"><\/div><\/div><\/div><\/div><\/section>\n","protected":false},"excerpt":{"rendered":"<p>WizzAd+Analyse intelligente de la publicit\u00e9 WizzAd+ est un logiciel d\u2019analyse des donn\u00e9es de la publicit\u00e9 et des cr\u00e9ations et vous permet d\u2019acc\u00e9der aux statistiques publicitaires suisses, cr\u00e9ations comprises et de les analyser de mani\u00e8re professionnelle, selon vos exigences. Analysez des rapports pr\u00e9\u00e9tablis adapt\u00e9s \u00e0 vos besoins ou cr\u00e9ez vos propres analyses personnalis\u00e9es. Le traitement de [&hellip;]<\/p>\n","protected":false},"author":2,"featured_media":0,"parent":0,"menu_order":0,"comment_status":"closed","ping_status":"open","template":"page_wizzad-home.php","meta":{"footnotes":""},"class_list":["post-7366","page","type-page","status-publish","hentry"],"yoast_head":"<!-- This site is optimized with the Yoast SEO plugin v27.4 - https:\/\/yoast.com\/product\/yoast-seo-wordpress\/ -->\n<title>WizzAd+ - Media Focus<\/title>\n<meta name=\"description\" content=\"WizzAd+ permet une analyse professionnelle des statistiques publicitaires suisses. Le tout en s\u2019adaptant parfaitement \u00e0 vos besoins!\" \/>\n<meta name=\"robots\" content=\"index, follow, max-snippet:-1, max-image-preview:large, max-video-preview:-1\" \/>\n<link rel=\"canonical\" href=\"https:\/\/mediafocus.ch\/fr\/wizzad\/\" \/>\n<meta property=\"og:locale\" content=\"fr_FR\" \/>\n<meta property=\"og:type\" content=\"article\" \/>\n<meta property=\"og:title\" content=\"WizzAd+ - Media Focus\" \/>\n<meta property=\"og:description\" content=\"WizzAd+ permet une analyse professionnelle des statistiques publicitaires suisses. Le tout en s\u2019adaptant parfaitement \u00e0 vos besoins!\" \/>\n<meta property=\"og:url\" content=\"https:\/\/mediafocus.ch\/fr\/wizzad\/\" \/>\n<meta property=\"og:site_name\" content=\"Media Focus\" \/>\n<meta property=\"article:modified_time\" content=\"2026-04-08T13:30:04+00:00\" \/>\n<meta property=\"og:image\" content=\"https:\/\/mediafocus.ch\/wp-content\/uploads\/2021\/12\/home_banner.jpg\" \/>\n\t<meta property=\"og:image:width\" content=\"1920\" \/>\n\t<meta property=\"og:image:height\" content=\"918\" \/>\n\t<meta property=\"og:image:type\" content=\"image\/jpeg\" \/>\n<meta name=\"twitter:card\" content=\"summary_large_image\" \/>\n<meta name=\"twitter:label1\" content=\"Dur\u00e9e de lecture estim\u00e9e\" \/>\n\t<meta name=\"twitter:data1\" content=\"3 minutes\" \/>\n<script type=\"application\/ld+json\" class=\"yoast-schema-graph\">{\"@context\":\"https:\\\/\\\/schema.org\",\"@graph\":[{\"@type\":\"WebPage\",\"@id\":\"https:\\\/\\\/mediafocus.ch\\\/fr\\\/wizzad\\\/\",\"url\":\"https:\\\/\\\/mediafocus.ch\\\/fr\\\/wizzad\\\/\",\"name\":\"WizzAd+ - Media Focus\",\"isPartOf\":{\"@id\":\"https:\\\/\\\/mediafocus.ch\\\/fr\\\/#website\"},\"primaryImageOfPage\":{\"@id\":\"https:\\\/\\\/mediafocus.ch\\\/fr\\\/wizzad\\\/#primaryimage\"},\"image\":{\"@id\":\"https:\\\/\\\/mediafocus.ch\\\/fr\\\/wizzad\\\/#primaryimage\"},\"thumbnailUrl\":\"https:\\\/\\\/mediafocus.ch\\\/wp-content\\\/uploads\\\/2021\\\/12\\\/home_banner.jpg\",\"datePublished\":\"2022-04-06T20:51:03+00:00\",\"dateModified\":\"2026-04-08T13:30:04+00:00\",\"description\":\"WizzAd+ permet une analyse professionnelle des statistiques publicitaires suisses. Le tout en s\u2019adaptant parfaitement \u00e0 vos besoins!\",\"breadcrumb\":{\"@id\":\"https:\\\/\\\/mediafocus.ch\\\/fr\\\/wizzad\\\/#breadcrumb\"},\"inLanguage\":\"fr-FR\",\"potentialAction\":[{\"@type\":\"ReadAction\",\"target\":[\"https:\\\/\\\/mediafocus.ch\\\/fr\\\/wizzad\\\/\"]}]},{\"@type\":\"ImageObject\",\"inLanguage\":\"fr-FR\",\"@id\":\"https:\\\/\\\/mediafocus.ch\\\/fr\\\/wizzad\\\/#primaryimage\",\"url\":\"https:\\\/\\\/mediafocus.ch\\\/wp-content\\\/uploads\\\/2021\\\/12\\\/home_banner.jpg\",\"contentUrl\":\"https:\\\/\\\/mediafocus.ch\\\/wp-content\\\/uploads\\\/2021\\\/12\\\/home_banner.jpg\"},{\"@type\":\"BreadcrumbList\",\"@id\":\"https:\\\/\\\/mediafocus.ch\\\/fr\\\/wizzad\\\/#breadcrumb\",\"itemListElement\":[{\"@type\":\"ListItem\",\"position\":1,\"name\":\"Home\",\"item\":\"https:\\\/\\\/mediafocus.ch\\\/fr\\\/\"},{\"@type\":\"ListItem\",\"position\":2,\"name\":\"WizzAd+\"}]},{\"@type\":\"WebSite\",\"@id\":\"https:\\\/\\\/mediafocus.ch\\\/fr\\\/#website\",\"url\":\"https:\\\/\\\/mediafocus.ch\\\/fr\\\/\",\"name\":\"Media Focus\",\"description\":\"Data driven insights\",\"publisher\":{\"@id\":\"https:\\\/\\\/mediafocus.ch\\\/fr\\\/#organization\"},\"potentialAction\":[{\"@type\":\"SearchAction\",\"target\":{\"@type\":\"EntryPoint\",\"urlTemplate\":\"https:\\\/\\\/mediafocus.ch\\\/fr\\\/?s={search_term_string}\"},\"query-input\":{\"@type\":\"PropertyValueSpecification\",\"valueRequired\":true,\"valueName\":\"search_term_string\"}}],\"inLanguage\":\"fr-FR\"},{\"@type\":\"Organization\",\"@id\":\"https:\\\/\\\/mediafocus.ch\\\/fr\\\/#organization\",\"name\":\"Media Focus\",\"url\":\"https:\\\/\\\/mediafocus.ch\\\/fr\\\/\",\"logo\":{\"@type\":\"ImageObject\",\"inLanguage\":\"fr-FR\",\"@id\":\"https:\\\/\\\/mediafocus.ch\\\/fr\\\/#\\\/schema\\\/logo\\\/image\\\/\",\"url\":\"https:\\\/\\\/mediafocus.ch\\\/wp-content\\\/uploads\\\/2022\\\/05\\\/media-focus-logo-mit-claim.svg\",\"contentUrl\":\"https:\\\/\\\/mediafocus.ch\\\/wp-content\\\/uploads\\\/2022\\\/05\\\/media-focus-logo-mit-claim.svg\",\"caption\":\"Media Focus\"},\"image\":{\"@id\":\"https:\\\/\\\/mediafocus.ch\\\/fr\\\/#\\\/schema\\\/logo\\\/image\\\/\"}}]}<\/script>\n<!-- \/ Yoast SEO plugin. -->","yoast_head_json":{"title":"WizzAd+ - Media Focus","description":"WizzAd+ permet une analyse professionnelle des statistiques publicitaires suisses. Le tout en s\u2019adaptant parfaitement \u00e0 vos besoins!","robots":{"index":"index","follow":"follow","max-snippet":"max-snippet:-1","max-image-preview":"max-image-preview:large","max-video-preview":"max-video-preview:-1"},"canonical":"https:\/\/mediafocus.ch\/fr\/wizzad\/","og_locale":"fr_FR","og_type":"article","og_title":"WizzAd+ - Media Focus","og_description":"WizzAd+ permet une analyse professionnelle des statistiques publicitaires suisses. Le tout en s\u2019adaptant parfaitement \u00e0 vos besoins!","og_url":"https:\/\/mediafocus.ch\/fr\/wizzad\/","og_site_name":"Media Focus","article_modified_time":"2026-04-08T13:30:04+00:00","og_image":[{"width":1920,"height":918,"url":"https:\/\/mediafocus.ch\/wp-content\/uploads\/2021\/12\/home_banner.jpg","type":"image\/jpeg"}],"twitter_card":"summary_large_image","twitter_misc":{"Dur\u00e9e de lecture estim\u00e9e":"3 minutes"},"schema":{"@context":"https:\/\/schema.org","@graph":[{"@type":"WebPage","@id":"https:\/\/mediafocus.ch\/fr\/wizzad\/","url":"https:\/\/mediafocus.ch\/fr\/wizzad\/","name":"WizzAd+ - Media Focus","isPartOf":{"@id":"https:\/\/mediafocus.ch\/fr\/#website"},"primaryImageOfPage":{"@id":"https:\/\/mediafocus.ch\/fr\/wizzad\/#primaryimage"},"image":{"@id":"https:\/\/mediafocus.ch\/fr\/wizzad\/#primaryimage"},"thumbnailUrl":"https:\/\/mediafocus.ch\/wp-content\/uploads\/2021\/12\/home_banner.jpg","datePublished":"2022-04-06T20:51:03+00:00","dateModified":"2026-04-08T13:30:04+00:00","description":"WizzAd+ permet une analyse professionnelle des statistiques publicitaires suisses. Le tout en s\u2019adaptant parfaitement \u00e0 vos besoins!","breadcrumb":{"@id":"https:\/\/mediafocus.ch\/fr\/wizzad\/#breadcrumb"},"inLanguage":"fr-FR","potentialAction":[{"@type":"ReadAction","target":["https:\/\/mediafocus.ch\/fr\/wizzad\/"]}]},{"@type":"ImageObject","inLanguage":"fr-FR","@id":"https:\/\/mediafocus.ch\/fr\/wizzad\/#primaryimage","url":"https:\/\/mediafocus.ch\/wp-content\/uploads\/2021\/12\/home_banner.jpg","contentUrl":"https:\/\/mediafocus.ch\/wp-content\/uploads\/2021\/12\/home_banner.jpg"},{"@type":"BreadcrumbList","@id":"https:\/\/mediafocus.ch\/fr\/wizzad\/#breadcrumb","itemListElement":[{"@type":"ListItem","position":1,"name":"Home","item":"https:\/\/mediafocus.ch\/fr\/"},{"@type":"ListItem","position":2,"name":"WizzAd+"}]},{"@type":"WebSite","@id":"https:\/\/mediafocus.ch\/fr\/#website","url":"https:\/\/mediafocus.ch\/fr\/","name":"Media Focus","description":"Data driven insights","publisher":{"@id":"https:\/\/mediafocus.ch\/fr\/#organization"},"potentialAction":[{"@type":"SearchAction","target":{"@type":"EntryPoint","urlTemplate":"https:\/\/mediafocus.ch\/fr\/?s={search_term_string}"},"query-input":{"@type":"PropertyValueSpecification","valueRequired":true,"valueName":"search_term_string"}}],"inLanguage":"fr-FR"},{"@type":"Organization","@id":"https:\/\/mediafocus.ch\/fr\/#organization","name":"Media Focus","url":"https:\/\/mediafocus.ch\/fr\/","logo":{"@type":"ImageObject","inLanguage":"fr-FR","@id":"https:\/\/mediafocus.ch\/fr\/#\/schema\/logo\/image\/","url":"https:\/\/mediafocus.ch\/wp-content\/uploads\/2022\/05\/media-focus-logo-mit-claim.svg","contentUrl":"https:\/\/mediafocus.ch\/wp-content\/uploads\/2022\/05\/media-focus-logo-mit-claim.svg","caption":"Media Focus"},"image":{"@id":"https:\/\/mediafocus.ch\/fr\/#\/schema\/logo\/image\/"}}]}},"_links":{"self":[{"href":"https:\/\/mediafocus.ch\/fr\/wp-json\/wp\/v2\/pages\/7366","targetHints":{"allow":["GET"]}}],"collection":[{"href":"https:\/\/mediafocus.ch\/fr\/wp-json\/wp\/v2\/pages"}],"about":[{"href":"https:\/\/mediafocus.ch\/fr\/wp-json\/wp\/v2\/types\/page"}],"author":[{"embeddable":true,"href":"https:\/\/mediafocus.ch\/fr\/wp-json\/wp\/v2\/users\/2"}],"replies":[{"embeddable":true,"href":"https:\/\/mediafocus.ch\/fr\/wp-json\/wp\/v2\/comments?post=7366"}],"version-history":[{"count":20,"href":"https:\/\/mediafocus.ch\/fr\/wp-json\/wp\/v2\/pages\/7366\/revisions"}],"predecessor-version":[{"id":568759,"href":"https:\/\/mediafocus.ch\/fr\/wp-json\/wp\/v2\/pages\/7366\/revisions\/568759"}],"wp:attachment":[{"href":"https:\/\/mediafocus.ch\/fr\/wp-json\/wp\/v2\/media?parent=7366"}],"curies":[{"name":"wp","href":"https:\/\/api.w.org\/{rel}","templated":true}]}}