{"id":7368,"date":"2022-04-06T22:57:18","date_gmt":"2022-04-06T20:57:18","guid":{"rendered":"https:\/\/mediafocus.ch\/?page_id=7368"},"modified":"2023-11-01T11:12:22","modified_gmt":"2023-11-01T10:12:22","slug":"faq-wizzad","status":"publish","type":"page","link":"https:\/\/mediafocus.ch\/fr\/wizzad\/faq-wizzad\/","title":{"rendered":"FAQ WizzAd+"},"content":{"rendered":"\n<div class=\"wp-block-cover is-light\"><span aria-hidden=\"true\" class=\"wp-block-cover__background has-background-dim-0 has-background-dim\"><\/span><img loading=\"lazy\" decoding=\"async\" width=\"1284\" height=\"660\" class=\"wp-block-cover__image-background wp-image-3471\" alt=\"\" src=\"https:\/\/mediafocus.ch\/wp-content\/uploads\/2022\/03\/AHE_9134@2x.jpg\" data-object-fit=\"cover\" srcset=\"https:\/\/mediafocus.ch\/wp-content\/uploads\/2022\/03\/AHE_9134@2x.jpg 1284w, https:\/\/mediafocus.ch\/wp-content\/uploads\/2022\/03\/AHE_9134@2x-300x154.jpg 300w, https:\/\/mediafocus.ch\/wp-content\/uploads\/2022\/03\/AHE_9134@2x-1024x526.jpg 1024w, https:\/\/mediafocus.ch\/wp-content\/uploads\/2022\/03\/AHE_9134@2x-768x395.jpg 768w\" sizes=\"auto, (max-width: 1284px) 100vw, 1284px\" \/><div class=\"wp-block-cover__inner-container is-layout-flow wp-block-cover-is-layout-flow\">\n<p class=\"has-text-align-center has-large-font-size\"> <\/p>\n<\/div><\/div>\n\n\n\n\n\n<div style=\"height:100px\" aria-hidden=\"true\" class=\"wp-block-spacer\"><\/div>\n\n\n\n<div class=\"wp-block-group is-layout-flow wp-block-group-is-layout-flow\">\n<div class=\"wp-block-columns container-xxl is-layout-flex wp-container-core-columns-is-layout-9d6595d7 wp-block-columns-is-layout-flex\">\n<div class=\"wp-block-column is-layout-flow wp-block-column-is-layout-flow\">\n<h1 class=\"wp-block-heading has-turqoise-500-color has-text-color\">FAQ<\/h1>\n<\/div>\n\n\n\n<div class=\"wp-block-column is-layout-flow wp-block-column-is-layout-flow\">\n<p>Vous trouverez ici les r\u00e9ponses cl\u00e9s aux questions les plus fr\u00e9quemment pos\u00e9es.<\/p>\n<\/div>\n<\/div>\n<\/div>\n\n\n\n<div style=\"height:100px\" aria-hidden=\"true\" class=\"wp-block-spacer\"><\/div>\n\n\n\n\n\n<section class=\"wp-block-xeit-newsletter section section-form newsletter\" id=\"newsletter-form\" style=\"background-color:#0942bd\"><div class=\"container-medium\"><div class=\"row\"><div class=\"col-lg-5\"><section>\n<h3 class=\"wp-block-heading has-white-000-color has-text-color\">N\u2019h\u00e9sitez pas \u00e0 nous contacter.<\/h3>\n\n\n\n<p class=\"has-white-000-color has-text-color\"><br>Notre \u00e9quipe Conseil et Analyse se fera un plaisir de vous aider.<\/p>\n<\/section><\/div><div class=\"col-lg-6 pl-xl-9\"><div class=\"contactInfo\" style=\"display:flex;gap:20px;margin:20px 0;font-size:xx-large;flex-direction:column\"><div class=\"telInfo mediafocus-wite\" style=\"display:flex;gap:20px\"><img decoding=\"async\" class=\"\" src=\"https:\/\/mediafocus.ch\/wp-content\/themes\/mediafocus-ch\/images\/icons\/phone.svg\"\/><a><a href=\"tel:+41453222750\">T +41 43 322 27 50<\/a><\/a><\/div><div class=\"mailInfo mediafocus-wite\" style=\"display:flex;gap:20px\"><img decoding=\"async\" class=\"\" src=\"https:\/\/mediafocus.ch\/wp-content\/themes\/mediafocus-ch\/images\/icons\/mail.svg\"\/><a><a href=\"mailto:mediafocus@mediafocus.ch\">mediafocus@mediafocus.ch<\/a><\/a><\/div><\/div><input type=\"submit\" value=\"Contactez nous\" class=\"btn btn-outline-white\" data-mf-button=\"modalWindow-5b8c663c-26df-478b-8611-61df1bc36f24\"\/><div class=\"modal\" id=\"modalWindow-5b8c663c-26df-478b-8611-61df1bc36f24\" data-mf-modal=\"modal\"><div class=\"modal__dialog\"><div class=\"modal__content\"><div class=\"modal__body\"><div class=\"ratio ratio--4x3\"><iframe class=\"modal__iframe\" src=\"https:\/\/online3.superoffice.com\/Cust27000\/CS\/scripts\/customer.fcgi?action=formFrame&amp;formId=F-php5jCan\"><\/iframe><\/div><\/div><\/div><\/div><\/div><div class=\"modal__backdrop\" id=\"modalBackdrop\"><\/div><\/div><\/div><\/div><\/section>\n","protected":false},"excerpt":{"rendered":"<p>FAQ Vous trouverez ici les r\u00e9ponses cl\u00e9s aux questions les plus fr\u00e9quemment pos\u00e9es.<\/p>\n","protected":false},"author":2,"featured_media":0,"parent":7366,"menu_order":3,"comment_status":"closed","ping_status":"closed","template":"page_wizzad-home.php","meta":{"footnotes":""},"class_list":["post-7368","page","type-page","status-publish","hentry"],"yoast_head":"<!-- This site is optimized with the Yoast SEO plugin v27.3 - https:\/\/yoast.com\/product\/yoast-seo-wordpress\/ -->\n<title>FAQ WizzAd+ - Media Focus<\/title>\n<meta name=\"description\" content=\"Dans notre FAQ, vous trouverez toutes les r\u00e9ponses cl\u00e9s aux questions les plus fr\u00e9quemment pos\u00e9es et des GIF utiles sur WizzAd+.\" \/>\n<meta name=\"robots\" content=\"index, follow, max-snippet:-1, max-image-preview:large, max-video-preview:-1\" \/>\n<link rel=\"canonical\" href=\"https:\/\/mediafocus.ch\/fr\/wizzad\/faq-wizzad\/\" \/>\n<meta property=\"og:locale\" content=\"fr_FR\" \/>\n<meta property=\"og:type\" content=\"article\" \/>\n<meta property=\"og:title\" content=\"FAQ WizzAd+ - Media Focus\" \/>\n<meta property=\"og:description\" content=\"Dans notre FAQ, vous trouverez toutes les r\u00e9ponses cl\u00e9s aux questions les plus fr\u00e9quemment pos\u00e9es et des GIF utiles sur WizzAd+.\" \/>\n<meta property=\"og:url\" content=\"https:\/\/mediafocus.ch\/fr\/wizzad\/faq-wizzad\/\" \/>\n<meta property=\"og:site_name\" content=\"Media Focus\" \/>\n<meta property=\"article:modified_time\" content=\"2023-11-01T10:12:22+00:00\" \/>\n<meta property=\"og:image\" content=\"https:\/\/mediafocus.ch\/wp-content\/uploads\/2022\/03\/AHE_9134@2x.jpg\" \/>\n<meta name=\"twitter:card\" content=\"summary_large_image\" \/>\n<meta name=\"twitter:label1\" content=\"Dur\u00e9e de lecture estim\u00e9e\" \/>\n\t<meta name=\"twitter:data1\" content=\"10 minutes\" \/>\n<script type=\"application\/ld+json\" class=\"yoast-schema-graph\">{\"@context\":\"https:\\\/\\\/schema.org\",\"@graph\":[{\"@type\":\"WebPage\",\"@id\":\"https:\\\/\\\/mediafocus.ch\\\/fr\\\/wizzad\\\/faq-wizzad\\\/\",\"url\":\"https:\\\/\\\/mediafocus.ch\\\/fr\\\/wizzad\\\/faq-wizzad\\\/\",\"name\":\"FAQ WizzAd+ - Media Focus\",\"isPartOf\":{\"@id\":\"https:\\\/\\\/mediafocus.ch\\\/fr\\\/#website\"},\"primaryImageOfPage\":{\"@id\":\"https:\\\/\\\/mediafocus.ch\\\/fr\\\/wizzad\\\/faq-wizzad\\\/#primaryimage\"},\"image\":{\"@id\":\"https:\\\/\\\/mediafocus.ch\\\/fr\\\/wizzad\\\/faq-wizzad\\\/#primaryimage\"},\"thumbnailUrl\":\"https:\\\/\\\/mediafocus.ch\\\/wp-content\\\/uploads\\\/2022\\\/03\\\/AHE_9134@2x.jpg\",\"datePublished\":\"2022-04-06T20:57:18+00:00\",\"dateModified\":\"2023-11-01T10:12:22+00:00\",\"description\":\"Dans notre FAQ, vous trouverez toutes les r\u00e9ponses cl\u00e9s aux questions les plus fr\u00e9quemment pos\u00e9es et des GIF utiles sur WizzAd+.\",\"breadcrumb\":{\"@id\":\"https:\\\/\\\/mediafocus.ch\\\/fr\\\/wizzad\\\/faq-wizzad\\\/#breadcrumb\"},\"inLanguage\":\"fr-FR\",\"potentialAction\":[{\"@type\":\"ReadAction\",\"target\":[\"https:\\\/\\\/mediafocus.ch\\\/fr\\\/wizzad\\\/faq-wizzad\\\/\"]}]},{\"@type\":\"ImageObject\",\"inLanguage\":\"fr-FR\",\"@id\":\"https:\\\/\\\/mediafocus.ch\\\/fr\\\/wizzad\\\/faq-wizzad\\\/#primaryimage\",\"url\":\"https:\\\/\\\/mediafocus.ch\\\/wp-content\\\/uploads\\\/2022\\\/03\\\/AHE_9134@2x.jpg\",\"contentUrl\":\"https:\\\/\\\/mediafocus.ch\\\/wp-content\\\/uploads\\\/2022\\\/03\\\/AHE_9134@2x.jpg\"},{\"@type\":\"BreadcrumbList\",\"@id\":\"https:\\\/\\\/mediafocus.ch\\\/fr\\\/wizzad\\\/faq-wizzad\\\/#breadcrumb\",\"itemListElement\":[{\"@type\":\"ListItem\",\"position\":1,\"name\":\"Home\",\"item\":\"https:\\\/\\\/mediafocus.ch\\\/fr\\\/\"},{\"@type\":\"ListItem\",\"position\":2,\"name\":\"WizzAd+\",\"item\":\"https:\\\/\\\/mediafocus.ch\\\/fr\\\/wizzad\\\/\"},{\"@type\":\"ListItem\",\"position\":3,\"name\":\"FAQ WizzAd+\"}]},{\"@type\":\"WebSite\",\"@id\":\"https:\\\/\\\/mediafocus.ch\\\/fr\\\/#website\",\"url\":\"https:\\\/\\\/mediafocus.ch\\\/fr\\\/\",\"name\":\"Media Focus\",\"description\":\"Data driven insights\",\"publisher\":{\"@id\":\"https:\\\/\\\/mediafocus.ch\\\/fr\\\/#organization\"},\"potentialAction\":[{\"@type\":\"SearchAction\",\"target\":{\"@type\":\"EntryPoint\",\"urlTemplate\":\"https:\\\/\\\/mediafocus.ch\\\/fr\\\/?s={search_term_string}\"},\"query-input\":{\"@type\":\"PropertyValueSpecification\",\"valueRequired\":true,\"valueName\":\"search_term_string\"}}],\"inLanguage\":\"fr-FR\"},{\"@type\":\"Organization\",\"@id\":\"https:\\\/\\\/mediafocus.ch\\\/fr\\\/#organization\",\"name\":\"Media Focus\",\"url\":\"https:\\\/\\\/mediafocus.ch\\\/fr\\\/\",\"logo\":{\"@type\":\"ImageObject\",\"inLanguage\":\"fr-FR\",\"@id\":\"https:\\\/\\\/mediafocus.ch\\\/fr\\\/#\\\/schema\\\/logo\\\/image\\\/\",\"url\":\"https:\\\/\\\/mediafocus.ch\\\/wp-content\\\/uploads\\\/2022\\\/05\\\/media-focus-logo-mit-claim.svg\",\"contentUrl\":\"https:\\\/\\\/mediafocus.ch\\\/wp-content\\\/uploads\\\/2022\\\/05\\\/media-focus-logo-mit-claim.svg\",\"caption\":\"Media Focus\"},\"image\":{\"@id\":\"https:\\\/\\\/mediafocus.ch\\\/fr\\\/#\\\/schema\\\/logo\\\/image\\\/\"}}]}<\/script>\n<!-- \/ Yoast SEO plugin. -->","yoast_head_json":{"title":"FAQ WizzAd+ - Media Focus","description":"Dans notre FAQ, vous trouverez toutes les r\u00e9ponses cl\u00e9s aux questions les plus fr\u00e9quemment pos\u00e9es et des GIF utiles sur WizzAd+.","robots":{"index":"index","follow":"follow","max-snippet":"max-snippet:-1","max-image-preview":"max-image-preview:large","max-video-preview":"max-video-preview:-1"},"canonical":"https:\/\/mediafocus.ch\/fr\/wizzad\/faq-wizzad\/","og_locale":"fr_FR","og_type":"article","og_title":"FAQ WizzAd+ - Media Focus","og_description":"Dans notre FAQ, vous trouverez toutes les r\u00e9ponses cl\u00e9s aux questions les plus fr\u00e9quemment pos\u00e9es et des GIF utiles sur WizzAd+.","og_url":"https:\/\/mediafocus.ch\/fr\/wizzad\/faq-wizzad\/","og_site_name":"Media Focus","article_modified_time":"2023-11-01T10:12:22+00:00","og_image":[{"url":"https:\/\/mediafocus.ch\/wp-content\/uploads\/2022\/03\/AHE_9134@2x.jpg","type":"","width":"","height":""}],"twitter_card":"summary_large_image","twitter_misc":{"Dur\u00e9e de lecture estim\u00e9e":"10 minutes"},"schema":{"@context":"https:\/\/schema.org","@graph":[{"@type":"WebPage","@id":"https:\/\/mediafocus.ch\/fr\/wizzad\/faq-wizzad\/","url":"https:\/\/mediafocus.ch\/fr\/wizzad\/faq-wizzad\/","name":"FAQ WizzAd+ - Media Focus","isPartOf":{"@id":"https:\/\/mediafocus.ch\/fr\/#website"},"primaryImageOfPage":{"@id":"https:\/\/mediafocus.ch\/fr\/wizzad\/faq-wizzad\/#primaryimage"},"image":{"@id":"https:\/\/mediafocus.ch\/fr\/wizzad\/faq-wizzad\/#primaryimage"},"thumbnailUrl":"https:\/\/mediafocus.ch\/wp-content\/uploads\/2022\/03\/AHE_9134@2x.jpg","datePublished":"2022-04-06T20:57:18+00:00","dateModified":"2023-11-01T10:12:22+00:00","description":"Dans notre FAQ, vous trouverez toutes les r\u00e9ponses cl\u00e9s aux questions les plus fr\u00e9quemment pos\u00e9es et des GIF utiles sur WizzAd+.","breadcrumb":{"@id":"https:\/\/mediafocus.ch\/fr\/wizzad\/faq-wizzad\/#breadcrumb"},"inLanguage":"fr-FR","potentialAction":[{"@type":"ReadAction","target":["https:\/\/mediafocus.ch\/fr\/wizzad\/faq-wizzad\/"]}]},{"@type":"ImageObject","inLanguage":"fr-FR","@id":"https:\/\/mediafocus.ch\/fr\/wizzad\/faq-wizzad\/#primaryimage","url":"https:\/\/mediafocus.ch\/wp-content\/uploads\/2022\/03\/AHE_9134@2x.jpg","contentUrl":"https:\/\/mediafocus.ch\/wp-content\/uploads\/2022\/03\/AHE_9134@2x.jpg"},{"@type":"BreadcrumbList","@id":"https:\/\/mediafocus.ch\/fr\/wizzad\/faq-wizzad\/#breadcrumb","itemListElement":[{"@type":"ListItem","position":1,"name":"Home","item":"https:\/\/mediafocus.ch\/fr\/"},{"@type":"ListItem","position":2,"name":"WizzAd+","item":"https:\/\/mediafocus.ch\/fr\/wizzad\/"},{"@type":"ListItem","position":3,"name":"FAQ WizzAd+"}]},{"@type":"WebSite","@id":"https:\/\/mediafocus.ch\/fr\/#website","url":"https:\/\/mediafocus.ch\/fr\/","name":"Media Focus","description":"Data driven insights","publisher":{"@id":"https:\/\/mediafocus.ch\/fr\/#organization"},"potentialAction":[{"@type":"SearchAction","target":{"@type":"EntryPoint","urlTemplate":"https:\/\/mediafocus.ch\/fr\/?s={search_term_string}"},"query-input":{"@type":"PropertyValueSpecification","valueRequired":true,"valueName":"search_term_string"}}],"inLanguage":"fr-FR"},{"@type":"Organization","@id":"https:\/\/mediafocus.ch\/fr\/#organization","name":"Media Focus","url":"https:\/\/mediafocus.ch\/fr\/","logo":{"@type":"ImageObject","inLanguage":"fr-FR","@id":"https:\/\/mediafocus.ch\/fr\/#\/schema\/logo\/image\/","url":"https:\/\/mediafocus.ch\/wp-content\/uploads\/2022\/05\/media-focus-logo-mit-claim.svg","contentUrl":"https:\/\/mediafocus.ch\/wp-content\/uploads\/2022\/05\/media-focus-logo-mit-claim.svg","caption":"Media Focus"},"image":{"@id":"https:\/\/mediafocus.ch\/fr\/#\/schema\/logo\/image\/"}}]}},"_links":{"self":[{"href":"https:\/\/mediafocus.ch\/fr\/wp-json\/wp\/v2\/pages\/7368","targetHints":{"allow":["GET"]}}],"collection":[{"href":"https:\/\/mediafocus.ch\/fr\/wp-json\/wp\/v2\/pages"}],"about":[{"href":"https:\/\/mediafocus.ch\/fr\/wp-json\/wp\/v2\/types\/page"}],"author":[{"embeddable":true,"href":"https:\/\/mediafocus.ch\/fr\/wp-json\/wp\/v2\/users\/2"}],"replies":[{"embeddable":true,"href":"https:\/\/mediafocus.ch\/fr\/wp-json\/wp\/v2\/comments?post=7368"}],"version-history":[{"count":5,"href":"https:\/\/mediafocus.ch\/fr\/wp-json\/wp\/v2\/pages\/7368\/revisions"}],"predecessor-version":[{"id":78697,"href":"https:\/\/mediafocus.ch\/fr\/wp-json\/wp\/v2\/pages\/7368\/revisions\/78697"}],"up":[{"embeddable":true,"href":"https:\/\/mediafocus.ch\/fr\/wp-json\/wp\/v2\/pages\/7366"}],"wp:attachment":[{"href":"https:\/\/mediafocus.ch\/fr\/wp-json\/wp\/v2\/media?parent=7368"}],"curies":[{"name":"wp","href":"https:\/\/api.w.org\/{rel}","templated":true}]}}