{"id":7370,"date":"2022-04-06T22:58:50","date_gmt":"2022-04-06T20:58:50","guid":{"rendered":"https:\/\/mediafocus.ch\/?page_id=7370"},"modified":"2025-08-26T16:22:57","modified_gmt":"2025-08-26T14:22:57","slug":"produits","status":"publish","type":"page","link":"https:\/\/mediafocus.ch\/fr\/produits\/","title":{"rendered":"Produits"},"content":{"rendered":"\n<div class=\"wp-block-cover is-light\" style=\"min-height:700px;aspect-ratio:unset;\"><img loading=\"lazy\" decoding=\"async\" width=\"2560\" height=\"1235\" class=\"wp-block-cover__image-background wp-image-6620\" alt=\"\" src=\"https:\/\/mediafocus.ch\/wp-content\/uploads\/2022\/03\/Mobiliar-Titelbild-scaled.jpg\" data-object-fit=\"cover\" srcset=\"https:\/\/mediafocus.ch\/wp-content\/uploads\/2022\/03\/Mobiliar-Titelbild-scaled.jpg 2560w, https:\/\/mediafocus.ch\/wp-content\/uploads\/2022\/03\/Mobiliar-Titelbild-300x145.jpg 300w, https:\/\/mediafocus.ch\/wp-content\/uploads\/2022\/03\/Mobiliar-Titelbild-1024x494.jpg 1024w, https:\/\/mediafocus.ch\/wp-content\/uploads\/2022\/03\/Mobiliar-Titelbild-768x370.jpg 768w, https:\/\/mediafocus.ch\/wp-content\/uploads\/2022\/03\/Mobiliar-Titelbild-1536x741.jpg 1536w, https:\/\/mediafocus.ch\/wp-content\/uploads\/2022\/03\/Mobiliar-Titelbild-2048x988.jpg 2048w\" sizes=\"auto, (max-width: 2560px) 100vw, 2560px\" \/><span aria-hidden=\"true\" class=\"wp-block-cover__background has-background-dim-0 has-background-dim\"><\/span><div class=\"wp-block-cover__inner-container is-layout-flow wp-block-cover-is-layout-flow\">\n<p class=\"has-text-align-center has-large-font-size\"><\/p>\n<\/div><\/div>\n\n\n\n\n\n<div style=\"height:100px\" aria-hidden=\"true\" class=\"wp-block-spacer\"><\/div>\n\n\n\n<div class=\"wp-block-group is-layout-flow wp-block-group-is-layout-flow\">\n<div class=\"wp-block-columns container-xxl is-layout-flex wp-container-core-columns-is-layout-9d6595d7 wp-block-columns-is-layout-flex\">\n<div class=\"wp-block-column is-layout-flow wp-block-column-is-layout-flow\">\n<h1 class=\"wp-block-heading has-turqoise-500-color has-text-color\">Produits<\/h1>\n<\/div>\n\n\n\n<div class=\"wp-block-column is-layout-flow wp-block-column-is-layout-flow\">\n<p>Media&nbsp;Focus vous offre des produits et des services de surveillance du <a href=\"https:\/\/mediafocus.ch\/fr\/produits\/statistiques-publicitaires\/\">volume de publicit\u00e9<\/a>, de <a href=\"https:\/\/mediafocus.ch\/fr\/produits\/analyses\/\">communication <\/a>et de <a href=\"https:\/\/mediafocus.ch\/fr\/produits\/sponsoring\/\">sponsoring<\/a>.<br>Gr\u00e2ce \u00e0 cela, vous pouvez suivre les activit\u00e9s de communication concurrentes dans un paysage m\u00e9diatique \u2013 classique et num\u00e9rique \u2013 en constante \u00e9volution.<br><br>Pour y parvenir, nos produits r\u00e9pondent \u00e0 vos besoins et \u00e0 vos questions.<\/p>\n<\/div>\n<\/div>\n<\/div>\n\n\n\n<div style=\"height:100px\" aria-hidden=\"true\" class=\"wp-block-spacer\"><\/div>\n\n\n\n\n\n\n\n\n\n\n\n<section class=\"wp-block-xeit-newsletter section section-form newsletter\" id=\"newsletter-form\" style=\"background-color:#0942bd\"><div class=\"container-medium\"><div class=\"row\"><div class=\"col-lg-5\"><section>\n<h3 class=\"wp-block-heading has-white-000-color has-text-color\">N\u2019h\u00e9sitez pas \u00e0 nous contacter.<\/h3>\n\n\n\n<p class=\"has-white-000-color has-text-color\"><br>Notre \u00e9quipe Conseil et Analyse se fera un plaisir de vous aider.<\/p>\n<\/section><\/div><div class=\"col-lg-6 pl-xl-9\"><div class=\"contactInfo\" style=\"display:flex;gap:20px;margin:20px 0;font-size:xx-large;flex-direction:column\"><div class=\"telInfo mediafocus-wite\" style=\"display:flex;gap:20px\"><img decoding=\"async\" class=\"\" src=\"https:\/\/mediafocus.ch\/wp-content\/themes\/mediafocus-ch\/images\/icons\/phone.svg\"\/><a><a href=\"tel:+41453222750\">T +41 43 322 27 50<\/a><\/a><\/div><div class=\"mailInfo mediafocus-wite\" style=\"display:flex;gap:20px\"><img decoding=\"async\" class=\"\" src=\"https:\/\/mediafocus.ch\/wp-content\/themes\/mediafocus-ch\/images\/icons\/mail.svg\"\/><a><a href=\"mailto:mediafocus@mediafocus.ch\">mediafocus@mediafocus.ch<\/a><\/a><\/div><\/div><input type=\"submit\" value=\"Contactez nous\" class=\"btn btn-outline-white\" data-mf-button=\"modalWindow-5b8c663c-26df-478b-8611-61df1bc36f24\"\/><div class=\"modal\" id=\"modalWindow-5b8c663c-26df-478b-8611-61df1bc36f24\" data-mf-modal=\"modal\"><div class=\"modal__dialog\"><div class=\"modal__content\"><div class=\"modal__body\"><div class=\"ratio ratio--4x3\"><iframe class=\"modal__iframe\" src=\"https:\/\/online3.superoffice.com\/Cust27000\/CS\/scripts\/customer.fcgi?action=formFrame&amp;formId=F-php5jCan\"><\/iframe><\/div><\/div><\/div><\/div><\/div><div class=\"modal__backdrop\" id=\"modalBackdrop\"><\/div><\/div><\/div><\/div><\/section>\n","protected":false},"excerpt":{"rendered":"<p>Produits Media&nbsp;Focus vous offre des produits et des services de surveillance du volume de publicit\u00e9, de communication et de sponsoring.Gr\u00e2ce \u00e0 cela, vous pouvez suivre les activit\u00e9s de communication concurrentes dans un paysage m\u00e9diatique \u2013 classique et num\u00e9rique \u2013 en constante \u00e9volution. Pour y parvenir, nos produits r\u00e9pondent \u00e0 vos besoins et \u00e0 vos questions.<\/p>\n","protected":false},"author":2,"featured_media":0,"parent":0,"menu_order":1,"comment_status":"closed","ping_status":"closed","template":"","meta":{"footnotes":""},"class_list":["post-7370","page","type-page","status-publish","hentry"],"yoast_head":"<!-- This site is optimized with the Yoast SEO plugin v27.4 - https:\/\/yoast.com\/product\/yoast-seo-wordpress\/ -->\n<title>Produits - Media Focus<\/title>\n<meta name=\"description\" content=\"Media Focus offre des produits et des services de surveillance de la publicit\u00e9, de la communication et du sponsoring. Le tout adapt\u00e9 \u00e0 vos besoins!\" \/>\n<meta name=\"robots\" content=\"index, follow, max-snippet:-1, max-image-preview:large, max-video-preview:-1\" \/>\n<link rel=\"canonical\" href=\"https:\/\/mediafocus.ch\/fr\/produits\/\" \/>\n<meta property=\"og:locale\" content=\"fr_FR\" \/>\n<meta property=\"og:type\" content=\"article\" \/>\n<meta property=\"og:title\" content=\"Produits - Media Focus\" \/>\n<meta property=\"og:description\" content=\"Media Focus offre des produits et des services de surveillance de la publicit\u00e9, de la communication et du sponsoring. Le tout adapt\u00e9 \u00e0 vos besoins!\" \/>\n<meta property=\"og:url\" content=\"https:\/\/mediafocus.ch\/fr\/produits\/\" \/>\n<meta property=\"og:site_name\" content=\"Media Focus\" \/>\n<meta property=\"article:modified_time\" content=\"2025-08-26T14:22:57+00:00\" \/>\n<meta property=\"og:image\" content=\"https:\/\/mediafocus.ch\/wp-content\/uploads\/2022\/03\/Mobiliar-Titelbild-scaled.jpg\" \/>\n\t<meta property=\"og:image:width\" content=\"2560\" \/>\n\t<meta property=\"og:image:height\" content=\"1235\" \/>\n\t<meta property=\"og:image:type\" content=\"image\/jpeg\" \/>\n<meta name=\"twitter:card\" content=\"summary_large_image\" \/>\n<meta name=\"twitter:label1\" content=\"Dur\u00e9e de lecture estim\u00e9e\" \/>\n\t<meta name=\"twitter:data1\" content=\"2 minutes\" \/>\n<script type=\"application\/ld+json\" class=\"yoast-schema-graph\">{\"@context\":\"https:\\\/\\\/schema.org\",\"@graph\":[{\"@type\":\"WebPage\",\"@id\":\"https:\\\/\\\/mediafocus.ch\\\/fr\\\/produits\\\/\",\"url\":\"https:\\\/\\\/mediafocus.ch\\\/fr\\\/produits\\\/\",\"name\":\"Produits - Media Focus\",\"isPartOf\":{\"@id\":\"https:\\\/\\\/mediafocus.ch\\\/fr\\\/#website\"},\"primaryImageOfPage\":{\"@id\":\"https:\\\/\\\/mediafocus.ch\\\/fr\\\/produits\\\/#primaryimage\"},\"image\":{\"@id\":\"https:\\\/\\\/mediafocus.ch\\\/fr\\\/produits\\\/#primaryimage\"},\"thumbnailUrl\":\"https:\\\/\\\/mediafocus.ch\\\/wp-content\\\/uploads\\\/2022\\\/03\\\/Mobiliar-Titelbild-scaled.jpg\",\"datePublished\":\"2022-04-06T20:58:50+00:00\",\"dateModified\":\"2025-08-26T14:22:57+00:00\",\"description\":\"Media Focus offre des produits et des services de surveillance de la publicit\u00e9, de la communication et du sponsoring. Le tout adapt\u00e9 \u00e0 vos besoins!\",\"breadcrumb\":{\"@id\":\"https:\\\/\\\/mediafocus.ch\\\/fr\\\/produits\\\/#breadcrumb\"},\"inLanguage\":\"fr-FR\",\"potentialAction\":[{\"@type\":\"ReadAction\",\"target\":[\"https:\\\/\\\/mediafocus.ch\\\/fr\\\/produits\\\/\"]}]},{\"@type\":\"ImageObject\",\"inLanguage\":\"fr-FR\",\"@id\":\"https:\\\/\\\/mediafocus.ch\\\/fr\\\/produits\\\/#primaryimage\",\"url\":\"https:\\\/\\\/mediafocus.ch\\\/wp-content\\\/uploads\\\/2022\\\/03\\\/Mobiliar-Titelbild-scaled.jpg\",\"contentUrl\":\"https:\\\/\\\/mediafocus.ch\\\/wp-content\\\/uploads\\\/2022\\\/03\\\/Mobiliar-Titelbild-scaled.jpg\"},{\"@type\":\"BreadcrumbList\",\"@id\":\"https:\\\/\\\/mediafocus.ch\\\/fr\\\/produits\\\/#breadcrumb\",\"itemListElement\":[{\"@type\":\"ListItem\",\"position\":1,\"name\":\"Home\",\"item\":\"https:\\\/\\\/mediafocus.ch\\\/fr\\\/\"},{\"@type\":\"ListItem\",\"position\":2,\"name\":\"Produits\"}]},{\"@type\":\"WebSite\",\"@id\":\"https:\\\/\\\/mediafocus.ch\\\/fr\\\/#website\",\"url\":\"https:\\\/\\\/mediafocus.ch\\\/fr\\\/\",\"name\":\"Media Focus\",\"description\":\"Data driven insights\",\"publisher\":{\"@id\":\"https:\\\/\\\/mediafocus.ch\\\/fr\\\/#organization\"},\"potentialAction\":[{\"@type\":\"SearchAction\",\"target\":{\"@type\":\"EntryPoint\",\"urlTemplate\":\"https:\\\/\\\/mediafocus.ch\\\/fr\\\/?s={search_term_string}\"},\"query-input\":{\"@type\":\"PropertyValueSpecification\",\"valueRequired\":true,\"valueName\":\"search_term_string\"}}],\"inLanguage\":\"fr-FR\"},{\"@type\":\"Organization\",\"@id\":\"https:\\\/\\\/mediafocus.ch\\\/fr\\\/#organization\",\"name\":\"Media Focus\",\"url\":\"https:\\\/\\\/mediafocus.ch\\\/fr\\\/\",\"logo\":{\"@type\":\"ImageObject\",\"inLanguage\":\"fr-FR\",\"@id\":\"https:\\\/\\\/mediafocus.ch\\\/fr\\\/#\\\/schema\\\/logo\\\/image\\\/\",\"url\":\"https:\\\/\\\/mediafocus.ch\\\/wp-content\\\/uploads\\\/2022\\\/05\\\/media-focus-logo-mit-claim.svg\",\"contentUrl\":\"https:\\\/\\\/mediafocus.ch\\\/wp-content\\\/uploads\\\/2022\\\/05\\\/media-focus-logo-mit-claim.svg\",\"caption\":\"Media Focus\"},\"image\":{\"@id\":\"https:\\\/\\\/mediafocus.ch\\\/fr\\\/#\\\/schema\\\/logo\\\/image\\\/\"}}]}<\/script>\n<!-- \/ Yoast SEO plugin. -->","yoast_head_json":{"title":"Produits - Media Focus","description":"Media Focus offre des produits et des services de surveillance de la publicit\u00e9, de la communication et du sponsoring. Le tout adapt\u00e9 \u00e0 vos besoins!","robots":{"index":"index","follow":"follow","max-snippet":"max-snippet:-1","max-image-preview":"max-image-preview:large","max-video-preview":"max-video-preview:-1"},"canonical":"https:\/\/mediafocus.ch\/fr\/produits\/","og_locale":"fr_FR","og_type":"article","og_title":"Produits - Media Focus","og_description":"Media Focus offre des produits et des services de surveillance de la publicit\u00e9, de la communication et du sponsoring. Le tout adapt\u00e9 \u00e0 vos besoins!","og_url":"https:\/\/mediafocus.ch\/fr\/produits\/","og_site_name":"Media Focus","article_modified_time":"2025-08-26T14:22:57+00:00","og_image":[{"width":2560,"height":1235,"url":"https:\/\/mediafocus.ch\/wp-content\/uploads\/2022\/03\/Mobiliar-Titelbild-scaled.jpg","type":"image\/jpeg"}],"twitter_card":"summary_large_image","twitter_misc":{"Dur\u00e9e de lecture estim\u00e9e":"2 minutes"},"schema":{"@context":"https:\/\/schema.org","@graph":[{"@type":"WebPage","@id":"https:\/\/mediafocus.ch\/fr\/produits\/","url":"https:\/\/mediafocus.ch\/fr\/produits\/","name":"Produits - Media Focus","isPartOf":{"@id":"https:\/\/mediafocus.ch\/fr\/#website"},"primaryImageOfPage":{"@id":"https:\/\/mediafocus.ch\/fr\/produits\/#primaryimage"},"image":{"@id":"https:\/\/mediafocus.ch\/fr\/produits\/#primaryimage"},"thumbnailUrl":"https:\/\/mediafocus.ch\/wp-content\/uploads\/2022\/03\/Mobiliar-Titelbild-scaled.jpg","datePublished":"2022-04-06T20:58:50+00:00","dateModified":"2025-08-26T14:22:57+00:00","description":"Media Focus offre des produits et des services de surveillance de la publicit\u00e9, de la communication et du sponsoring. Le tout adapt\u00e9 \u00e0 vos besoins!","breadcrumb":{"@id":"https:\/\/mediafocus.ch\/fr\/produits\/#breadcrumb"},"inLanguage":"fr-FR","potentialAction":[{"@type":"ReadAction","target":["https:\/\/mediafocus.ch\/fr\/produits\/"]}]},{"@type":"ImageObject","inLanguage":"fr-FR","@id":"https:\/\/mediafocus.ch\/fr\/produits\/#primaryimage","url":"https:\/\/mediafocus.ch\/wp-content\/uploads\/2022\/03\/Mobiliar-Titelbild-scaled.jpg","contentUrl":"https:\/\/mediafocus.ch\/wp-content\/uploads\/2022\/03\/Mobiliar-Titelbild-scaled.jpg"},{"@type":"BreadcrumbList","@id":"https:\/\/mediafocus.ch\/fr\/produits\/#breadcrumb","itemListElement":[{"@type":"ListItem","position":1,"name":"Home","item":"https:\/\/mediafocus.ch\/fr\/"},{"@type":"ListItem","position":2,"name":"Produits"}]},{"@type":"WebSite","@id":"https:\/\/mediafocus.ch\/fr\/#website","url":"https:\/\/mediafocus.ch\/fr\/","name":"Media Focus","description":"Data driven insights","publisher":{"@id":"https:\/\/mediafocus.ch\/fr\/#organization"},"potentialAction":[{"@type":"SearchAction","target":{"@type":"EntryPoint","urlTemplate":"https:\/\/mediafocus.ch\/fr\/?s={search_term_string}"},"query-input":{"@type":"PropertyValueSpecification","valueRequired":true,"valueName":"search_term_string"}}],"inLanguage":"fr-FR"},{"@type":"Organization","@id":"https:\/\/mediafocus.ch\/fr\/#organization","name":"Media Focus","url":"https:\/\/mediafocus.ch\/fr\/","logo":{"@type":"ImageObject","inLanguage":"fr-FR","@id":"https:\/\/mediafocus.ch\/fr\/#\/schema\/logo\/image\/","url":"https:\/\/mediafocus.ch\/wp-content\/uploads\/2022\/05\/media-focus-logo-mit-claim.svg","contentUrl":"https:\/\/mediafocus.ch\/wp-content\/uploads\/2022\/05\/media-focus-logo-mit-claim.svg","caption":"Media Focus"},"image":{"@id":"https:\/\/mediafocus.ch\/fr\/#\/schema\/logo\/image\/"}}]}},"_links":{"self":[{"href":"https:\/\/mediafocus.ch\/fr\/wp-json\/wp\/v2\/pages\/7370","targetHints":{"allow":["GET"]}}],"collection":[{"href":"https:\/\/mediafocus.ch\/fr\/wp-json\/wp\/v2\/pages"}],"about":[{"href":"https:\/\/mediafocus.ch\/fr\/wp-json\/wp\/v2\/types\/page"}],"author":[{"embeddable":true,"href":"https:\/\/mediafocus.ch\/fr\/wp-json\/wp\/v2\/users\/2"}],"replies":[{"embeddable":true,"href":"https:\/\/mediafocus.ch\/fr\/wp-json\/wp\/v2\/comments?post=7370"}],"version-history":[{"count":6,"href":"https:\/\/mediafocus.ch\/fr\/wp-json\/wp\/v2\/pages\/7370\/revisions"}],"predecessor-version":[{"id":391980,"href":"https:\/\/mediafocus.ch\/fr\/wp-json\/wp\/v2\/pages\/7370\/revisions\/391980"}],"wp:attachment":[{"href":"https:\/\/mediafocus.ch\/fr\/wp-json\/wp\/v2\/media?parent=7370"}],"curies":[{"name":"wp","href":"https:\/\/api.w.org\/{rel}","templated":true}]}}