{"id":7372,"date":"2022-04-07T15:25:17","date_gmt":"2022-04-07T13:25:17","guid":{"rendered":"https:\/\/mediafocus.ch\/?page_id=7372"},"modified":"2025-08-26T16:24:28","modified_gmt":"2025-08-26T14:24:28","slug":"statistiques-publicitaires","status":"publish","type":"page","link":"https:\/\/mediafocus.ch\/fr\/produits\/statistiques-publicitaires\/","title":{"rendered":"Statistiques publicitaires"},"content":{"rendered":"\n<div class=\"wp-block-cover is-light\" style=\"min-height:700px;aspect-ratio:unset;\"><img loading=\"lazy\" decoding=\"async\" width=\"2000\" height=\"611\" class=\"wp-block-cover__image-background wp-image-1377\" alt=\"\" src=\"https:\/\/mediafocus.ch\/wp-content\/uploads\/2022\/02\/Werbedruck-Titelbild.png\" style=\"object-position:50% 85%\" data-object-fit=\"cover\" data-object-position=\"50% 85%\" srcset=\"https:\/\/mediafocus.ch\/wp-content\/uploads\/2022\/02\/Werbedruck-Titelbild.png 2000w, https:\/\/mediafocus.ch\/wp-content\/uploads\/2022\/02\/Werbedruck-Titelbild-300x92.png 300w, https:\/\/mediafocus.ch\/wp-content\/uploads\/2022\/02\/Werbedruck-Titelbild-1024x313.png 1024w, https:\/\/mediafocus.ch\/wp-content\/uploads\/2022\/02\/Werbedruck-Titelbild-768x235.png 768w, https:\/\/mediafocus.ch\/wp-content\/uploads\/2022\/02\/Werbedruck-Titelbild-1536x469.png 1536w\" sizes=\"auto, (max-width: 2000px) 100vw, 2000px\" \/><span aria-hidden=\"true\" class=\"wp-block-cover__background has-background-dim-0 has-background-dim\"><\/span><div class=\"wp-block-cover__inner-container is-layout-flow wp-block-cover-is-layout-flow\">\n<p class=\"has-text-align-center has-large-font-size\"><\/p>\n<\/div><\/div>\n\n\n\n\n\n<div style=\"height:100px\" aria-hidden=\"true\" class=\"wp-block-spacer\"><\/div>\n\n\n\n<div class=\"wp-block-group is-layout-flow wp-block-group-is-layout-flow\">\n<div class=\"wp-block-columns container-xxl is-layout-flex wp-container-core-columns-is-layout-9d6595d7 wp-block-columns-is-layout-flex\">\n<div class=\"wp-block-column is-layout-flow wp-block-column-is-layout-flow\">\n<h1 class=\"wp-block-heading has-turqoise-500-color has-text-color\">Statistiques <br>publicitaires<\/h1>\n<\/div>\n\n\n\n<div class=\"wp-block-column is-layout-flow wp-block-column-is-layout-flow\">\n<p><br>Les statistiques publicitaires comprennent les donn\u00e9es relatives \u00e0 la pr\u00e9sence publicitaire de tous les produits annonc\u00e9s sur le march\u00e9 publicitaire suisse au cours des 10&nbsp;derni\u00e8res ann\u00e9es.<\/p>\n<\/div>\n<\/div>\n<\/div>\n\n\n\n<div style=\"height:100px\" aria-hidden=\"true\" class=\"wp-block-spacer\"><\/div>\n\n\n\n<div class=\"wp-block-media-text alignwide has-media-on-the-right is-stacked-on-mobile has-turqoise-500-background-color has-background\"><div class=\"wp-block-media-text__content\">\n<h2 class=\"wp-block-heading is-style-checkmark-heading has-white-000-color has-text-color has-large-font-size\">Statistiques publicitaires<\/h2>\n\n\n\n<p class=\"has-white-000-color has-text-color\">Media Focus collecte en Suisse toutes les donn\u00e9es publicitaires pertinentes et les cr\u00e9ations de plus de 93&nbsp;000 soci\u00e9t\u00e9s avec plus de 220&nbsp;000 marques et produits. Ceux-ci sont r\u00e9partis en 21&nbsp;secteurs, 130&nbsp;groupes de produits et 900&nbsp;segments de produits.<\/p>\n\n\n\n<p class=\"has-white-000-color has-text-color\">Les statistiques du march\u00e9 publicitaire pr\u00e9sentent une image globale du march\u00e9, permettent un benchmarking complet et fournissent ICP importants pour votre strat\u00e9gie de marketing, ainsi que pour vos activit\u00e9s de marketing.<\/p>\n<\/div><figure class=\"wp-block-media-text__media\"><img loading=\"lazy\" decoding=\"async\" width=\"1024\" height=\"683\" src=\"https:\/\/mediafocus.ch\/wp-content\/uploads\/2022\/02\/Werbedruckstatistik-Produkt-1024x683.png\" alt=\"Zwei m\u00e4nnliche Mitarbeiter im Gespr\u00e4ch, der eine hat einen Laptop der andere ein iPad in der Hand.\" class=\"wp-image-1527 size-full\" srcset=\"https:\/\/mediafocus.ch\/wp-content\/uploads\/2022\/02\/Werbedruckstatistik-Produkt-1024x683.png 1024w, https:\/\/mediafocus.ch\/wp-content\/uploads\/2022\/02\/Werbedruckstatistik-Produkt-300x200.png 300w, https:\/\/mediafocus.ch\/wp-content\/uploads\/2022\/02\/Werbedruckstatistik-Produkt-768x512.png 768w, https:\/\/mediafocus.ch\/wp-content\/uploads\/2022\/02\/Werbedruckstatistik-Produkt.png 1500w\" sizes=\"auto, (max-width: 1024px) 100vw, 1024px\" \/><\/figure><\/div>\n\n\n\n<section class=\"wp-block-group container container-medium is-layout-flow wp-block-group-is-layout-flow\">\n<div style=\"height:100px\" aria-hidden=\"true\" class=\"wp-block-spacer\"><\/div>\n\n\n\n<div style=\"height:50px\" aria-hidden=\"true\" class=\"wp-block-spacer\"><\/div>\n\n\n\n<h3 class=\"wp-block-heading is-style-default\">Les statistiques publicitaires de Media&nbsp;Focus montrent en d\u00e9tail:<\/h3>\n\n\n\n<div style=\"height:20px\" aria-hidden=\"true\" class=\"wp-block-spacer\"><\/div>\n\n\n\n<ul class=\"wp-block-list\">\n<li><strong><strong>Quel fabriquant<\/strong><\/strong><\/li>\n\n\n\n<li><strong><strong>Quel produit<\/strong><\/strong><\/li>\n\n\n\n<li><strong><strong>Quand<\/strong>&nbsp;<\/strong>(ann\u00e9e, mois, jour, heure)<\/li>\n\n\n\n<li><strong><strong>Sur quel support publicitaire<\/strong><\/strong><\/li>\n\n\n\n<li><strong><strong>Ou<\/strong>&nbsp;<\/strong>(page, position de l\u2019annonce, \u00e9cran publicitaire, emplacement dans l\u2019\u00e9cran publicitaire, r\u00e9gion linguistique)<\/li>\n\n\n\n<li><strong><strong>Quel format<\/strong>&nbsp;<\/strong>(forme publicitaire, type et couleur de l\u2019annonce, longueur du spot, type d\u2019affichage)<\/li>\n\n\n\n<li><strong><strong>Quels motifs\/sujets<\/strong>&nbsp;<\/strong>sont mis en avant dans la publicit\u00e9.<\/li>\n<\/ul>\n\n\n\n<div style=\"height:50px\" aria-hidden=\"true\" class=\"wp-block-spacer\"><\/div>\n\n\n\n<p><strong><strong><strong>Les statistiques publicitaires offrent une s\u00e9rie d\u2019informations passionnantes:<\/strong><\/strong><\/strong><\/p>\n\n\n\n<ul class=\"wp-block-list is-style-checkmark-green-list\">\n<li>Observez l\u2019\u00e9volution du march\u00e9 publicitaire de votre secteur.<\/li>\n\n\n\n<li>Gardez un \u0153il sur l\u2019\u00e9volution des diff\u00e9rents march\u00e9s de produits.<\/li>\n\n\n\n<li>Comparez votre strat\u00e9gie m\u00e9dias avec celle de vos concurrents.<\/li>\n\n\n\n<li>Contr\u00f4lez votre visibilit\u00e9 sur Google.<\/li>\n\n\n\n<li>Optimisez votre propre comportement publicitaire.<\/li>\n\n\n\n<li>Cr\u00e9ez des analyses dans l\u2019outil d\u2019\u00e9valuation et de visualisation \u00abWizzAd+\u00bb.<\/li>\n<\/ul>\n\n\n\n<div style=\"height:20px\" aria-hidden=\"true\" class=\"wp-block-spacer\"><\/div>\n<\/section>\n\n\n\n\n\n\n\n\n\n<section class=\"wp-block-xeit-newsletter section section-form newsletter\" id=\"newsletter-form\" style=\"background-color:#0942bd\"><div class=\"container-medium\"><div class=\"row\"><div class=\"col-lg-5\"><section>\n<h3 class=\"wp-block-heading has-white-000-color has-text-color\">N\u2019h\u00e9sitez pas \u00e0 nous contacter.<\/h3>\n\n\n\n<p class=\"has-white-000-color has-text-color\"><br>Notre \u00e9quipe Conseil et Analyse se fera un plaisir de vous aider.<\/p>\n<\/section><\/div><div class=\"col-lg-6 pl-xl-9\"><div class=\"contactInfo\" style=\"display:flex;gap:20px;margin:20px 0;font-size:xx-large;flex-direction:column\"><div class=\"telInfo mediafocus-wite\" style=\"display:flex;gap:20px\"><img decoding=\"async\" class=\"\" src=\"https:\/\/mediafocus.ch\/wp-content\/themes\/mediafocus-ch\/images\/icons\/phone.svg\"\/><a><a href=\"tel:+41453222750\">T +41 43 322 27 50<\/a><\/a><\/div><div class=\"mailInfo mediafocus-wite\" style=\"display:flex;gap:20px\"><img decoding=\"async\" class=\"\" src=\"https:\/\/mediafocus.ch\/wp-content\/themes\/mediafocus-ch\/images\/icons\/mail.svg\"\/><a><a href=\"mailto:mediafocus@mediafocus.ch\">mediafocus@mediafocus.ch<\/a><\/a><\/div><\/div><input type=\"submit\" value=\"Contactez nous\" class=\"btn btn-outline-white\" data-mf-button=\"modalWindow-5b8c663c-26df-478b-8611-61df1bc36f24\"\/><div class=\"modal\" id=\"modalWindow-5b8c663c-26df-478b-8611-61df1bc36f24\" data-mf-modal=\"modal\"><div class=\"modal__dialog\"><div class=\"modal__content\"><div class=\"modal__body\"><div class=\"ratio ratio--4x3\"><iframe class=\"modal__iframe\" src=\"https:\/\/online3.superoffice.com\/Cust27000\/CS\/scripts\/customer.fcgi?action=formFrame&amp;formId=F-php5jCan\"><\/iframe><\/div><\/div><\/div><\/div><\/div><div class=\"modal__backdrop\" id=\"modalBackdrop\"><\/div><\/div><\/div><\/div><\/section>\n","protected":false},"excerpt":{"rendered":"<p>Statistiques publicitaires Les statistiques publicitaires comprennent les donn\u00e9es relatives \u00e0 la pr\u00e9sence publicitaire de tous les produits annonc\u00e9s sur le march\u00e9 publicitaire suisse au cours des 10&nbsp;derni\u00e8res ann\u00e9es. Statistiques publicitaires Media Focus collecte en Suisse toutes les donn\u00e9es publicitaires pertinentes et les cr\u00e9ations de plus de 93&nbsp;000 soci\u00e9t\u00e9s avec plus de 220&nbsp;000 marques et produits. [&hellip;]<\/p>\n","protected":false},"author":2,"featured_media":0,"parent":7370,"menu_order":1,"comment_status":"closed","ping_status":"closed","template":"","meta":{"footnotes":""},"class_list":["post-7372","page","type-page","status-publish","hentry"],"yoast_head":"<!-- This site is optimized with the Yoast SEO plugin v27.4 - https:\/\/yoast.com\/product\/yoast-seo-wordpress\/ -->\n<title>Statistiques publicitaires - Media Focus<\/title>\n<meta name=\"description\" content=\"Les statistiques publicitaires comprennent les donn\u00e9es relatives \u00e0 la pr\u00e9sence publicitaire de tous les produits annonc\u00e9s.\" \/>\n<meta name=\"robots\" content=\"index, follow, max-snippet:-1, max-image-preview:large, max-video-preview:-1\" \/>\n<link rel=\"canonical\" href=\"https:\/\/mediafocus.ch\/fr\/produits\/statistiques-publicitaires\/\" \/>\n<meta property=\"og:locale\" content=\"fr_FR\" \/>\n<meta property=\"og:type\" content=\"article\" \/>\n<meta property=\"og:title\" content=\"Statistiques publicitaires - Media Focus\" \/>\n<meta property=\"og:description\" content=\"Les statistiques publicitaires comprennent les donn\u00e9es relatives \u00e0 la pr\u00e9sence publicitaire de tous les produits annonc\u00e9s.\" \/>\n<meta property=\"og:url\" content=\"https:\/\/mediafocus.ch\/fr\/produits\/statistiques-publicitaires\/\" \/>\n<meta property=\"og:site_name\" content=\"Media Focus\" \/>\n<meta property=\"article:modified_time\" content=\"2025-08-26T14:24:28+00:00\" \/>\n<meta property=\"og:image\" content=\"https:\/\/mediafocus.ch\/wp-content\/uploads\/2022\/02\/Werbedruck-Titelbild.png\" \/>\n\t<meta property=\"og:image:width\" content=\"2000\" \/>\n\t<meta property=\"og:image:height\" content=\"611\" \/>\n\t<meta property=\"og:image:type\" content=\"image\/png\" \/>\n<meta name=\"twitter:card\" content=\"summary_large_image\" \/>\n<meta name=\"twitter:label1\" content=\"Dur\u00e9e de lecture estim\u00e9e\" \/>\n\t<meta name=\"twitter:data1\" content=\"3 minutes\" \/>\n<script type=\"application\/ld+json\" class=\"yoast-schema-graph\">{\"@context\":\"https:\\\/\\\/schema.org\",\"@graph\":[{\"@type\":\"WebPage\",\"@id\":\"https:\\\/\\\/mediafocus.ch\\\/fr\\\/produits\\\/statistiques-publicitaires\\\/\",\"url\":\"https:\\\/\\\/mediafocus.ch\\\/fr\\\/produits\\\/statistiques-publicitaires\\\/\",\"name\":\"Statistiques publicitaires - Media Focus\",\"isPartOf\":{\"@id\":\"https:\\\/\\\/mediafocus.ch\\\/fr\\\/#website\"},\"primaryImageOfPage\":{\"@id\":\"https:\\\/\\\/mediafocus.ch\\\/fr\\\/produits\\\/statistiques-publicitaires\\\/#primaryimage\"},\"image\":{\"@id\":\"https:\\\/\\\/mediafocus.ch\\\/fr\\\/produits\\\/statistiques-publicitaires\\\/#primaryimage\"},\"thumbnailUrl\":\"https:\\\/\\\/mediafocus.ch\\\/wp-content\\\/uploads\\\/2022\\\/02\\\/Werbedruck-Titelbild.png\",\"datePublished\":\"2022-04-07T13:25:17+00:00\",\"dateModified\":\"2025-08-26T14:24:28+00:00\",\"description\":\"Les statistiques publicitaires comprennent les donn\u00e9es relatives \u00e0 la pr\u00e9sence publicitaire de tous les produits annonc\u00e9s.\",\"breadcrumb\":{\"@id\":\"https:\\\/\\\/mediafocus.ch\\\/fr\\\/produits\\\/statistiques-publicitaires\\\/#breadcrumb\"},\"inLanguage\":\"fr-FR\",\"potentialAction\":[{\"@type\":\"ReadAction\",\"target\":[\"https:\\\/\\\/mediafocus.ch\\\/fr\\\/produits\\\/statistiques-publicitaires\\\/\"]}]},{\"@type\":\"ImageObject\",\"inLanguage\":\"fr-FR\",\"@id\":\"https:\\\/\\\/mediafocus.ch\\\/fr\\\/produits\\\/statistiques-publicitaires\\\/#primaryimage\",\"url\":\"https:\\\/\\\/mediafocus.ch\\\/wp-content\\\/uploads\\\/2022\\\/02\\\/Werbedruck-Titelbild.png\",\"contentUrl\":\"https:\\\/\\\/mediafocus.ch\\\/wp-content\\\/uploads\\\/2022\\\/02\\\/Werbedruck-Titelbild.png\"},{\"@type\":\"BreadcrumbList\",\"@id\":\"https:\\\/\\\/mediafocus.ch\\\/fr\\\/produits\\\/statistiques-publicitaires\\\/#breadcrumb\",\"itemListElement\":[{\"@type\":\"ListItem\",\"position\":1,\"name\":\"Home\",\"item\":\"https:\\\/\\\/mediafocus.ch\\\/fr\\\/\"},{\"@type\":\"ListItem\",\"position\":2,\"name\":\"Produits\",\"item\":\"https:\\\/\\\/mediafocus.ch\\\/fr\\\/produits\\\/\"},{\"@type\":\"ListItem\",\"position\":3,\"name\":\"Statistiques publicitaires\"}]},{\"@type\":\"WebSite\",\"@id\":\"https:\\\/\\\/mediafocus.ch\\\/fr\\\/#website\",\"url\":\"https:\\\/\\\/mediafocus.ch\\\/fr\\\/\",\"name\":\"Media Focus\",\"description\":\"Data driven insights\",\"publisher\":{\"@id\":\"https:\\\/\\\/mediafocus.ch\\\/fr\\\/#organization\"},\"potentialAction\":[{\"@type\":\"SearchAction\",\"target\":{\"@type\":\"EntryPoint\",\"urlTemplate\":\"https:\\\/\\\/mediafocus.ch\\\/fr\\\/?s={search_term_string}\"},\"query-input\":{\"@type\":\"PropertyValueSpecification\",\"valueRequired\":true,\"valueName\":\"search_term_string\"}}],\"inLanguage\":\"fr-FR\"},{\"@type\":\"Organization\",\"@id\":\"https:\\\/\\\/mediafocus.ch\\\/fr\\\/#organization\",\"name\":\"Media Focus\",\"url\":\"https:\\\/\\\/mediafocus.ch\\\/fr\\\/\",\"logo\":{\"@type\":\"ImageObject\",\"inLanguage\":\"fr-FR\",\"@id\":\"https:\\\/\\\/mediafocus.ch\\\/fr\\\/#\\\/schema\\\/logo\\\/image\\\/\",\"url\":\"https:\\\/\\\/mediafocus.ch\\\/wp-content\\\/uploads\\\/2022\\\/05\\\/media-focus-logo-mit-claim.svg\",\"contentUrl\":\"https:\\\/\\\/mediafocus.ch\\\/wp-content\\\/uploads\\\/2022\\\/05\\\/media-focus-logo-mit-claim.svg\",\"caption\":\"Media Focus\"},\"image\":{\"@id\":\"https:\\\/\\\/mediafocus.ch\\\/fr\\\/#\\\/schema\\\/logo\\\/image\\\/\"}}]}<\/script>\n<!-- \/ Yoast SEO plugin. -->","yoast_head_json":{"title":"Statistiques publicitaires - Media Focus","description":"Les statistiques publicitaires comprennent les donn\u00e9es relatives \u00e0 la pr\u00e9sence publicitaire de tous les produits annonc\u00e9s.","robots":{"index":"index","follow":"follow","max-snippet":"max-snippet:-1","max-image-preview":"max-image-preview:large","max-video-preview":"max-video-preview:-1"},"canonical":"https:\/\/mediafocus.ch\/fr\/produits\/statistiques-publicitaires\/","og_locale":"fr_FR","og_type":"article","og_title":"Statistiques publicitaires - Media Focus","og_description":"Les statistiques publicitaires comprennent les donn\u00e9es relatives \u00e0 la pr\u00e9sence publicitaire de tous les produits annonc\u00e9s.","og_url":"https:\/\/mediafocus.ch\/fr\/produits\/statistiques-publicitaires\/","og_site_name":"Media Focus","article_modified_time":"2025-08-26T14:24:28+00:00","og_image":[{"width":2000,"height":611,"url":"https:\/\/mediafocus.ch\/wp-content\/uploads\/2022\/02\/Werbedruck-Titelbild.png","type":"image\/png"}],"twitter_card":"summary_large_image","twitter_misc":{"Dur\u00e9e de lecture estim\u00e9e":"3 minutes"},"schema":{"@context":"https:\/\/schema.org","@graph":[{"@type":"WebPage","@id":"https:\/\/mediafocus.ch\/fr\/produits\/statistiques-publicitaires\/","url":"https:\/\/mediafocus.ch\/fr\/produits\/statistiques-publicitaires\/","name":"Statistiques publicitaires - Media Focus","isPartOf":{"@id":"https:\/\/mediafocus.ch\/fr\/#website"},"primaryImageOfPage":{"@id":"https:\/\/mediafocus.ch\/fr\/produits\/statistiques-publicitaires\/#primaryimage"},"image":{"@id":"https:\/\/mediafocus.ch\/fr\/produits\/statistiques-publicitaires\/#primaryimage"},"thumbnailUrl":"https:\/\/mediafocus.ch\/wp-content\/uploads\/2022\/02\/Werbedruck-Titelbild.png","datePublished":"2022-04-07T13:25:17+00:00","dateModified":"2025-08-26T14:24:28+00:00","description":"Les statistiques publicitaires comprennent les donn\u00e9es relatives \u00e0 la pr\u00e9sence publicitaire de tous les produits annonc\u00e9s.","breadcrumb":{"@id":"https:\/\/mediafocus.ch\/fr\/produits\/statistiques-publicitaires\/#breadcrumb"},"inLanguage":"fr-FR","potentialAction":[{"@type":"ReadAction","target":["https:\/\/mediafocus.ch\/fr\/produits\/statistiques-publicitaires\/"]}]},{"@type":"ImageObject","inLanguage":"fr-FR","@id":"https:\/\/mediafocus.ch\/fr\/produits\/statistiques-publicitaires\/#primaryimage","url":"https:\/\/mediafocus.ch\/wp-content\/uploads\/2022\/02\/Werbedruck-Titelbild.png","contentUrl":"https:\/\/mediafocus.ch\/wp-content\/uploads\/2022\/02\/Werbedruck-Titelbild.png"},{"@type":"BreadcrumbList","@id":"https:\/\/mediafocus.ch\/fr\/produits\/statistiques-publicitaires\/#breadcrumb","itemListElement":[{"@type":"ListItem","position":1,"name":"Home","item":"https:\/\/mediafocus.ch\/fr\/"},{"@type":"ListItem","position":2,"name":"Produits","item":"https:\/\/mediafocus.ch\/fr\/produits\/"},{"@type":"ListItem","position":3,"name":"Statistiques publicitaires"}]},{"@type":"WebSite","@id":"https:\/\/mediafocus.ch\/fr\/#website","url":"https:\/\/mediafocus.ch\/fr\/","name":"Media Focus","description":"Data driven insights","publisher":{"@id":"https:\/\/mediafocus.ch\/fr\/#organization"},"potentialAction":[{"@type":"SearchAction","target":{"@type":"EntryPoint","urlTemplate":"https:\/\/mediafocus.ch\/fr\/?s={search_term_string}"},"query-input":{"@type":"PropertyValueSpecification","valueRequired":true,"valueName":"search_term_string"}}],"inLanguage":"fr-FR"},{"@type":"Organization","@id":"https:\/\/mediafocus.ch\/fr\/#organization","name":"Media Focus","url":"https:\/\/mediafocus.ch\/fr\/","logo":{"@type":"ImageObject","inLanguage":"fr-FR","@id":"https:\/\/mediafocus.ch\/fr\/#\/schema\/logo\/image\/","url":"https:\/\/mediafocus.ch\/wp-content\/uploads\/2022\/05\/media-focus-logo-mit-claim.svg","contentUrl":"https:\/\/mediafocus.ch\/wp-content\/uploads\/2022\/05\/media-focus-logo-mit-claim.svg","caption":"Media Focus"},"image":{"@id":"https:\/\/mediafocus.ch\/fr\/#\/schema\/logo\/image\/"}}]}},"_links":{"self":[{"href":"https:\/\/mediafocus.ch\/fr\/wp-json\/wp\/v2\/pages\/7372","targetHints":{"allow":["GET"]}}],"collection":[{"href":"https:\/\/mediafocus.ch\/fr\/wp-json\/wp\/v2\/pages"}],"about":[{"href":"https:\/\/mediafocus.ch\/fr\/wp-json\/wp\/v2\/types\/page"}],"author":[{"embeddable":true,"href":"https:\/\/mediafocus.ch\/fr\/wp-json\/wp\/v2\/users\/2"}],"replies":[{"embeddable":true,"href":"https:\/\/mediafocus.ch\/fr\/wp-json\/wp\/v2\/comments?post=7372"}],"version-history":[{"count":6,"href":"https:\/\/mediafocus.ch\/fr\/wp-json\/wp\/v2\/pages\/7372\/revisions"}],"predecessor-version":[{"id":391982,"href":"https:\/\/mediafocus.ch\/fr\/wp-json\/wp\/v2\/pages\/7372\/revisions\/391982"}],"up":[{"embeddable":true,"href":"https:\/\/mediafocus.ch\/fr\/wp-json\/wp\/v2\/pages\/7370"}],"wp:attachment":[{"href":"https:\/\/mediafocus.ch\/fr\/wp-json\/wp\/v2\/media?parent=7372"}],"curies":[{"name":"wp","href":"https:\/\/api.w.org\/{rel}","templated":true}]}}