{"id":7374,"date":"2022-04-06T23:01:42","date_gmt":"2022-04-06T21:01:42","guid":{"rendered":"https:\/\/mediafocus.ch\/?page_id=7374"},"modified":"2026-04-28T15:55:45","modified_gmt":"2026-04-28T13:55:45","slug":"veille-mediatique","status":"publish","type":"page","link":"https:\/\/mediafocus.ch\/fr\/produits\/veille-mediatique\/","title":{"rendered":"Veille m\u00e9diatique"},"content":{"rendered":"\n<div class=\"wp-block-cover is-light\" style=\"min-height:204px;aspect-ratio:unset;\"><img loading=\"lazy\" decoding=\"async\" width=\"1024\" height=\"576\" class=\"wp-block-cover__image-background wp-image-585025 size-large\" alt=\"\" src=\"https:\/\/mediafocus.ch\/wp-content\/uploads\/2026\/04\/Design-ohne-Titel-3-1024x576.png\" style=\"object-position:52% 82%\" data-object-fit=\"cover\" data-object-position=\"52% 82%\" srcset=\"https:\/\/mediafocus.ch\/wp-content\/uploads\/2026\/04\/Design-ohne-Titel-3-1024x576.png 1024w, https:\/\/mediafocus.ch\/wp-content\/uploads\/2026\/04\/Design-ohne-Titel-3-300x169.png 300w, https:\/\/mediafocus.ch\/wp-content\/uploads\/2026\/04\/Design-ohne-Titel-3-768x432.png 768w, https:\/\/mediafocus.ch\/wp-content\/uploads\/2026\/04\/Design-ohne-Titel-3-1536x864.png 1536w, https:\/\/mediafocus.ch\/wp-content\/uploads\/2026\/04\/Design-ohne-Titel-3-2048x1151.png 2048w\" sizes=\"auto, (max-width: 1024px) 100vw, 1024px\" \/><span aria-hidden=\"true\" class=\"wp-block-cover__background has-background-dim-0 has-background-dim\" style=\"background-color:#5fa3bd\"><\/span><div class=\"wp-block-cover__inner-container is-layout-flow wp-block-cover-is-layout-flow\">\n<p class=\"has-text-align-center has-large-font-size\"><\/p>\n<\/div><\/div>\n\n\n\n<div style=\"height:52px\" aria-hidden=\"true\" class=\"wp-block-spacer\"><\/div>\n\n\n\n\n\n<div style=\"height:100px\" aria-hidden=\"true\" class=\"wp-block-spacer\"><\/div>\n\n\n\n<div class=\"wp-block-group is-layout-flow wp-block-group-is-layout-flow\">\n<div class=\"wp-block-columns container-xxl is-layout-flex wp-container-core-columns-is-layout-9d6595d7 wp-block-columns-is-layout-flex\">\n<div class=\"wp-block-column is-layout-flow wp-block-column-is-layout-flow\">\n<h1 class=\"wp-block-heading has-turqoise-500-color has-text-color\">Veille m\u00e9diatique<\/h1>\n<\/div>\n\n\n\n<div class=\"wp-block-column is-layout-flow wp-block-column-is-layout-flow\">\n<p>Le Media Monitoring montre le niveau de pr\u00e9sence des entreprises et des marques dans les m\u00e9dias classiques, num\u00e9riques et sociaux, ainsi que la mani\u00e8re dont cette pr\u00e9sence peut \u00eatre \u00e9valu\u00e9e. L\u2019analyse porte notamment sur la pr\u00e9sence de marque, la pertinence, la tonalit\u00e9 et la diffusion des contenus, afin de situer les \u00e9volutions dans l\u2019environnement communicationnel sur une base solide. Cela soutient l\u2019analyse de la communication, la gestion de la r\u00e9putation et le pilotage cibl\u00e9 de la pr\u00e9sence m\u00e9diatique.<\/p>\n<\/div>\n<\/div>\n<\/div>\n\n\n\n<div style=\"height:0px\" aria-hidden=\"true\" class=\"wp-block-spacer\"><\/div>\n\n\n\n<div style=\"height:100px\" aria-hidden=\"true\" class=\"wp-block-spacer\"><\/div>\n\n\n\n<div class=\"wp-block-media-text alignwide has-media-on-the-right is-stacked-on-mobile has-turqoise-500-background-color has-background\"><div class=\"wp-block-media-text__content\">\n<h2 class=\"wp-block-heading is-style-checkmark-heading has-white-000-color has-text-color has-large-font-size\">Veille m\u00e9diatique<\/h2>\n\n\n\n<p class=\"has-white-000-color has-text-color\">Media&nbsp;Focus propose tous les services n\u00e9cessaires \u00e0 une veille m\u00e9diatique efficace, qui vous permet de garder une vue d\u2019ensemble et de montrer le succ\u00e8s de vos mesures de communication.<\/p>\n\n\n\n<p class=\"has-white-000-color has-text-color\">Chaque jour, nous observons plus de 600&nbsp;entreprises dans les m\u00e9dias traditionnels et num\u00e9riques. Qu\u2019il s\u2019agisse de presse \u00e9crite, de presse en ligne, de r\u00e9seaux sociaux, de radio ou de t\u00e9l\u00e9vision, de m\u00e9dias sp\u00e9cialis\u00e9s, de blogs, de forums ou encore de pages de fans: gr\u00e2ce \u00e0 notre vaste \u00e9chantillon de sources, vous gardez un \u0153il sur les Earned et Owned Media.<\/p>\n<\/div><figure class=\"wp-block-media-text__media\"><img loading=\"lazy\" decoding=\"async\" width=\"700\" height=\"467\" src=\"https:\/\/mediafocus.ch\/wp-content\/uploads\/2022\/02\/Medie-Monitoring-kleines-Bild-1.png\" alt=\"\" class=\"wp-image-1195 size-full\" srcset=\"https:\/\/mediafocus.ch\/wp-content\/uploads\/2022\/02\/Medie-Monitoring-kleines-Bild-1.png 700w, https:\/\/mediafocus.ch\/wp-content\/uploads\/2022\/02\/Medie-Monitoring-kleines-Bild-1-300x200.png 300w\" sizes=\"auto, (max-width: 700px) 100vw, 700px\" \/><\/figure><\/div>\n\n\n\n<section class=\"wp-block-group container container-medium is-layout-flow wp-block-group-is-layout-flow\">\n<div style=\"height:100px\" aria-hidden=\"true\" class=\"wp-block-spacer\"><\/div>\n\n\n\n<h3 class=\"wp-block-heading\">Pourquoi la veille m\u00e9diatique?<\/h3>\n\n\n\n<div style=\"height:20px\" aria-hidden=\"true\" class=\"wp-block-spacer\"><\/div>\n\n\n\n<p>L\u2019image d\u2019une entreprise et de ses produits n\u2019est pas seulement d\u00e9termin\u00e9e par la publicit\u00e9, mais \u00e9galement, pour une part importante, par la couverture m\u00e9diatique et par la communaut\u00e9 des r\u00e9seaux sociaux. C\u2019est notamment le cas des rapports critiques concernant une entreprise, son personnel ou ses produits.<\/p>\n\n\n\n<p>Pour une communication efficace, il est donc essentiel de conna\u00eetre<\/p>\n\n\n\n<ul class=\"wp-block-list\">\n<li>sur quels m\u00e9dias et comptes de r\u00e9seaux sociaux,<\/li>\n\n\n\n<li>par quels auteurs et quelles autrices,<\/li>\n\n\n\n<li>dans quelle mesure,<\/li>\n\n\n\n<li>dans quel contexte, et<\/li>\n\n\n\n<li>avec quelle tonalit\u00e9<\/li>\n<\/ul>\n\n\n\n<p>des informations concernant l\u2019entreprise et les produits sont partag\u00e9es.<br><\/p>\n\n\n\n<div style=\"height:50px\" aria-hidden=\"true\" class=\"wp-block-spacer\"><\/div>\n\n\n\n<h4 class=\"wp-block-heading\"><strong><strong><strong>Nous vous proposons des services complets et personnalis\u00e9s:<\/strong><\/strong><\/strong><\/h4>\n\n\n\n<ul class=\"wp-block-list is-style-checkmark-green-list\">\n<li>Nous cherchons tous les articles pertinents qui parlent de votre entreprise. Ainsi, vous savez ce qui se dit \u00e0 propos de votre entreprise, dans quels m\u00e9dias, par quels auteurs et sur quel ton elle est d\u00e9crite.<\/li>\n\n\n\n<li>Nous cr\u00e9ons pour vous la revue de presse adapt\u00e9e \u00e0 vos besoins afin de mettre \u00e0 la disposition d\u2019autres lecteurs de l\u2019entreprise tout ou une partie des articles.<\/li>\n\n\n\n<li>Vous souhaitez \u00e9galement savoir ce qui est \u00e9crit sur vos concurrents ou votre secteur dans les m\u00e9dias? Nous trouvons pour vous les articles dans l\u2019\u00e9chantillon sp\u00e9cifique des m\u00e9dias.<\/li>\n\n\n\n<li>Nous avons la solution Social&nbsp;Media parfaite pour vous: observer des profils sp\u00e9cifiques de concurrents ou d\u2019influenceurs ou obtenir et \u00e9valuer les posts pertinents sur la base de hashtags.<\/li>\n\n\n\n<li>Nous r\u00e9alisons des analyses approfondies sur la base de votre veille m\u00e9diatique. Vous pouvez les utiliser pour contr\u00f4ler le succ\u00e8s de votre travail m\u00e9diatique ou comme base pour vos d\u00e9cisions strat\u00e9giques.<\/li>\n\n\n\n<li>Gr\u00e2ce \u00e0 notre plateforme, nous mettons les articles \u00e0 disposition dans un outil moderne offrant de nombreuses possibilit\u00e9s d\u2019\u00e9valuation. Ainsi, vous avez un acc\u00e8s complet au r\u00e9sultat de votre veille m\u00e9diatique.<\/li>\n<\/ul>\n\n\n\n<div style=\"height:20px\" aria-hidden=\"true\" class=\"wp-block-spacer\"><\/div>\n<\/section>\n\n\n\n\n\n\n\n<section class=\"wp-block-xeit-newsletter section section-form newsletter\" id=\"newsletter-form\" style=\"background-color:#0942bd\"><div class=\"container-medium\"><div class=\"row\"><div class=\"col-lg-5\"><section>\n<h3 class=\"wp-block-heading has-white-000-color has-text-color\">N\u2019h\u00e9sitez pas \u00e0 nous contacter.<\/h3>\n\n\n\n<p class=\"has-white-000-color has-text-color\"><br>Notre \u00e9quipe Conseil et Analyse se fera un plaisir de vous aider.<\/p>\n<\/section><\/div><div class=\"col-lg-6 pl-xl-9\"><div class=\"contactInfo\" style=\"display:flex;gap:20px;margin:20px 0;font-size:xx-large;flex-direction:column\"><div class=\"telInfo mediafocus-wite\" style=\"display:flex;gap:20px\"><img decoding=\"async\" class=\"\" src=\"https:\/\/mediafocus.ch\/wp-content\/themes\/mediafocus-ch\/images\/icons\/phone.svg\"\/><a><a href=\"tel:+41453222750\">T +41 43 322 27 50<\/a><\/a><\/div><div class=\"mailInfo mediafocus-wite\" style=\"display:flex;gap:20px\"><img decoding=\"async\" class=\"\" src=\"https:\/\/mediafocus.ch\/wp-content\/themes\/mediafocus-ch\/images\/icons\/mail.svg\"\/><a><a href=\"mailto:mediafocus@mediafocus.ch\">mediafocus@mediafocus.ch<\/a><\/a><\/div><\/div><input type=\"submit\" value=\"Contactez nous\" class=\"btn btn-outline-white\" data-mf-button=\"modalWindow-5b8c663c-26df-478b-8611-61df1bc36f24\"\/><div class=\"modal\" id=\"modalWindow-5b8c663c-26df-478b-8611-61df1bc36f24\" data-mf-modal=\"modal\"><div class=\"modal__dialog\"><div class=\"modal__content\"><div class=\"modal__body\"><div class=\"ratio ratio--4x3\"><iframe class=\"modal__iframe\" src=\"https:\/\/online3.superoffice.com\/Cust27000\/CS\/scripts\/customer.fcgi?action=formFrame&amp;formId=F-php5jCan\"><\/iframe><\/div><\/div><\/div><\/div><\/div><div class=\"modal__backdrop\" id=\"modalBackdrop\"><\/div><\/div><\/div><\/div><\/section>\n","protected":false},"excerpt":{"rendered":"<p>Veille m\u00e9diatique Le Media Monitoring montre le niveau de pr\u00e9sence des entreprises et des marques dans les m\u00e9dias classiques, num\u00e9riques et sociaux, ainsi que la mani\u00e8re dont cette pr\u00e9sence peut \u00eatre \u00e9valu\u00e9e. L\u2019analyse porte notamment sur la pr\u00e9sence de marque, la pertinence, la tonalit\u00e9 et la diffusion des contenus, afin de situer les \u00e9volutions dans [&hellip;]<\/p>\n","protected":false},"author":2,"featured_media":0,"parent":7370,"menu_order":2,"comment_status":"closed","ping_status":"closed","template":"","meta":{"_acf_changed":false,"footnotes":""},"class_list":["post-7374","page","type-page","status-publish","hentry"],"acf":[],"yoast_head":"<!-- This site is optimized with the Yoast SEO plugin v27.5 - https:\/\/yoast.com\/product\/yoast-seo-wordpress\/ -->\n<title>Veille m\u00e9diatique - Media Focus<\/title>\n<meta name=\"description\" content=\"Notre veille m\u00e9diatique mesure la pr\u00e9sence des marques sur les canaux m\u00e9diatiques classiques et num\u00e9riques.\" \/>\n<meta name=\"robots\" content=\"index, follow, max-snippet:-1, max-image-preview:large, max-video-preview:-1\" \/>\n<link rel=\"canonical\" href=\"https:\/\/mediafocus.ch\/fr\/produits\/veille-mediatique\/\" \/>\n<meta property=\"og:locale\" content=\"fr_FR\" \/>\n<meta property=\"og:type\" content=\"article\" \/>\n<meta property=\"og:title\" content=\"Veille m\u00e9diatique - Media Focus\" \/>\n<meta property=\"og:description\" content=\"Notre veille m\u00e9diatique mesure la pr\u00e9sence des marques sur les canaux m\u00e9diatiques classiques et num\u00e9riques.\" \/>\n<meta property=\"og:url\" content=\"https:\/\/mediafocus.ch\/fr\/produits\/veille-mediatique\/\" \/>\n<meta property=\"og:site_name\" content=\"Media Focus\" \/>\n<meta property=\"article:modified_time\" content=\"2026-04-28T13:55:45+00:00\" \/>\n<meta property=\"og:image\" content=\"https:\/\/mediafocus.ch\/wp-content\/uploads\/2026\/04\/Design-ohne-Titel-3-1024x576.png\" \/>\n\t<meta property=\"og:image:width\" content=\"1024\" \/>\n\t<meta property=\"og:image:height\" content=\"576\" \/>\n\t<meta property=\"og:image:type\" content=\"image\/png\" \/>\n<meta name=\"twitter:card\" content=\"summary_large_image\" \/>\n<meta name=\"twitter:label1\" content=\"Dur\u00e9e de lecture estim\u00e9e\" \/>\n\t<meta name=\"twitter:data1\" content=\"4 minutes\" \/>\n<script type=\"application\/ld+json\" class=\"yoast-schema-graph\">{\"@context\":\"https:\\\/\\\/schema.org\",\"@graph\":[{\"@type\":\"WebPage\",\"@id\":\"https:\\\/\\\/mediafocus.ch\\\/fr\\\/produits\\\/veille-mediatique\\\/\",\"url\":\"https:\\\/\\\/mediafocus.ch\\\/fr\\\/produits\\\/veille-mediatique\\\/\",\"name\":\"Veille m\u00e9diatique - Media Focus\",\"isPartOf\":{\"@id\":\"https:\\\/\\\/mediafocus.ch\\\/fr\\\/#website\"},\"primaryImageOfPage\":{\"@id\":\"https:\\\/\\\/mediafocus.ch\\\/fr\\\/produits\\\/veille-mediatique\\\/#primaryimage\"},\"image\":{\"@id\":\"https:\\\/\\\/mediafocus.ch\\\/fr\\\/produits\\\/veille-mediatique\\\/#primaryimage\"},\"thumbnailUrl\":\"https:\\\/\\\/mediafocus.ch\\\/wp-content\\\/uploads\\\/2026\\\/04\\\/Design-ohne-Titel-3-1024x576.png\",\"datePublished\":\"2022-04-06T21:01:42+00:00\",\"dateModified\":\"2026-04-28T13:55:45+00:00\",\"description\":\"Notre veille m\u00e9diatique mesure la pr\u00e9sence des marques sur les canaux m\u00e9diatiques classiques et num\u00e9riques.\",\"breadcrumb\":{\"@id\":\"https:\\\/\\\/mediafocus.ch\\\/fr\\\/produits\\\/veille-mediatique\\\/#breadcrumb\"},\"inLanguage\":\"fr-FR\",\"potentialAction\":[{\"@type\":\"ReadAction\",\"target\":[\"https:\\\/\\\/mediafocus.ch\\\/fr\\\/produits\\\/veille-mediatique\\\/\"]}]},{\"@type\":\"ImageObject\",\"inLanguage\":\"fr-FR\",\"@id\":\"https:\\\/\\\/mediafocus.ch\\\/fr\\\/produits\\\/veille-mediatique\\\/#primaryimage\",\"url\":\"https:\\\/\\\/mediafocus.ch\\\/wp-content\\\/uploads\\\/2026\\\/04\\\/Design-ohne-Titel-3-1024x576.png\",\"contentUrl\":\"https:\\\/\\\/mediafocus.ch\\\/wp-content\\\/uploads\\\/2026\\\/04\\\/Design-ohne-Titel-3-1024x576.png\"},{\"@type\":\"BreadcrumbList\",\"@id\":\"https:\\\/\\\/mediafocus.ch\\\/fr\\\/produits\\\/veille-mediatique\\\/#breadcrumb\",\"itemListElement\":[{\"@type\":\"ListItem\",\"position\":1,\"name\":\"Home\",\"item\":\"https:\\\/\\\/mediafocus.ch\\\/fr\\\/\"},{\"@type\":\"ListItem\",\"position\":2,\"name\":\"Produits\",\"item\":\"https:\\\/\\\/mediafocus.ch\\\/fr\\\/produits\\\/\"},{\"@type\":\"ListItem\",\"position\":3,\"name\":\"Veille m\u00e9diatique\"}]},{\"@type\":\"WebSite\",\"@id\":\"https:\\\/\\\/mediafocus.ch\\\/fr\\\/#website\",\"url\":\"https:\\\/\\\/mediafocus.ch\\\/fr\\\/\",\"name\":\"Media Focus\",\"description\":\"Data driven insights\",\"publisher\":{\"@id\":\"https:\\\/\\\/mediafocus.ch\\\/fr\\\/#organization\"},\"potentialAction\":[{\"@type\":\"SearchAction\",\"target\":{\"@type\":\"EntryPoint\",\"urlTemplate\":\"https:\\\/\\\/mediafocus.ch\\\/fr\\\/?s={search_term_string}\"},\"query-input\":{\"@type\":\"PropertyValueSpecification\",\"valueRequired\":true,\"valueName\":\"search_term_string\"}}],\"inLanguage\":\"fr-FR\"},{\"@type\":\"Organization\",\"@id\":\"https:\\\/\\\/mediafocus.ch\\\/fr\\\/#organization\",\"name\":\"Media Focus\",\"url\":\"https:\\\/\\\/mediafocus.ch\\\/fr\\\/\",\"logo\":{\"@type\":\"ImageObject\",\"inLanguage\":\"fr-FR\",\"@id\":\"https:\\\/\\\/mediafocus.ch\\\/fr\\\/#\\\/schema\\\/logo\\\/image\\\/\",\"url\":\"https:\\\/\\\/mediafocus.ch\\\/wp-content\\\/uploads\\\/2022\\\/05\\\/media-focus-logo-mit-claim.svg\",\"contentUrl\":\"https:\\\/\\\/mediafocus.ch\\\/wp-content\\\/uploads\\\/2022\\\/05\\\/media-focus-logo-mit-claim.svg\",\"caption\":\"Media Focus\"},\"image\":{\"@id\":\"https:\\\/\\\/mediafocus.ch\\\/fr\\\/#\\\/schema\\\/logo\\\/image\\\/\"}}]}<\/script>\n<!-- \/ Yoast SEO plugin. -->","yoast_head_json":{"title":"Veille m\u00e9diatique - Media Focus","description":"Notre veille m\u00e9diatique mesure la pr\u00e9sence des marques sur les canaux m\u00e9diatiques classiques et num\u00e9riques.","robots":{"index":"index","follow":"follow","max-snippet":"max-snippet:-1","max-image-preview":"max-image-preview:large","max-video-preview":"max-video-preview:-1"},"canonical":"https:\/\/mediafocus.ch\/fr\/produits\/veille-mediatique\/","og_locale":"fr_FR","og_type":"article","og_title":"Veille m\u00e9diatique - Media Focus","og_description":"Notre veille m\u00e9diatique mesure la pr\u00e9sence des marques sur les canaux m\u00e9diatiques classiques et num\u00e9riques.","og_url":"https:\/\/mediafocus.ch\/fr\/produits\/veille-mediatique\/","og_site_name":"Media Focus","article_modified_time":"2026-04-28T13:55:45+00:00","og_image":[{"width":1024,"height":576,"url":"https:\/\/mediafocus.ch\/wp-content\/uploads\/2026\/04\/Design-ohne-Titel-3-1024x576.png","type":"image\/png"}],"twitter_card":"summary_large_image","twitter_misc":{"Dur\u00e9e de lecture estim\u00e9e":"4 minutes"},"schema":{"@context":"https:\/\/schema.org","@graph":[{"@type":"WebPage","@id":"https:\/\/mediafocus.ch\/fr\/produits\/veille-mediatique\/","url":"https:\/\/mediafocus.ch\/fr\/produits\/veille-mediatique\/","name":"Veille m\u00e9diatique - Media Focus","isPartOf":{"@id":"https:\/\/mediafocus.ch\/fr\/#website"},"primaryImageOfPage":{"@id":"https:\/\/mediafocus.ch\/fr\/produits\/veille-mediatique\/#primaryimage"},"image":{"@id":"https:\/\/mediafocus.ch\/fr\/produits\/veille-mediatique\/#primaryimage"},"thumbnailUrl":"https:\/\/mediafocus.ch\/wp-content\/uploads\/2026\/04\/Design-ohne-Titel-3-1024x576.png","datePublished":"2022-04-06T21:01:42+00:00","dateModified":"2026-04-28T13:55:45+00:00","description":"Notre veille m\u00e9diatique mesure la pr\u00e9sence des marques sur les canaux m\u00e9diatiques classiques et num\u00e9riques.","breadcrumb":{"@id":"https:\/\/mediafocus.ch\/fr\/produits\/veille-mediatique\/#breadcrumb"},"inLanguage":"fr-FR","potentialAction":[{"@type":"ReadAction","target":["https:\/\/mediafocus.ch\/fr\/produits\/veille-mediatique\/"]}]},{"@type":"ImageObject","inLanguage":"fr-FR","@id":"https:\/\/mediafocus.ch\/fr\/produits\/veille-mediatique\/#primaryimage","url":"https:\/\/mediafocus.ch\/wp-content\/uploads\/2026\/04\/Design-ohne-Titel-3-1024x576.png","contentUrl":"https:\/\/mediafocus.ch\/wp-content\/uploads\/2026\/04\/Design-ohne-Titel-3-1024x576.png"},{"@type":"BreadcrumbList","@id":"https:\/\/mediafocus.ch\/fr\/produits\/veille-mediatique\/#breadcrumb","itemListElement":[{"@type":"ListItem","position":1,"name":"Home","item":"https:\/\/mediafocus.ch\/fr\/"},{"@type":"ListItem","position":2,"name":"Produits","item":"https:\/\/mediafocus.ch\/fr\/produits\/"},{"@type":"ListItem","position":3,"name":"Veille m\u00e9diatique"}]},{"@type":"WebSite","@id":"https:\/\/mediafocus.ch\/fr\/#website","url":"https:\/\/mediafocus.ch\/fr\/","name":"Media Focus","description":"Data driven insights","publisher":{"@id":"https:\/\/mediafocus.ch\/fr\/#organization"},"potentialAction":[{"@type":"SearchAction","target":{"@type":"EntryPoint","urlTemplate":"https:\/\/mediafocus.ch\/fr\/?s={search_term_string}"},"query-input":{"@type":"PropertyValueSpecification","valueRequired":true,"valueName":"search_term_string"}}],"inLanguage":"fr-FR"},{"@type":"Organization","@id":"https:\/\/mediafocus.ch\/fr\/#organization","name":"Media Focus","url":"https:\/\/mediafocus.ch\/fr\/","logo":{"@type":"ImageObject","inLanguage":"fr-FR","@id":"https:\/\/mediafocus.ch\/fr\/#\/schema\/logo\/image\/","url":"https:\/\/mediafocus.ch\/wp-content\/uploads\/2022\/05\/media-focus-logo-mit-claim.svg","contentUrl":"https:\/\/mediafocus.ch\/wp-content\/uploads\/2022\/05\/media-focus-logo-mit-claim.svg","caption":"Media Focus"},"image":{"@id":"https:\/\/mediafocus.ch\/fr\/#\/schema\/logo\/image\/"}}]}},"_links":{"self":[{"href":"https:\/\/mediafocus.ch\/fr\/wp-json\/wp\/v2\/pages\/7374","targetHints":{"allow":["GET"]}}],"collection":[{"href":"https:\/\/mediafocus.ch\/fr\/wp-json\/wp\/v2\/pages"}],"about":[{"href":"https:\/\/mediafocus.ch\/fr\/wp-json\/wp\/v2\/types\/page"}],"author":[{"embeddable":true,"href":"https:\/\/mediafocus.ch\/fr\/wp-json\/wp\/v2\/users\/2"}],"replies":[{"embeddable":true,"href":"https:\/\/mediafocus.ch\/fr\/wp-json\/wp\/v2\/comments?post=7374"}],"version-history":[{"count":8,"href":"https:\/\/mediafocus.ch\/fr\/wp-json\/wp\/v2\/pages\/7374\/revisions"}],"predecessor-version":[{"id":585050,"href":"https:\/\/mediafocus.ch\/fr\/wp-json\/wp\/v2\/pages\/7374\/revisions\/585050"}],"up":[{"embeddable":true,"href":"https:\/\/mediafocus.ch\/fr\/wp-json\/wp\/v2\/pages\/7370"}],"wp:attachment":[{"href":"https:\/\/mediafocus.ch\/fr\/wp-json\/wp\/v2\/media?parent=7374"}],"curies":[{"name":"wp","href":"https:\/\/api.w.org\/{rel}","templated":true}]}}