{"id":7376,"date":"2022-04-06T23:03:13","date_gmt":"2022-04-06T21:03:13","guid":{"rendered":"https:\/\/mediafocus.ch\/?page_id=7376"},"modified":"2025-08-26T16:21:23","modified_gmt":"2025-08-26T14:21:23","slug":"sponsoring-analyse","status":"publish","type":"page","link":"https:\/\/mediafocus.ch\/fr\/produits\/sponsoring-analyse\/","title":{"rendered":"Sponsoring-Analyse"},"content":{"rendered":"\n<div class=\"wp-block-cover is-light\" style=\"min-height:700px;aspect-ratio:unset;\"><span aria-hidden=\"true\" class=\"wp-block-cover__background has-background-dim-0 has-background-dim\"><\/span><img loading=\"lazy\" decoding=\"async\" width=\"1373\" height=\"1030\" class=\"wp-block-cover__image-background wp-image-57220\" alt=\"\" src=\"https:\/\/mediafocus.ch\/wp-content\/uploads\/2023\/02\/Sponsoring.webp\" data-object-fit=\"cover\" srcset=\"https:\/\/mediafocus.ch\/wp-content\/uploads\/2023\/02\/Sponsoring.webp 1373w, https:\/\/mediafocus.ch\/wp-content\/uploads\/2023\/02\/Sponsoring-300x225.webp 300w, https:\/\/mediafocus.ch\/wp-content\/uploads\/2023\/02\/Sponsoring-1024x768.webp 1024w, https:\/\/mediafocus.ch\/wp-content\/uploads\/2023\/02\/Sponsoring-768x576.webp 768w\" sizes=\"auto, (max-width: 1373px) 100vw, 1373px\" \/><div class=\"wp-block-cover__inner-container is-layout-flow wp-block-cover-is-layout-flow\">\n<p class=\"has-text-align-center has-large-font-size\"><\/p>\n<\/div><\/div>\n\n\n\n\n\n<div style=\"height:100px\" aria-hidden=\"true\" class=\"wp-block-spacer\"><\/div>\n\n\n\n<div class=\"wp-block-group is-layout-flow wp-block-group-is-layout-flow\">\n<div class=\"wp-block-columns container-xxl is-layout-flex wp-container-core-columns-is-layout-9d6595d7 wp-block-columns-is-layout-flex\">\n<div class=\"wp-block-column is-layout-flow wp-block-column-is-layout-flow\">\n<h1 class=\"wp-block-heading has-turqoise-500-color has-text-color\">Sponsoring<\/h1>\n<\/div>\n\n\n\n<div class=\"wp-block-column is-layout-flow wp-block-column-is-layout-flow\">\n<p>Gr\u00e2ce \u00e0 nos analyses de sponsoring, nous mesurons et \u00e9valuons la visibilit\u00e9 des sponsors dans les m\u00e9dias et sur le terrain.<br><br>En effet, la visibilit\u00e9 d\u2019une marque est la principale condition n\u00e9cessaire pour vous aider \u00e0 atteindre vos objectifs.<\/p>\n<\/div>\n<\/div>\n<\/div>\n\n\n\n<div style=\"height:100px\" aria-hidden=\"true\" class=\"wp-block-spacer\"><\/div>\n\n\n\n<div class=\"wp-block-media-text alignwide has-media-on-the-right is-stacked-on-mobile has-turqoise-500-background-color has-background\"><div class=\"wp-block-media-text__content\">\n<h2 class=\"wp-block-heading is-style-checkmark-heading has-white-000-color has-text-color has-large-font-size\">Analyse de sponsoring<\/h2>\n\n\n\n<p class=\"has-white-000-color has-text-color\">Nos analyses d\u00e9taillent les moyens publicitaires utilis\u00e9s et les canaux m\u00e9diatiques sur lesquels vous avez g\u00e9n\u00e9r\u00e9 un certain nombre de contacts. Ces deux facteurs et d\u2019autres encore permettent de calculer la valeur financi\u00e8re des pr\u00e9sences.<br>Ces donn\u00e9es permettent de d\u00e9terminer les \u00e9l\u00e9ments du sponsoring qui ont atteint les objectifs fix\u00e9s et les \u00e9l\u00e9ments qui doivent \u00eatre optimis\u00e9s.<\/p>\n<\/div><figure class=\"wp-block-media-text__media\"><img loading=\"lazy\" decoding=\"async\" width=\"1024\" height=\"674\" src=\"https:\/\/mediafocus.ch\/wp-content\/uploads\/2022\/02\/Bild-Sponsoring-Produkte-1024x674.png\" alt=\"Eine Hand die einen Kugelschreiber h\u00e4t welche auf eine Blatt mit einer Sponsoringanalyse zeigt\" class=\"wp-image-1223 size-full\" srcset=\"https:\/\/mediafocus.ch\/wp-content\/uploads\/2022\/02\/Bild-Sponsoring-Produkte-1024x674.png 1024w, https:\/\/mediafocus.ch\/wp-content\/uploads\/2022\/02\/Bild-Sponsoring-Produkte-300x198.png 300w, https:\/\/mediafocus.ch\/wp-content\/uploads\/2022\/02\/Bild-Sponsoring-Produkte-768x506.png 768w, https:\/\/mediafocus.ch\/wp-content\/uploads\/2022\/02\/Bild-Sponsoring-Produkte.png 1500w\" sizes=\"auto, (max-width: 1024px) 100vw, 1024px\" \/><\/figure><\/div>\n\n\n\n<section class=\"wp-block-group container container-medium is-layout-flow wp-block-group-is-layout-flow\">\n<div style=\"height:100px\" aria-hidden=\"true\" class=\"wp-block-spacer\"><\/div>\n\n\n\n<h3 class=\"wp-block-heading is-style-default\">Pourquoi le sponsoring?<\/h3>\n\n\n\n<div style=\"height:20px\" aria-hidden=\"true\" class=\"wp-block-spacer\"><\/div>\n\n\n\n<p>Le sponsoring est un instrument de marketing bien \u00e9tabli qui compl\u00e8te les activit\u00e9s de la publicit\u00e9 et de la communication classiques.<br>Le sponsoring permet \u00e0 une marque d\u2019\u00eatre pr\u00e9sente dans des parties d\u2019\u00e9mission o\u00f9 il n\u2019est pas possible de faire de la publicit\u00e9. Il est impossible d\u2019ignorer le sponsoring comme on ignore la publicit\u00e9 classique.<br>Le sponsoring est pr\u00e9sent dans les moments \u00e9motionnels de la t\u00e9l\u00e9vision en direct. Dans l\u2019id\u00e9al, il veille \u00e0 transmettre une image positive ou certains attributs d\u2019un \u00e9v\u00e9nement de la marque.<\/p>\n\n\n\n<figure class=\"wp-block-image size-large\"><img loading=\"lazy\" decoding=\"async\" width=\"1024\" height=\"306\" src=\"https:\/\/mediafocus.ch\/wp-content\/uploads\/2022\/07\/Sponsoring-FR-1024x306.png\" alt=\"\" class=\"wp-image-14008\" srcset=\"https:\/\/mediafocus.ch\/wp-content\/uploads\/2022\/07\/Sponsoring-FR-1024x306.png 1024w, https:\/\/mediafocus.ch\/wp-content\/uploads\/2022\/07\/Sponsoring-FR-300x90.png 300w, https:\/\/mediafocus.ch\/wp-content\/uploads\/2022\/07\/Sponsoring-FR-768x229.png 768w, https:\/\/mediafocus.ch\/wp-content\/uploads\/2022\/07\/Sponsoring-FR.png 1199w\" sizes=\"auto, (max-width: 1024px) 100vw, 1024px\" \/><\/figure>\n\n\n\n<div style=\"height:50px\" aria-hidden=\"true\" class=\"wp-block-spacer\"><\/div>\n\n\n\n<h4 class=\"wp-block-heading\"><strong><strong>Nos analyses vous offrent de nombreux avantages:<\/strong><\/strong><\/h4>\n\n\n\n<ul class=\"wp-block-list\">\n<li>Nous mesurons la dur\u00e9e et la qualit\u00e9 de la pr\u00e9sence du logo dans les m\u00e9dias traditionnels et num\u00e9riques et sur le terrain. Nous identifions \u00e9galement les contacts potentiels.<\/li>\n\n\n\n<li>Nous calculons la valeur financi\u00e8re de la pr\u00e9sence m\u00e9diatique et classons les r\u00e9sultats.<\/li>\n\n\n\n<li>Nous \u00e9tablissons ainsi la base permettant d\u2019\u00e9valuer le succ\u00e8s d\u2019un sponsoring.<\/li>\n\n\n\n<li>L\u2019\u00e9valuation d\u00e9taill\u00e9e vous permet d\u2019identifier si les prestations convenues sont fournies et si les droits achet\u00e9s dans le cadre du sponsoring sont mis en \u0153uvre de mani\u00e8re optimale.<\/li>\n\n\n\n<li>Vous fondez vos d\u00e9cisions et vos mesures sur des donn\u00e9es objectives. Vous disposez ainsi d\u2019un outil pr\u00e9cieux pour tirer le meilleur parti de votre investissement.<\/li>\n\n\n\n<li>Nous vous soutenons en amont de toute d\u00e9cision en vous fournissant des donn\u00e9es et une expertise.<\/li>\n\n\n\n<li>Nous vous soutenons en amont de toute d\u00e9cision en vous fournissant des donn\u00e9es et notre expertise.<\/li>\n<\/ul>\n\n\n\n<div style=\"height:20px\" aria-hidden=\"true\" class=\"wp-block-spacer\"><\/div>\n<\/section>\n\n\n\n\n\n\n\n\n\n<section class=\"wp-block-xeit-newsletter section section-form newsletter\" id=\"newsletter-form\" style=\"background-color:#0942bd\"><div class=\"container-medium\"><div class=\"row\"><div class=\"col-lg-5\"><section>\n<h3 class=\"wp-block-heading has-white-000-color has-text-color\">N\u2019h\u00e9sitez pas \u00e0 nous contacter.<\/h3>\n\n\n\n<p class=\"has-white-000-color has-text-color\"><br>Notre \u00e9quipe Conseil et Analyse se fera un plaisir de vous aider.<\/p>\n<\/section><\/div><div class=\"col-lg-6 pl-xl-9\"><div class=\"contactInfo\" style=\"display:flex;gap:20px;margin:20px 0;font-size:xx-large;flex-direction:column\"><div class=\"telInfo mediafocus-wite\" style=\"display:flex;gap:20px\"><img decoding=\"async\" class=\"\" src=\"https:\/\/mediafocus.ch\/wp-content\/themes\/mediafocus-ch\/images\/icons\/phone.svg\"\/><a><a href=\"tel:+41453222750\">T +41 43 322 27 50<\/a><\/a><\/div><div class=\"mailInfo mediafocus-wite\" style=\"display:flex;gap:20px\"><img decoding=\"async\" class=\"\" src=\"https:\/\/mediafocus.ch\/wp-content\/themes\/mediafocus-ch\/images\/icons\/mail.svg\"\/><a><a href=\"mailto:mediafocus@mediafocus.ch\">mediafocus@mediafocus.ch<\/a><\/a><\/div><\/div><input type=\"submit\" value=\"Contactez nous\" class=\"btn btn-outline-white\" data-mf-button=\"modalWindow-5b8c663c-26df-478b-8611-61df1bc36f24\"\/><div class=\"modal\" id=\"modalWindow-5b8c663c-26df-478b-8611-61df1bc36f24\" data-mf-modal=\"modal\"><div class=\"modal__dialog\"><div class=\"modal__content\"><div class=\"modal__body\"><div class=\"ratio ratio--4x3\"><iframe class=\"modal__iframe\" src=\"https:\/\/online3.superoffice.com\/Cust27000\/CS\/scripts\/customer.fcgi?action=formFrame&amp;formId=F-php5jCan\"><\/iframe><\/div><\/div><\/div><\/div><\/div><div class=\"modal__backdrop\" id=\"modalBackdrop\"><\/div><\/div><\/div><\/div><\/section>\n","protected":false},"excerpt":{"rendered":"<p>Sponsoring Gr\u00e2ce \u00e0 nos analyses de sponsoring, nous mesurons et \u00e9valuons la visibilit\u00e9 des sponsors dans les m\u00e9dias et sur le terrain. En effet, la visibilit\u00e9 d\u2019une marque est la principale condition n\u00e9cessaire pour vous aider \u00e0 atteindre vos objectifs. Analyse de sponsoring Nos analyses d\u00e9taillent les moyens publicitaires utilis\u00e9s et les canaux m\u00e9diatiques sur [&hellip;]<\/p>\n","protected":false},"author":2,"featured_media":0,"parent":7370,"menu_order":3,"comment_status":"closed","ping_status":"closed","template":"","meta":{"footnotes":""},"class_list":["post-7376","page","type-page","status-publish","hentry"],"yoast_head":"<!-- This site is optimized with the Yoast SEO plugin v27.4 - https:\/\/yoast.com\/product\/yoast-seo-wordpress\/ -->\n<title>Sponsoring-Analyse - Media Focus<\/title>\n<meta name=\"description\" content=\"Gr\u00e2ce \u00e0 nos analyses de sponsoring, nous mesurons et \u00e9valuons la visibilit\u00e9 des sponsors dans les m\u00e9dias traditionnels et num\u00e9riques.\" \/>\n<meta name=\"robots\" content=\"index, follow, max-snippet:-1, max-image-preview:large, max-video-preview:-1\" \/>\n<link rel=\"canonical\" href=\"https:\/\/mediafocus.ch\/fr\/produits\/sponsoring-analyse\/\" \/>\n<meta property=\"og:locale\" content=\"fr_FR\" \/>\n<meta property=\"og:type\" content=\"article\" \/>\n<meta property=\"og:title\" content=\"Sponsoring-Analyse - Media Focus\" \/>\n<meta property=\"og:description\" content=\"Gr\u00e2ce \u00e0 nos analyses de sponsoring, nous mesurons et \u00e9valuons la visibilit\u00e9 des sponsors dans les m\u00e9dias traditionnels et num\u00e9riques.\" \/>\n<meta property=\"og:url\" content=\"https:\/\/mediafocus.ch\/fr\/produits\/sponsoring-analyse\/\" \/>\n<meta property=\"og:site_name\" content=\"Media Focus\" \/>\n<meta property=\"article:modified_time\" content=\"2025-08-26T14:21:23+00:00\" \/>\n<meta property=\"og:image\" content=\"https:\/\/mediafocus.ch\/wp-content\/uploads\/2023\/02\/Sponsoring.webp\" \/>\n\t<meta property=\"og:image:width\" content=\"1373\" \/>\n\t<meta property=\"og:image:height\" content=\"1030\" \/>\n\t<meta property=\"og:image:type\" content=\"image\/webp\" \/>\n<meta name=\"twitter:card\" content=\"summary_large_image\" \/>\n<meta name=\"twitter:label1\" content=\"Dur\u00e9e de lecture estim\u00e9e\" \/>\n\t<meta name=\"twitter:data1\" content=\"5 minutes\" \/>\n<script type=\"application\/ld+json\" class=\"yoast-schema-graph\">{\"@context\":\"https:\\\/\\\/schema.org\",\"@graph\":[{\"@type\":\"WebPage\",\"@id\":\"https:\\\/\\\/mediafocus.ch\\\/fr\\\/produits\\\/sponsoring-analyse\\\/\",\"url\":\"https:\\\/\\\/mediafocus.ch\\\/fr\\\/produits\\\/sponsoring-analyse\\\/\",\"name\":\"Sponsoring-Analyse - Media Focus\",\"isPartOf\":{\"@id\":\"https:\\\/\\\/mediafocus.ch\\\/fr\\\/#website\"},\"primaryImageOfPage\":{\"@id\":\"https:\\\/\\\/mediafocus.ch\\\/fr\\\/produits\\\/sponsoring-analyse\\\/#primaryimage\"},\"image\":{\"@id\":\"https:\\\/\\\/mediafocus.ch\\\/fr\\\/produits\\\/sponsoring-analyse\\\/#primaryimage\"},\"thumbnailUrl\":\"https:\\\/\\\/mediafocus.ch\\\/wp-content\\\/uploads\\\/2023\\\/02\\\/Sponsoring.webp\",\"datePublished\":\"2022-04-06T21:03:13+00:00\",\"dateModified\":\"2025-08-26T14:21:23+00:00\",\"description\":\"Gr\u00e2ce \u00e0 nos analyses de sponsoring, nous mesurons et \u00e9valuons la visibilit\u00e9 des sponsors dans les m\u00e9dias traditionnels et num\u00e9riques.\",\"breadcrumb\":{\"@id\":\"https:\\\/\\\/mediafocus.ch\\\/fr\\\/produits\\\/sponsoring-analyse\\\/#breadcrumb\"},\"inLanguage\":\"fr-FR\",\"potentialAction\":[{\"@type\":\"ReadAction\",\"target\":[\"https:\\\/\\\/mediafocus.ch\\\/fr\\\/produits\\\/sponsoring-analyse\\\/\"]}]},{\"@type\":\"ImageObject\",\"inLanguage\":\"fr-FR\",\"@id\":\"https:\\\/\\\/mediafocus.ch\\\/fr\\\/produits\\\/sponsoring-analyse\\\/#primaryimage\",\"url\":\"https:\\\/\\\/mediafocus.ch\\\/wp-content\\\/uploads\\\/2023\\\/02\\\/Sponsoring.webp\",\"contentUrl\":\"https:\\\/\\\/mediafocus.ch\\\/wp-content\\\/uploads\\\/2023\\\/02\\\/Sponsoring.webp\"},{\"@type\":\"BreadcrumbList\",\"@id\":\"https:\\\/\\\/mediafocus.ch\\\/fr\\\/produits\\\/sponsoring-analyse\\\/#breadcrumb\",\"itemListElement\":[{\"@type\":\"ListItem\",\"position\":1,\"name\":\"Home\",\"item\":\"https:\\\/\\\/mediafocus.ch\\\/fr\\\/\"},{\"@type\":\"ListItem\",\"position\":2,\"name\":\"Produits\",\"item\":\"https:\\\/\\\/mediafocus.ch\\\/fr\\\/produits\\\/\"},{\"@type\":\"ListItem\",\"position\":3,\"name\":\"Sponsoring-Analyse\"}]},{\"@type\":\"WebSite\",\"@id\":\"https:\\\/\\\/mediafocus.ch\\\/fr\\\/#website\",\"url\":\"https:\\\/\\\/mediafocus.ch\\\/fr\\\/\",\"name\":\"Media Focus\",\"description\":\"Data driven insights\",\"publisher\":{\"@id\":\"https:\\\/\\\/mediafocus.ch\\\/fr\\\/#organization\"},\"potentialAction\":[{\"@type\":\"SearchAction\",\"target\":{\"@type\":\"EntryPoint\",\"urlTemplate\":\"https:\\\/\\\/mediafocus.ch\\\/fr\\\/?s={search_term_string}\"},\"query-input\":{\"@type\":\"PropertyValueSpecification\",\"valueRequired\":true,\"valueName\":\"search_term_string\"}}],\"inLanguage\":\"fr-FR\"},{\"@type\":\"Organization\",\"@id\":\"https:\\\/\\\/mediafocus.ch\\\/fr\\\/#organization\",\"name\":\"Media Focus\",\"url\":\"https:\\\/\\\/mediafocus.ch\\\/fr\\\/\",\"logo\":{\"@type\":\"ImageObject\",\"inLanguage\":\"fr-FR\",\"@id\":\"https:\\\/\\\/mediafocus.ch\\\/fr\\\/#\\\/schema\\\/logo\\\/image\\\/\",\"url\":\"https:\\\/\\\/mediafocus.ch\\\/wp-content\\\/uploads\\\/2022\\\/05\\\/media-focus-logo-mit-claim.svg\",\"contentUrl\":\"https:\\\/\\\/mediafocus.ch\\\/wp-content\\\/uploads\\\/2022\\\/05\\\/media-focus-logo-mit-claim.svg\",\"caption\":\"Media Focus\"},\"image\":{\"@id\":\"https:\\\/\\\/mediafocus.ch\\\/fr\\\/#\\\/schema\\\/logo\\\/image\\\/\"}}]}<\/script>\n<!-- \/ Yoast SEO plugin. -->","yoast_head_json":{"title":"Sponsoring-Analyse - Media Focus","description":"Gr\u00e2ce \u00e0 nos analyses de sponsoring, nous mesurons et \u00e9valuons la visibilit\u00e9 des sponsors dans les m\u00e9dias traditionnels et num\u00e9riques.","robots":{"index":"index","follow":"follow","max-snippet":"max-snippet:-1","max-image-preview":"max-image-preview:large","max-video-preview":"max-video-preview:-1"},"canonical":"https:\/\/mediafocus.ch\/fr\/produits\/sponsoring-analyse\/","og_locale":"fr_FR","og_type":"article","og_title":"Sponsoring-Analyse - Media Focus","og_description":"Gr\u00e2ce \u00e0 nos analyses de sponsoring, nous mesurons et \u00e9valuons la visibilit\u00e9 des sponsors dans les m\u00e9dias traditionnels et num\u00e9riques.","og_url":"https:\/\/mediafocus.ch\/fr\/produits\/sponsoring-analyse\/","og_site_name":"Media Focus","article_modified_time":"2025-08-26T14:21:23+00:00","og_image":[{"width":1373,"height":1030,"url":"https:\/\/mediafocus.ch\/wp-content\/uploads\/2023\/02\/Sponsoring.webp","type":"image\/webp"}],"twitter_card":"summary_large_image","twitter_misc":{"Dur\u00e9e de lecture estim\u00e9e":"5 minutes"},"schema":{"@context":"https:\/\/schema.org","@graph":[{"@type":"WebPage","@id":"https:\/\/mediafocus.ch\/fr\/produits\/sponsoring-analyse\/","url":"https:\/\/mediafocus.ch\/fr\/produits\/sponsoring-analyse\/","name":"Sponsoring-Analyse - Media Focus","isPartOf":{"@id":"https:\/\/mediafocus.ch\/fr\/#website"},"primaryImageOfPage":{"@id":"https:\/\/mediafocus.ch\/fr\/produits\/sponsoring-analyse\/#primaryimage"},"image":{"@id":"https:\/\/mediafocus.ch\/fr\/produits\/sponsoring-analyse\/#primaryimage"},"thumbnailUrl":"https:\/\/mediafocus.ch\/wp-content\/uploads\/2023\/02\/Sponsoring.webp","datePublished":"2022-04-06T21:03:13+00:00","dateModified":"2025-08-26T14:21:23+00:00","description":"Gr\u00e2ce \u00e0 nos analyses de sponsoring, nous mesurons et \u00e9valuons la visibilit\u00e9 des sponsors dans les m\u00e9dias traditionnels et num\u00e9riques.","breadcrumb":{"@id":"https:\/\/mediafocus.ch\/fr\/produits\/sponsoring-analyse\/#breadcrumb"},"inLanguage":"fr-FR","potentialAction":[{"@type":"ReadAction","target":["https:\/\/mediafocus.ch\/fr\/produits\/sponsoring-analyse\/"]}]},{"@type":"ImageObject","inLanguage":"fr-FR","@id":"https:\/\/mediafocus.ch\/fr\/produits\/sponsoring-analyse\/#primaryimage","url":"https:\/\/mediafocus.ch\/wp-content\/uploads\/2023\/02\/Sponsoring.webp","contentUrl":"https:\/\/mediafocus.ch\/wp-content\/uploads\/2023\/02\/Sponsoring.webp"},{"@type":"BreadcrumbList","@id":"https:\/\/mediafocus.ch\/fr\/produits\/sponsoring-analyse\/#breadcrumb","itemListElement":[{"@type":"ListItem","position":1,"name":"Home","item":"https:\/\/mediafocus.ch\/fr\/"},{"@type":"ListItem","position":2,"name":"Produits","item":"https:\/\/mediafocus.ch\/fr\/produits\/"},{"@type":"ListItem","position":3,"name":"Sponsoring-Analyse"}]},{"@type":"WebSite","@id":"https:\/\/mediafocus.ch\/fr\/#website","url":"https:\/\/mediafocus.ch\/fr\/","name":"Media Focus","description":"Data driven insights","publisher":{"@id":"https:\/\/mediafocus.ch\/fr\/#organization"},"potentialAction":[{"@type":"SearchAction","target":{"@type":"EntryPoint","urlTemplate":"https:\/\/mediafocus.ch\/fr\/?s={search_term_string}"},"query-input":{"@type":"PropertyValueSpecification","valueRequired":true,"valueName":"search_term_string"}}],"inLanguage":"fr-FR"},{"@type":"Organization","@id":"https:\/\/mediafocus.ch\/fr\/#organization","name":"Media Focus","url":"https:\/\/mediafocus.ch\/fr\/","logo":{"@type":"ImageObject","inLanguage":"fr-FR","@id":"https:\/\/mediafocus.ch\/fr\/#\/schema\/logo\/image\/","url":"https:\/\/mediafocus.ch\/wp-content\/uploads\/2022\/05\/media-focus-logo-mit-claim.svg","contentUrl":"https:\/\/mediafocus.ch\/wp-content\/uploads\/2022\/05\/media-focus-logo-mit-claim.svg","caption":"Media Focus"},"image":{"@id":"https:\/\/mediafocus.ch\/fr\/#\/schema\/logo\/image\/"}}]}},"_links":{"self":[{"href":"https:\/\/mediafocus.ch\/fr\/wp-json\/wp\/v2\/pages\/7376","targetHints":{"allow":["GET"]}}],"collection":[{"href":"https:\/\/mediafocus.ch\/fr\/wp-json\/wp\/v2\/pages"}],"about":[{"href":"https:\/\/mediafocus.ch\/fr\/wp-json\/wp\/v2\/types\/page"}],"author":[{"embeddable":true,"href":"https:\/\/mediafocus.ch\/fr\/wp-json\/wp\/v2\/users\/2"}],"replies":[{"embeddable":true,"href":"https:\/\/mediafocus.ch\/fr\/wp-json\/wp\/v2\/comments?post=7376"}],"version-history":[{"count":6,"href":"https:\/\/mediafocus.ch\/fr\/wp-json\/wp\/v2\/pages\/7376\/revisions"}],"predecessor-version":[{"id":391978,"href":"https:\/\/mediafocus.ch\/fr\/wp-json\/wp\/v2\/pages\/7376\/revisions\/391978"}],"up":[{"embeddable":true,"href":"https:\/\/mediafocus.ch\/fr\/wp-json\/wp\/v2\/pages\/7370"}],"wp:attachment":[{"href":"https:\/\/mediafocus.ch\/fr\/wp-json\/wp\/v2\/media?parent=7376"}],"curies":[{"name":"wp","href":"https:\/\/api.w.org\/{rel}","templated":true}]}}