{"id":7378,"date":"2022-04-06T23:05:00","date_gmt":"2022-04-06T21:05:00","guid":{"rendered":"https:\/\/mediafocus.ch\/?page_id=7378"},"modified":"2025-08-26T16:24:41","modified_gmt":"2025-08-26T14:24:41","slug":"creations","status":"publish","type":"page","link":"https:\/\/mediafocus.ch\/fr\/produits\/creations\/","title":{"rendered":"Cr\u00e9ations"},"content":{"rendered":"\n<div class=\"wp-block-cover is-light\" style=\"min-height:700px;aspect-ratio:unset;\"><img loading=\"lazy\" decoding=\"async\" width=\"2000\" height=\"744\" class=\"wp-block-cover__image-background wp-image-1389\" alt=\"\" src=\"https:\/\/mediafocus.ch\/wp-content\/uploads\/2022\/02\/Titelbild-Kreationen-2.png\" data-object-fit=\"cover\" srcset=\"https:\/\/mediafocus.ch\/wp-content\/uploads\/2022\/02\/Titelbild-Kreationen-2.png 2000w, https:\/\/mediafocus.ch\/wp-content\/uploads\/2022\/02\/Titelbild-Kreationen-2-300x112.png 300w, https:\/\/mediafocus.ch\/wp-content\/uploads\/2022\/02\/Titelbild-Kreationen-2-1024x381.png 1024w, https:\/\/mediafocus.ch\/wp-content\/uploads\/2022\/02\/Titelbild-Kreationen-2-768x286.png 768w, https:\/\/mediafocus.ch\/wp-content\/uploads\/2022\/02\/Titelbild-Kreationen-2-1536x571.png 1536w\" sizes=\"auto, (max-width: 2000px) 100vw, 2000px\" \/><span aria-hidden=\"true\" class=\"wp-block-cover__background has-background-dim-0 has-background-dim\"><\/span><div class=\"wp-block-cover__inner-container is-layout-flow wp-block-cover-is-layout-flow\">\n<p class=\"has-text-align-center has-large-font-size\"><\/p>\n<\/div><\/div>\n\n\n\n\n\n<div style=\"height:100px\" aria-hidden=\"true\" class=\"wp-block-spacer\"><\/div>\n\n\n\n<div class=\"wp-block-group is-layout-flow wp-block-group-is-layout-flow\">\n<div class=\"wp-block-columns container-xxl is-layout-flex wp-container-core-columns-is-layout-9d6595d7 wp-block-columns-is-layout-flex\">\n<div class=\"wp-block-column is-layout-flow wp-block-column-is-layout-flow\">\n<h1 class=\"wp-block-heading has-turqoise-500-color has-text-color\">Cr\u00e9ations<\/h1>\n<\/div>\n\n\n\n<div class=\"wp-block-column is-layout-flow wp-block-column-is-layout-flow\">\n<p>Media Focus offre la base de donn\u00e9es la plus compl\u00e8te pour les cr\u00e9ations publicitaires classiques et num\u00e9riques et les spots publicitaires en Suisse.<\/p>\n<\/div>\n<\/div>\n<\/div>\n\n\n\n<div style=\"height:100px\" aria-hidden=\"true\" class=\"wp-block-spacer\"><\/div>\n\n\n\n<div class=\"wp-block-media-text alignwide has-media-on-the-right is-stacked-on-mobile has-turqoise-500-background-color has-background\"><div class=\"wp-block-media-text__content\">\n<h2 class=\"wp-block-heading is-style-checkmark-heading has-white-000-color has-text-color has-large-font-size\">Cr\u00e9ations<\/h2>\n\n\n\n<p class=\"has-white-000-color has-text-color\">Media&nbsp;Focus met \u00e0 votre disposition les cr\u00e9ations publicitaires utilis\u00e9es pour les groupes m\u00e9diatiques Print, TV, Radio, OOH, Cin\u00e9ma, Display et YouTube pour les 10&nbsp;derni\u00e8res ann\u00e9es.<\/p>\n<\/div><figure class=\"wp-block-media-text__media\"><img loading=\"lazy\" decoding=\"async\" width=\"700\" height=\"556\" src=\"https:\/\/mediafocus.ch\/wp-content\/uploads\/2022\/02\/Kreationen-Bild-2.png\" alt=\"\u00dcbersicht der Kreationen von Media Focus\" class=\"wp-image-1441 size-full\" srcset=\"https:\/\/mediafocus.ch\/wp-content\/uploads\/2022\/02\/Kreationen-Bild-2.png 700w, https:\/\/mediafocus.ch\/wp-content\/uploads\/2022\/02\/Kreationen-Bild-2-300x238.png 300w\" sizes=\"auto, (max-width: 700px) 100vw, 700px\" \/><\/figure><\/div>\n\n\n\n<section class=\"wp-block-group container container-medium is-layout-flow wp-block-group-is-layout-flow\">\n<div style=\"height:100px\" aria-hidden=\"true\" class=\"wp-block-spacer\"><\/div>\n\n\n\n<h3 class=\"wp-block-heading is-style-default\">Que puis-je obtenir gr\u00e2ce \u00e0 la base de donn\u00e9es des cr\u00e9ations?<\/h3>\n\n\n\n<div style=\"height:20px\" aria-hidden=\"true\" class=\"wp-block-spacer\"><\/div>\n\n\n\n<p>Analysez en un clic les nouvelles campagnes lanc\u00e9es sur votre march\u00e9 de produits et les contenus de communication transmis.<\/p>\n\n\n\n<p>Si un nouveau motif d\u2019un concurrent ou d\u2019une branche est aper\u00e7u dans la saisie des statistiques de pression publicitaire, la cr\u00e9ation ou le spot trouv\u00e9 est enregistr\u00e9 dans notre base de donn\u00e9es WizzAd+. Gr\u00e2ce \u00e0 ce processus, nous sommes en mesure de mettre \u00e0 disposition une repr\u00e9sentation compl\u00e8te et la plus rapide possible des campagnes publicitaires actuelles sur tous les canaux m\u00e9diatiques.<\/p>\n\n\n\n<p>Pour la recherche et le t\u00e9l\u00e9chargement des informations relatives \u00e0 la cr\u00e9ation, vous disposez du module de cr\u00e9ation dans notre syst\u00e8me d\u2019\u00e9valuation WizzAd+.<\/p>\n\n\n\n<p>Bien entendu, nous pouvons \u00e9galement vous faire parvenir les nouvelles cr\u00e9ations de mani\u00e8re automatis\u00e9e et confortable chaque mois par livraison HTML.<\/p>\n\n\n\n<div style=\"height:100px\" aria-hidden=\"true\" class=\"wp-block-spacer\"><\/div>\n\n\n\n<h3 class=\"wp-block-heading\">Garder les cr\u00e9ations des concurrents \u00e0 l\u2019\u0153il<\/h3>\n\n\n\n<div style=\"height:20px\" aria-hidden=\"true\" class=\"wp-block-spacer\"><\/div>\n\n\n\n<figure class=\"wp-block-image size-large\"><img loading=\"lazy\" decoding=\"async\" width=\"1024\" height=\"438\" src=\"https:\/\/mediafocus.ch\/wp-content\/uploads\/2022\/03\/Grafik-Kreationen-1024x438.png\" alt=\"\u00dcbersicht von Kreationen der Konkurrenten von Media Focus\" class=\"wp-image-2622\" srcset=\"https:\/\/mediafocus.ch\/wp-content\/uploads\/2022\/03\/Grafik-Kreationen-1024x438.png 1024w, https:\/\/mediafocus.ch\/wp-content\/uploads\/2022\/03\/Grafik-Kreationen-300x128.png 300w, https:\/\/mediafocus.ch\/wp-content\/uploads\/2022\/03\/Grafik-Kreationen-768x329.png 768w, https:\/\/mediafocus.ch\/wp-content\/uploads\/2022\/03\/Grafik-Kreationen.png 1075w\" sizes=\"auto, (max-width: 1024px) 100vw, 1024px\" \/><\/figure>\n\n\n\n<div style=\"height:100px\" aria-hidden=\"true\" class=\"wp-block-spacer\"><\/div>\n\n\n\n<h4 class=\"wp-block-heading\"><strong><strong>Le module de cr\u00e9ation dans WizzAd+ vous permet de r\u00e9pondre aux questions suivantes:<\/strong><\/strong><\/h4>\n\n\n\n<ul class=\"wp-block-list is-style-checkmark-green-list\">\n<li>Quelles sont les offres propos\u00e9es par ma concurrence?<\/li>\n\n\n\n<li>Quels messages ma concurrence envoie-t-elle?<\/li>\n\n\n\n<li>\u00c0 quoi ressemblent les cr\u00e9ations de ma concurrence?<\/li>\n\n\n\n<li>Quelle est la toute derni\u00e8re campagne de la concurrence?<\/li>\n\n\n\n<li>\u00c0 quel groupe cible ma concurrence s\u2019adresse-t-elle?<\/li>\n<\/ul>\n\n\n\n<div style=\"height:20px\" aria-hidden=\"true\" class=\"wp-block-spacer\"><\/div>\n<\/section>\n\n\n\n\n\n\n\n\n\n<section class=\"wp-block-xeit-newsletter section section-form newsletter\" id=\"newsletter-form\" style=\"background-color:#0942bd\"><div class=\"container-medium\"><div class=\"row\"><div class=\"col-lg-5\"><section>\n<h3 class=\"wp-block-heading has-white-000-color has-text-color\">N\u2019h\u00e9sitez pas \u00e0 nous contacter.<\/h3>\n\n\n\n<p class=\"has-white-000-color has-text-color\"><br>Notre \u00e9quipe Conseil et Analyse se fera un plaisir de vous aider.<\/p>\n<\/section><\/div><div class=\"col-lg-6 pl-xl-9\"><div class=\"contactInfo\" style=\"display:flex;gap:20px;margin:20px 0;font-size:xx-large;flex-direction:column\"><div class=\"telInfo mediafocus-wite\" style=\"display:flex;gap:20px\"><img decoding=\"async\" class=\"\" src=\"https:\/\/mediafocus.ch\/wp-content\/themes\/mediafocus-ch\/images\/icons\/phone.svg\"\/><a><a href=\"tel:+41453222750\">T +41 43 322 27 50<\/a><\/a><\/div><div class=\"mailInfo mediafocus-wite\" style=\"display:flex;gap:20px\"><img decoding=\"async\" class=\"\" src=\"https:\/\/mediafocus.ch\/wp-content\/themes\/mediafocus-ch\/images\/icons\/mail.svg\"\/><a><a href=\"mailto:mediafocus@mediafocus.ch\">mediafocus@mediafocus.ch<\/a><\/a><\/div><\/div><input type=\"submit\" value=\"Contactez nous\" class=\"btn btn-outline-white\" data-mf-button=\"modalWindow-5b8c663c-26df-478b-8611-61df1bc36f24\"\/><div class=\"modal\" id=\"modalWindow-5b8c663c-26df-478b-8611-61df1bc36f24\" data-mf-modal=\"modal\"><div class=\"modal__dialog\"><div class=\"modal__content\"><div class=\"modal__body\"><div class=\"ratio ratio--4x3\"><iframe class=\"modal__iframe\" src=\"https:\/\/online3.superoffice.com\/Cust27000\/CS\/scripts\/customer.fcgi?action=formFrame&amp;formId=F-php5jCan\"><\/iframe><\/div><\/div><\/div><\/div><\/div><div class=\"modal__backdrop\" id=\"modalBackdrop\"><\/div><\/div><\/div><\/div><\/section>\n","protected":false},"excerpt":{"rendered":"<p>Cr\u00e9ations Media Focus offre la base de donn\u00e9es la plus compl\u00e8te pour les cr\u00e9ations publicitaires classiques et num\u00e9riques et les spots publicitaires en Suisse. Cr\u00e9ations Media&nbsp;Focus met \u00e0 votre disposition les cr\u00e9ations publicitaires utilis\u00e9es pour les groupes m\u00e9diatiques Print, TV, Radio, OOH, Cin\u00e9ma, Display et YouTube pour les 10&nbsp;derni\u00e8res ann\u00e9es. Que puis-je obtenir gr\u00e2ce \u00e0 [&hellip;]<\/p>\n","protected":false},"author":2,"featured_media":0,"parent":7370,"menu_order":4,"comment_status":"closed","ping_status":"closed","template":"","meta":{"_acf_changed":false,"footnotes":""},"class_list":["post-7378","page","type-page","status-publish","hentry"],"acf":[],"yoast_head":"<!-- This site is optimized with the Yoast SEO plugin v27.4 - https:\/\/yoast.com\/product\/yoast-seo-wordpress\/ -->\n<title>Cr\u00e9ations - Media Focus<\/title>\n<meta name=\"description\" content=\"Media Focus offre la base de donn\u00e9es la plus compl\u00e8te pour les cr\u00e9ations publicitaires classiques et num\u00e9riques et les spots publicitaires.\" \/>\n<meta name=\"robots\" content=\"index, follow, max-snippet:-1, max-image-preview:large, max-video-preview:-1\" \/>\n<link rel=\"canonical\" href=\"https:\/\/mediafocus.ch\/fr\/produits\/creations\/\" \/>\n<meta property=\"og:locale\" content=\"fr_FR\" \/>\n<meta property=\"og:type\" content=\"article\" \/>\n<meta property=\"og:title\" content=\"Cr\u00e9ations - Media Focus\" \/>\n<meta property=\"og:description\" content=\"Media Focus offre la base de donn\u00e9es la plus compl\u00e8te pour les cr\u00e9ations publicitaires classiques et num\u00e9riques et les spots publicitaires.\" \/>\n<meta property=\"og:url\" content=\"https:\/\/mediafocus.ch\/fr\/produits\/creations\/\" \/>\n<meta property=\"og:site_name\" content=\"Media Focus\" \/>\n<meta property=\"article:modified_time\" content=\"2025-08-26T14:24:41+00:00\" \/>\n<meta property=\"og:image\" content=\"https:\/\/mediafocus.ch\/wp-content\/uploads\/2022\/02\/Titelbild-Kreationen-2.png\" \/>\n\t<meta property=\"og:image:width\" content=\"2000\" \/>\n\t<meta property=\"og:image:height\" content=\"744\" \/>\n\t<meta property=\"og:image:type\" content=\"image\/png\" \/>\n<meta name=\"twitter:card\" content=\"summary_large_image\" \/>\n<meta name=\"twitter:label1\" content=\"Dur\u00e9e de lecture estim\u00e9e\" \/>\n\t<meta name=\"twitter:data1\" content=\"3 minutes\" \/>\n<script type=\"application\/ld+json\" class=\"yoast-schema-graph\">{\"@context\":\"https:\\\/\\\/schema.org\",\"@graph\":[{\"@type\":\"WebPage\",\"@id\":\"https:\\\/\\\/mediafocus.ch\\\/fr\\\/produits\\\/creations\\\/\",\"url\":\"https:\\\/\\\/mediafocus.ch\\\/fr\\\/produits\\\/creations\\\/\",\"name\":\"Cr\u00e9ations - Media Focus\",\"isPartOf\":{\"@id\":\"https:\\\/\\\/mediafocus.ch\\\/fr\\\/#website\"},\"primaryImageOfPage\":{\"@id\":\"https:\\\/\\\/mediafocus.ch\\\/fr\\\/produits\\\/creations\\\/#primaryimage\"},\"image\":{\"@id\":\"https:\\\/\\\/mediafocus.ch\\\/fr\\\/produits\\\/creations\\\/#primaryimage\"},\"thumbnailUrl\":\"https:\\\/\\\/mediafocus.ch\\\/wp-content\\\/uploads\\\/2022\\\/02\\\/Titelbild-Kreationen-2.png\",\"datePublished\":\"2022-04-06T21:05:00+00:00\",\"dateModified\":\"2025-08-26T14:24:41+00:00\",\"description\":\"Media Focus offre la base de donn\u00e9es la plus compl\u00e8te pour les cr\u00e9ations publicitaires classiques et num\u00e9riques et les spots publicitaires.\",\"breadcrumb\":{\"@id\":\"https:\\\/\\\/mediafocus.ch\\\/fr\\\/produits\\\/creations\\\/#breadcrumb\"},\"inLanguage\":\"fr-FR\",\"potentialAction\":[{\"@type\":\"ReadAction\",\"target\":[\"https:\\\/\\\/mediafocus.ch\\\/fr\\\/produits\\\/creations\\\/\"]}]},{\"@type\":\"ImageObject\",\"inLanguage\":\"fr-FR\",\"@id\":\"https:\\\/\\\/mediafocus.ch\\\/fr\\\/produits\\\/creations\\\/#primaryimage\",\"url\":\"https:\\\/\\\/mediafocus.ch\\\/wp-content\\\/uploads\\\/2022\\\/02\\\/Titelbild-Kreationen-2.png\",\"contentUrl\":\"https:\\\/\\\/mediafocus.ch\\\/wp-content\\\/uploads\\\/2022\\\/02\\\/Titelbild-Kreationen-2.png\"},{\"@type\":\"BreadcrumbList\",\"@id\":\"https:\\\/\\\/mediafocus.ch\\\/fr\\\/produits\\\/creations\\\/#breadcrumb\",\"itemListElement\":[{\"@type\":\"ListItem\",\"position\":1,\"name\":\"Home\",\"item\":\"https:\\\/\\\/mediafocus.ch\\\/fr\\\/\"},{\"@type\":\"ListItem\",\"position\":2,\"name\":\"Produits\",\"item\":\"https:\\\/\\\/mediafocus.ch\\\/fr\\\/produits\\\/\"},{\"@type\":\"ListItem\",\"position\":3,\"name\":\"Cr\u00e9ations\"}]},{\"@type\":\"WebSite\",\"@id\":\"https:\\\/\\\/mediafocus.ch\\\/fr\\\/#website\",\"url\":\"https:\\\/\\\/mediafocus.ch\\\/fr\\\/\",\"name\":\"Media Focus\",\"description\":\"Data driven insights\",\"publisher\":{\"@id\":\"https:\\\/\\\/mediafocus.ch\\\/fr\\\/#organization\"},\"potentialAction\":[{\"@type\":\"SearchAction\",\"target\":{\"@type\":\"EntryPoint\",\"urlTemplate\":\"https:\\\/\\\/mediafocus.ch\\\/fr\\\/?s={search_term_string}\"},\"query-input\":{\"@type\":\"PropertyValueSpecification\",\"valueRequired\":true,\"valueName\":\"search_term_string\"}}],\"inLanguage\":\"fr-FR\"},{\"@type\":\"Organization\",\"@id\":\"https:\\\/\\\/mediafocus.ch\\\/fr\\\/#organization\",\"name\":\"Media Focus\",\"url\":\"https:\\\/\\\/mediafocus.ch\\\/fr\\\/\",\"logo\":{\"@type\":\"ImageObject\",\"inLanguage\":\"fr-FR\",\"@id\":\"https:\\\/\\\/mediafocus.ch\\\/fr\\\/#\\\/schema\\\/logo\\\/image\\\/\",\"url\":\"https:\\\/\\\/mediafocus.ch\\\/wp-content\\\/uploads\\\/2022\\\/05\\\/media-focus-logo-mit-claim.svg\",\"contentUrl\":\"https:\\\/\\\/mediafocus.ch\\\/wp-content\\\/uploads\\\/2022\\\/05\\\/media-focus-logo-mit-claim.svg\",\"caption\":\"Media Focus\"},\"image\":{\"@id\":\"https:\\\/\\\/mediafocus.ch\\\/fr\\\/#\\\/schema\\\/logo\\\/image\\\/\"}}]}<\/script>\n<!-- \/ Yoast SEO plugin. -->","yoast_head_json":{"title":"Cr\u00e9ations - Media Focus","description":"Media Focus offre la base de donn\u00e9es la plus compl\u00e8te pour les cr\u00e9ations publicitaires classiques et num\u00e9riques et les spots publicitaires.","robots":{"index":"index","follow":"follow","max-snippet":"max-snippet:-1","max-image-preview":"max-image-preview:large","max-video-preview":"max-video-preview:-1"},"canonical":"https:\/\/mediafocus.ch\/fr\/produits\/creations\/","og_locale":"fr_FR","og_type":"article","og_title":"Cr\u00e9ations - Media Focus","og_description":"Media Focus offre la base de donn\u00e9es la plus compl\u00e8te pour les cr\u00e9ations publicitaires classiques et num\u00e9riques et les spots publicitaires.","og_url":"https:\/\/mediafocus.ch\/fr\/produits\/creations\/","og_site_name":"Media Focus","article_modified_time":"2025-08-26T14:24:41+00:00","og_image":[{"width":2000,"height":744,"url":"https:\/\/mediafocus.ch\/wp-content\/uploads\/2022\/02\/Titelbild-Kreationen-2.png","type":"image\/png"}],"twitter_card":"summary_large_image","twitter_misc":{"Dur\u00e9e de lecture estim\u00e9e":"3 minutes"},"schema":{"@context":"https:\/\/schema.org","@graph":[{"@type":"WebPage","@id":"https:\/\/mediafocus.ch\/fr\/produits\/creations\/","url":"https:\/\/mediafocus.ch\/fr\/produits\/creations\/","name":"Cr\u00e9ations - Media Focus","isPartOf":{"@id":"https:\/\/mediafocus.ch\/fr\/#website"},"primaryImageOfPage":{"@id":"https:\/\/mediafocus.ch\/fr\/produits\/creations\/#primaryimage"},"image":{"@id":"https:\/\/mediafocus.ch\/fr\/produits\/creations\/#primaryimage"},"thumbnailUrl":"https:\/\/mediafocus.ch\/wp-content\/uploads\/2022\/02\/Titelbild-Kreationen-2.png","datePublished":"2022-04-06T21:05:00+00:00","dateModified":"2025-08-26T14:24:41+00:00","description":"Media Focus offre la base de donn\u00e9es la plus compl\u00e8te pour les cr\u00e9ations publicitaires classiques et num\u00e9riques et les spots publicitaires.","breadcrumb":{"@id":"https:\/\/mediafocus.ch\/fr\/produits\/creations\/#breadcrumb"},"inLanguage":"fr-FR","potentialAction":[{"@type":"ReadAction","target":["https:\/\/mediafocus.ch\/fr\/produits\/creations\/"]}]},{"@type":"ImageObject","inLanguage":"fr-FR","@id":"https:\/\/mediafocus.ch\/fr\/produits\/creations\/#primaryimage","url":"https:\/\/mediafocus.ch\/wp-content\/uploads\/2022\/02\/Titelbild-Kreationen-2.png","contentUrl":"https:\/\/mediafocus.ch\/wp-content\/uploads\/2022\/02\/Titelbild-Kreationen-2.png"},{"@type":"BreadcrumbList","@id":"https:\/\/mediafocus.ch\/fr\/produits\/creations\/#breadcrumb","itemListElement":[{"@type":"ListItem","position":1,"name":"Home","item":"https:\/\/mediafocus.ch\/fr\/"},{"@type":"ListItem","position":2,"name":"Produits","item":"https:\/\/mediafocus.ch\/fr\/produits\/"},{"@type":"ListItem","position":3,"name":"Cr\u00e9ations"}]},{"@type":"WebSite","@id":"https:\/\/mediafocus.ch\/fr\/#website","url":"https:\/\/mediafocus.ch\/fr\/","name":"Media Focus","description":"Data driven insights","publisher":{"@id":"https:\/\/mediafocus.ch\/fr\/#organization"},"potentialAction":[{"@type":"SearchAction","target":{"@type":"EntryPoint","urlTemplate":"https:\/\/mediafocus.ch\/fr\/?s={search_term_string}"},"query-input":{"@type":"PropertyValueSpecification","valueRequired":true,"valueName":"search_term_string"}}],"inLanguage":"fr-FR"},{"@type":"Organization","@id":"https:\/\/mediafocus.ch\/fr\/#organization","name":"Media Focus","url":"https:\/\/mediafocus.ch\/fr\/","logo":{"@type":"ImageObject","inLanguage":"fr-FR","@id":"https:\/\/mediafocus.ch\/fr\/#\/schema\/logo\/image\/","url":"https:\/\/mediafocus.ch\/wp-content\/uploads\/2022\/05\/media-focus-logo-mit-claim.svg","contentUrl":"https:\/\/mediafocus.ch\/wp-content\/uploads\/2022\/05\/media-focus-logo-mit-claim.svg","caption":"Media Focus"},"image":{"@id":"https:\/\/mediafocus.ch\/fr\/#\/schema\/logo\/image\/"}}]}},"_links":{"self":[{"href":"https:\/\/mediafocus.ch\/fr\/wp-json\/wp\/v2\/pages\/7378","targetHints":{"allow":["GET"]}}],"collection":[{"href":"https:\/\/mediafocus.ch\/fr\/wp-json\/wp\/v2\/pages"}],"about":[{"href":"https:\/\/mediafocus.ch\/fr\/wp-json\/wp\/v2\/types\/page"}],"author":[{"embeddable":true,"href":"https:\/\/mediafocus.ch\/fr\/wp-json\/wp\/v2\/users\/2"}],"replies":[{"embeddable":true,"href":"https:\/\/mediafocus.ch\/fr\/wp-json\/wp\/v2\/comments?post=7378"}],"version-history":[{"count":6,"href":"https:\/\/mediafocus.ch\/fr\/wp-json\/wp\/v2\/pages\/7378\/revisions"}],"predecessor-version":[{"id":391985,"href":"https:\/\/mediafocus.ch\/fr\/wp-json\/wp\/v2\/pages\/7378\/revisions\/391985"}],"up":[{"embeddable":true,"href":"https:\/\/mediafocus.ch\/fr\/wp-json\/wp\/v2\/pages\/7370"}],"wp:attachment":[{"href":"https:\/\/mediafocus.ch\/fr\/wp-json\/wp\/v2\/media?parent=7378"}],"curies":[{"name":"wp","href":"https:\/\/api.w.org\/{rel}","templated":true}]}}