{"id":7381,"date":"2022-04-06T23:06:07","date_gmt":"2022-04-06T21:06:07","guid":{"rendered":"https:\/\/mediafocus.ch\/?page_id=7381"},"modified":"2025-08-26T16:24:39","modified_gmt":"2025-08-26T14:24:39","slug":"total-brand-visibility-content","status":"publish","type":"page","link":"https:\/\/mediafocus.ch\/fr\/produits\/total-brand-visibility-content\/","title":{"rendered":"Total Brand Visibility &amp; Content"},"content":{"rendered":"\n<div class=\"wp-block-cover is-light\" style=\"min-height:700px;aspect-ratio:unset;\"><img loading=\"lazy\" decoding=\"async\" width=\"2000\" height=\"606\" class=\"wp-block-cover__image-background wp-image-1399\" alt=\"\" src=\"https:\/\/mediafocus.ch\/wp-content\/uploads\/2022\/02\/Titelbild-TBVi.png\" style=\"object-position:49% 54%\" data-object-fit=\"cover\" data-object-position=\"49% 54%\" srcset=\"https:\/\/mediafocus.ch\/wp-content\/uploads\/2022\/02\/Titelbild-TBVi.png 2000w, https:\/\/mediafocus.ch\/wp-content\/uploads\/2022\/02\/Titelbild-TBVi-300x91.png 300w, https:\/\/mediafocus.ch\/wp-content\/uploads\/2022\/02\/Titelbild-TBVi-1024x310.png 1024w, https:\/\/mediafocus.ch\/wp-content\/uploads\/2022\/02\/Titelbild-TBVi-768x233.png 768w, https:\/\/mediafocus.ch\/wp-content\/uploads\/2022\/02\/Titelbild-TBVi-1536x465.png 1536w\" sizes=\"auto, (max-width: 2000px) 100vw, 2000px\" \/><span aria-hidden=\"true\" class=\"wp-block-cover__background has-background-dim-0 has-background-dim\"><\/span><div class=\"wp-block-cover__inner-container is-layout-flow wp-block-cover-is-layout-flow\">\n<p class=\"has-text-align-center has-large-font-size\"><\/p>\n<\/div><\/div>\n\n\n\n\n\n<div style=\"height:100px\" aria-hidden=\"true\" class=\"wp-block-spacer\"><\/div>\n\n\n\n<div class=\"wp-block-group is-layout-flow wp-block-group-is-layout-flow\">\n<div class=\"wp-block-columns container-xxl is-layout-flex wp-container-core-columns-is-layout-9d6595d7 wp-block-columns-is-layout-flex\">\n<div class=\"wp-block-column is-layout-flow wp-block-column-is-layout-flow\">\n<h1 class=\"wp-block-heading has-turqoise-500-color has-text-color\">Total Brand<br>Visibility &amp; <br>Content<\/h1>\n<\/div>\n\n\n\n<div class=\"wp-block-column is-layout-flow wp-block-column-is-layout-flow\">\n<p>Une vue \u00e0 360\u00b0 de l\u2019empreinte publicitaire et communicative de votre marque par rapport \u00e0 vos concurrents!<br><br>Pour ce faire, nous examinons les m\u00e9dias traditionnels et num\u00e9riques, classifions les parutions publicitaires et menons une analyse quantitative et qualitative des publications r\u00e9dactionnelles.<\/p>\n<\/div>\n<\/div>\n<\/div>\n\n\n\n<div style=\"height:100px\" aria-hidden=\"true\" class=\"wp-block-spacer\"><\/div>\n\n\n\n<div class=\"wp-block-media-text alignwide has-media-on-the-right is-stacked-on-mobile has-turqoise-500-background-color has-background\"><div class=\"wp-block-media-text__content\">\n<h2 class=\"wp-block-heading is-style-checkmark-heading has-white-000-color has-text-color has-large-font-size\">Total Brand Visibility &amp; Content<\/h2>\n\n\n\n<p class=\"has-white-000-color has-text-color\">Avec Total Brand Visibility &amp; Content, Media Focus tient compte du changement de paradigme dans le marketing et la communication et offre aux responsables des marques, du marketing et de la communication un instrument unique leur permettant de prendre des d\u00e9cisions strat\u00e9giques bas\u00e9es sur des donn\u00e9es.<\/p>\n\n\n\n<p class=\"has-white-000-color has-text-color\">Total Brand Visibility &amp; Content vous aide \u00e0 \u00e9tablir un contr\u00f4le de communication multicanal et interdisciplinaire et \u00e0 optimiser les performances de votre marque par rapport \u00e0 la concurrence et au secteur.<\/p>\n<\/div><figure class=\"wp-block-media-text__media\"><img loading=\"lazy\" decoding=\"async\" width=\"1024\" height=\"672\" src=\"https:\/\/mediafocus.ch\/wp-content\/uploads\/2022\/04\/Total-Brand-Visibility-Produkte-1024x672.png\" alt=\"Zwei H\u00e4nde welche auf den Bildschirm eines Laptops zeigen, worauf eine \u00dcbersicht der Kan\u00e4le einer Marke von Media Focus zu sehen sind \" class=\"wp-image-8217 size-full\" srcset=\"https:\/\/mediafocus.ch\/wp-content\/uploads\/2022\/04\/Total-Brand-Visibility-Produkte-1024x672.png 1024w, https:\/\/mediafocus.ch\/wp-content\/uploads\/2022\/04\/Total-Brand-Visibility-Produkte-300x197.png 300w, https:\/\/mediafocus.ch\/wp-content\/uploads\/2022\/04\/Total-Brand-Visibility-Produkte-768x504.png 768w, https:\/\/mediafocus.ch\/wp-content\/uploads\/2022\/04\/Total-Brand-Visibility-Produkte.png 1500w\" sizes=\"auto, (max-width: 1024px) 100vw, 1024px\" \/><\/figure><\/div>\n\n\n\n<section class=\"wp-block-group container container-medium is-layout-flow wp-block-group-is-layout-flow\">\n<div style=\"height:100px\" aria-hidden=\"true\" class=\"wp-block-spacer\"><\/div>\n\n\n\n<h3 class=\"wp-block-heading is-style-default\">Pourquoi opter pour Total Brand Visibility &amp; Content?<\/h3>\n\n\n\n<div style=\"height:20px\" aria-hidden=\"true\" class=\"wp-block-spacer\"><\/div>\n\n\n\n<p>Sous l\u2019impulsion de la num\u00e9risation et de l\u2019\u00e9volution des habitudes de consommation des m\u00e9dias, le marketing et la communication se rapprochent toujours plus. Les deux disciplines servent d\u00e9sormais de nombreux canaux ensemble. Les domaines de responsabilit\u00e9 s\u2019effacent, les groupes cibles et les strat\u00e9gies s\u2019entrecoupent.<\/p>\n\n\n\n<p><strong>Total Brand Visibility<\/strong>&nbsp;tient compte de cette \u00e9volution et, en associant les donn\u00e9es publicitaires et de pr\u00e9sence m\u00e9diatique, offre une vision compl\u00e8te des strat\u00e9gies de communication de l\u2019entreprise et de ses marques.<\/p>\n\n\n\n<p><strong>Total Brand Content<\/strong>&nbsp;vous aide \u00e0 rep\u00e9rer les dissonances entre la perception que votre marque se fait d\u2019elle-m\u00eame et celle qu\u2019en a le public et \u00e0 identifier les th\u00e9matiques susceptibles d\u2019\u00eatre des sources d\u2019opportunit\u00e9s ou de risques en mati\u00e8re de visibilit\u00e9.<br>Vous recevez tous les r\u00e9sultats dans un rapport complet et comment\u00e9, avec une visualisation claire et un niveau de d\u00e9tail adapt\u00e9 \u00e0 vos besoins et \u00e0 ceux de votre marque.<\/p>\n\n\n\n<div style=\"height:50px\" aria-hidden=\"true\" class=\"wp-block-spacer\"><\/div>\n\n\n\n<h4 class=\"wp-block-heading\"><strong><strong><strong><strong>Total Brand Visibility &amp; Content vous offre:<\/strong><\/strong><\/strong><\/strong><\/h4>\n\n\n\n<ul class=\"wp-block-list is-style-checkmark-green-list\">\n<li>Une perspective globale et unique en son genre sur les donn\u00e9es.<\/li>\n\n\n\n<li>Des images du march\u00e9 et des r\u00e9f\u00e9rences compl\u00e8tes.<\/li>\n\n\n\n<li>Une comparaison entre perception de soi et perception ext\u00e9rieure de votre marque.<\/li>\n\n\n\n<li>L\u2019identification des opportunit\u00e9s et des risques pour la visibilit\u00e9.<\/li>\n\n\n\n<li>L\u2019identification de leaders d\u2019opinion.<\/li>\n\n\n\n<li>Des ICP communs pertinents pour le marketing et la communication.<\/li>\n<\/ul>\n\n\n\n<div style=\"height:20px\" aria-hidden=\"true\" class=\"wp-block-spacer\"><\/div>\n<\/section>\n\n\n\n\n\n\n\n\n\n<section class=\"wp-block-xeit-newsletter section section-form newsletter\" id=\"newsletter-form\" style=\"background-color:#0942bd\"><div class=\"container-medium\"><div class=\"row\"><div class=\"col-lg-5\"><section>\n<h3 class=\"wp-block-heading has-white-000-color has-text-color\">N\u2019h\u00e9sitez pas \u00e0 nous contacter.<\/h3>\n\n\n\n<p class=\"has-white-000-color has-text-color\"><br>Notre \u00e9quipe Conseil et Analyse se fera un plaisir de vous aider.<\/p>\n<\/section><\/div><div class=\"col-lg-6 pl-xl-9\"><div class=\"contactInfo\" style=\"display:flex;gap:20px;margin:20px 0;font-size:xx-large;flex-direction:column\"><div class=\"telInfo mediafocus-wite\" style=\"display:flex;gap:20px\"><img decoding=\"async\" class=\"\" src=\"https:\/\/mediafocus.ch\/wp-content\/themes\/mediafocus-ch\/images\/icons\/phone.svg\"\/><a><a href=\"tel:+41453222750\">T +41 43 322 27 50<\/a><\/a><\/div><div class=\"mailInfo mediafocus-wite\" style=\"display:flex;gap:20px\"><img decoding=\"async\" class=\"\" src=\"https:\/\/mediafocus.ch\/wp-content\/themes\/mediafocus-ch\/images\/icons\/mail.svg\"\/><a><a href=\"mailto:mediafocus@mediafocus.ch\">mediafocus@mediafocus.ch<\/a><\/a><\/div><\/div><input type=\"submit\" value=\"Contactez nous\" class=\"btn btn-outline-white\" data-mf-button=\"modalWindow-5b8c663c-26df-478b-8611-61df1bc36f24\"\/><div class=\"modal\" id=\"modalWindow-5b8c663c-26df-478b-8611-61df1bc36f24\" data-mf-modal=\"modal\"><div class=\"modal__dialog\"><div class=\"modal__content\"><div class=\"modal__body\"><div class=\"ratio ratio--4x3\"><iframe class=\"modal__iframe\" src=\"https:\/\/online3.superoffice.com\/Cust27000\/CS\/scripts\/customer.fcgi?action=formFrame&amp;formId=F-php5jCan\"><\/iframe><\/div><\/div><\/div><\/div><\/div><div class=\"modal__backdrop\" id=\"modalBackdrop\"><\/div><\/div><\/div><\/div><\/section>\n","protected":false},"excerpt":{"rendered":"<p>Total BrandVisibility &amp; Content Une vue \u00e0 360\u00b0 de l\u2019empreinte publicitaire et communicative de votre marque par rapport \u00e0 vos concurrents! Pour ce faire, nous examinons les m\u00e9dias traditionnels et num\u00e9riques, classifions les parutions publicitaires et menons une analyse quantitative et qualitative des publications r\u00e9dactionnelles. Total Brand Visibility &amp; Content Avec Total Brand Visibility &amp; [&hellip;]<\/p>\n","protected":false},"author":2,"featured_media":0,"parent":7370,"menu_order":5,"comment_status":"closed","ping_status":"closed","template":"","meta":{"footnotes":""},"class_list":["post-7381","page","type-page","status-publish","hentry"],"yoast_head":"<!-- This site is optimized with the Yoast SEO plugin v27.4 - https:\/\/yoast.com\/product\/yoast-seo-wordpress\/ -->\n<title>Total Brand Visibility &amp; Content - Media Focus<\/title>\n<meta name=\"description\" content=\"En associant les donn\u00e9es publicitaires et de pr\u00e9sence m\u00e9diatique, Total Brand Visibility offre une vision globale unique de la concurrence!\" \/>\n<meta name=\"robots\" content=\"index, follow, max-snippet:-1, max-image-preview:large, max-video-preview:-1\" \/>\n<link rel=\"canonical\" href=\"https:\/\/mediafocus.ch\/fr\/produits\/total-brand-visibility-content\/\" \/>\n<meta property=\"og:locale\" content=\"fr_FR\" \/>\n<meta property=\"og:type\" content=\"article\" \/>\n<meta property=\"og:title\" content=\"Total Brand Visibility &amp; Content - Media Focus\" \/>\n<meta property=\"og:description\" content=\"En associant les donn\u00e9es publicitaires et de pr\u00e9sence m\u00e9diatique, Total Brand Visibility offre une vision globale unique de la concurrence!\" \/>\n<meta property=\"og:url\" content=\"https:\/\/mediafocus.ch\/fr\/produits\/total-brand-visibility-content\/\" \/>\n<meta property=\"og:site_name\" content=\"Media Focus\" \/>\n<meta property=\"article:modified_time\" content=\"2025-08-26T14:24:39+00:00\" \/>\n<meta property=\"og:image\" content=\"https:\/\/mediafocus.ch\/wp-content\/uploads\/2022\/02\/Titelbild-TBVi.png\" \/>\n\t<meta property=\"og:image:width\" content=\"2000\" \/>\n\t<meta property=\"og:image:height\" content=\"606\" \/>\n\t<meta property=\"og:image:type\" content=\"image\/png\" \/>\n<meta name=\"twitter:card\" content=\"summary_large_image\" \/>\n<meta name=\"twitter:label1\" content=\"Dur\u00e9e de lecture estim\u00e9e\" \/>\n\t<meta name=\"twitter:data1\" content=\"3 minutes\" \/>\n<script type=\"application\/ld+json\" class=\"yoast-schema-graph\">{\"@context\":\"https:\\\/\\\/schema.org\",\"@graph\":[{\"@type\":\"WebPage\",\"@id\":\"https:\\\/\\\/mediafocus.ch\\\/fr\\\/produits\\\/total-brand-visibility-content\\\/\",\"url\":\"https:\\\/\\\/mediafocus.ch\\\/fr\\\/produits\\\/total-brand-visibility-content\\\/\",\"name\":\"Total Brand Visibility &amp; Content - Media Focus\",\"isPartOf\":{\"@id\":\"https:\\\/\\\/mediafocus.ch\\\/fr\\\/#website\"},\"primaryImageOfPage\":{\"@id\":\"https:\\\/\\\/mediafocus.ch\\\/fr\\\/produits\\\/total-brand-visibility-content\\\/#primaryimage\"},\"image\":{\"@id\":\"https:\\\/\\\/mediafocus.ch\\\/fr\\\/produits\\\/total-brand-visibility-content\\\/#primaryimage\"},\"thumbnailUrl\":\"https:\\\/\\\/mediafocus.ch\\\/wp-content\\\/uploads\\\/2022\\\/02\\\/Titelbild-TBVi.png\",\"datePublished\":\"2022-04-06T21:06:07+00:00\",\"dateModified\":\"2025-08-26T14:24:39+00:00\",\"description\":\"En associant les donn\u00e9es publicitaires et de pr\u00e9sence m\u00e9diatique, Total Brand Visibility offre une vision globale unique de la concurrence!\",\"breadcrumb\":{\"@id\":\"https:\\\/\\\/mediafocus.ch\\\/fr\\\/produits\\\/total-brand-visibility-content\\\/#breadcrumb\"},\"inLanguage\":\"fr-FR\",\"potentialAction\":[{\"@type\":\"ReadAction\",\"target\":[\"https:\\\/\\\/mediafocus.ch\\\/fr\\\/produits\\\/total-brand-visibility-content\\\/\"]}]},{\"@type\":\"ImageObject\",\"inLanguage\":\"fr-FR\",\"@id\":\"https:\\\/\\\/mediafocus.ch\\\/fr\\\/produits\\\/total-brand-visibility-content\\\/#primaryimage\",\"url\":\"https:\\\/\\\/mediafocus.ch\\\/wp-content\\\/uploads\\\/2022\\\/02\\\/Titelbild-TBVi.png\",\"contentUrl\":\"https:\\\/\\\/mediafocus.ch\\\/wp-content\\\/uploads\\\/2022\\\/02\\\/Titelbild-TBVi.png\"},{\"@type\":\"BreadcrumbList\",\"@id\":\"https:\\\/\\\/mediafocus.ch\\\/fr\\\/produits\\\/total-brand-visibility-content\\\/#breadcrumb\",\"itemListElement\":[{\"@type\":\"ListItem\",\"position\":1,\"name\":\"Home\",\"item\":\"https:\\\/\\\/mediafocus.ch\\\/fr\\\/\"},{\"@type\":\"ListItem\",\"position\":2,\"name\":\"Produits\",\"item\":\"https:\\\/\\\/mediafocus.ch\\\/fr\\\/produits\\\/\"},{\"@type\":\"ListItem\",\"position\":3,\"name\":\"Total Brand Visibility &amp; Content\"}]},{\"@type\":\"WebSite\",\"@id\":\"https:\\\/\\\/mediafocus.ch\\\/fr\\\/#website\",\"url\":\"https:\\\/\\\/mediafocus.ch\\\/fr\\\/\",\"name\":\"Media Focus\",\"description\":\"Data driven insights\",\"publisher\":{\"@id\":\"https:\\\/\\\/mediafocus.ch\\\/fr\\\/#organization\"},\"potentialAction\":[{\"@type\":\"SearchAction\",\"target\":{\"@type\":\"EntryPoint\",\"urlTemplate\":\"https:\\\/\\\/mediafocus.ch\\\/fr\\\/?s={search_term_string}\"},\"query-input\":{\"@type\":\"PropertyValueSpecification\",\"valueRequired\":true,\"valueName\":\"search_term_string\"}}],\"inLanguage\":\"fr-FR\"},{\"@type\":\"Organization\",\"@id\":\"https:\\\/\\\/mediafocus.ch\\\/fr\\\/#organization\",\"name\":\"Media Focus\",\"url\":\"https:\\\/\\\/mediafocus.ch\\\/fr\\\/\",\"logo\":{\"@type\":\"ImageObject\",\"inLanguage\":\"fr-FR\",\"@id\":\"https:\\\/\\\/mediafocus.ch\\\/fr\\\/#\\\/schema\\\/logo\\\/image\\\/\",\"url\":\"https:\\\/\\\/mediafocus.ch\\\/wp-content\\\/uploads\\\/2022\\\/05\\\/media-focus-logo-mit-claim.svg\",\"contentUrl\":\"https:\\\/\\\/mediafocus.ch\\\/wp-content\\\/uploads\\\/2022\\\/05\\\/media-focus-logo-mit-claim.svg\",\"caption\":\"Media Focus\"},\"image\":{\"@id\":\"https:\\\/\\\/mediafocus.ch\\\/fr\\\/#\\\/schema\\\/logo\\\/image\\\/\"}}]}<\/script>\n<!-- \/ Yoast SEO plugin. -->","yoast_head_json":{"title":"Total Brand Visibility &amp; Content - Media Focus","description":"En associant les donn\u00e9es publicitaires et de pr\u00e9sence m\u00e9diatique, Total Brand Visibility offre une vision globale unique de la concurrence!","robots":{"index":"index","follow":"follow","max-snippet":"max-snippet:-1","max-image-preview":"max-image-preview:large","max-video-preview":"max-video-preview:-1"},"canonical":"https:\/\/mediafocus.ch\/fr\/produits\/total-brand-visibility-content\/","og_locale":"fr_FR","og_type":"article","og_title":"Total Brand Visibility &amp; Content - Media Focus","og_description":"En associant les donn\u00e9es publicitaires et de pr\u00e9sence m\u00e9diatique, Total Brand Visibility offre une vision globale unique de la concurrence!","og_url":"https:\/\/mediafocus.ch\/fr\/produits\/total-brand-visibility-content\/","og_site_name":"Media Focus","article_modified_time":"2025-08-26T14:24:39+00:00","og_image":[{"width":2000,"height":606,"url":"https:\/\/mediafocus.ch\/wp-content\/uploads\/2022\/02\/Titelbild-TBVi.png","type":"image\/png"}],"twitter_card":"summary_large_image","twitter_misc":{"Dur\u00e9e de lecture estim\u00e9e":"3 minutes"},"schema":{"@context":"https:\/\/schema.org","@graph":[{"@type":"WebPage","@id":"https:\/\/mediafocus.ch\/fr\/produits\/total-brand-visibility-content\/","url":"https:\/\/mediafocus.ch\/fr\/produits\/total-brand-visibility-content\/","name":"Total Brand Visibility &amp; Content - Media Focus","isPartOf":{"@id":"https:\/\/mediafocus.ch\/fr\/#website"},"primaryImageOfPage":{"@id":"https:\/\/mediafocus.ch\/fr\/produits\/total-brand-visibility-content\/#primaryimage"},"image":{"@id":"https:\/\/mediafocus.ch\/fr\/produits\/total-brand-visibility-content\/#primaryimage"},"thumbnailUrl":"https:\/\/mediafocus.ch\/wp-content\/uploads\/2022\/02\/Titelbild-TBVi.png","datePublished":"2022-04-06T21:06:07+00:00","dateModified":"2025-08-26T14:24:39+00:00","description":"En associant les donn\u00e9es publicitaires et de pr\u00e9sence m\u00e9diatique, Total Brand Visibility offre une vision globale unique de la concurrence!","breadcrumb":{"@id":"https:\/\/mediafocus.ch\/fr\/produits\/total-brand-visibility-content\/#breadcrumb"},"inLanguage":"fr-FR","potentialAction":[{"@type":"ReadAction","target":["https:\/\/mediafocus.ch\/fr\/produits\/total-brand-visibility-content\/"]}]},{"@type":"ImageObject","inLanguage":"fr-FR","@id":"https:\/\/mediafocus.ch\/fr\/produits\/total-brand-visibility-content\/#primaryimage","url":"https:\/\/mediafocus.ch\/wp-content\/uploads\/2022\/02\/Titelbild-TBVi.png","contentUrl":"https:\/\/mediafocus.ch\/wp-content\/uploads\/2022\/02\/Titelbild-TBVi.png"},{"@type":"BreadcrumbList","@id":"https:\/\/mediafocus.ch\/fr\/produits\/total-brand-visibility-content\/#breadcrumb","itemListElement":[{"@type":"ListItem","position":1,"name":"Home","item":"https:\/\/mediafocus.ch\/fr\/"},{"@type":"ListItem","position":2,"name":"Produits","item":"https:\/\/mediafocus.ch\/fr\/produits\/"},{"@type":"ListItem","position":3,"name":"Total Brand Visibility &amp; Content"}]},{"@type":"WebSite","@id":"https:\/\/mediafocus.ch\/fr\/#website","url":"https:\/\/mediafocus.ch\/fr\/","name":"Media Focus","description":"Data driven insights","publisher":{"@id":"https:\/\/mediafocus.ch\/fr\/#organization"},"potentialAction":[{"@type":"SearchAction","target":{"@type":"EntryPoint","urlTemplate":"https:\/\/mediafocus.ch\/fr\/?s={search_term_string}"},"query-input":{"@type":"PropertyValueSpecification","valueRequired":true,"valueName":"search_term_string"}}],"inLanguage":"fr-FR"},{"@type":"Organization","@id":"https:\/\/mediafocus.ch\/fr\/#organization","name":"Media Focus","url":"https:\/\/mediafocus.ch\/fr\/","logo":{"@type":"ImageObject","inLanguage":"fr-FR","@id":"https:\/\/mediafocus.ch\/fr\/#\/schema\/logo\/image\/","url":"https:\/\/mediafocus.ch\/wp-content\/uploads\/2022\/05\/media-focus-logo-mit-claim.svg","contentUrl":"https:\/\/mediafocus.ch\/wp-content\/uploads\/2022\/05\/media-focus-logo-mit-claim.svg","caption":"Media Focus"},"image":{"@id":"https:\/\/mediafocus.ch\/fr\/#\/schema\/logo\/image\/"}}]}},"_links":{"self":[{"href":"https:\/\/mediafocus.ch\/fr\/wp-json\/wp\/v2\/pages\/7381","targetHints":{"allow":["GET"]}}],"collection":[{"href":"https:\/\/mediafocus.ch\/fr\/wp-json\/wp\/v2\/pages"}],"about":[{"href":"https:\/\/mediafocus.ch\/fr\/wp-json\/wp\/v2\/types\/page"}],"author":[{"embeddable":true,"href":"https:\/\/mediafocus.ch\/fr\/wp-json\/wp\/v2\/users\/2"}],"replies":[{"embeddable":true,"href":"https:\/\/mediafocus.ch\/fr\/wp-json\/wp\/v2\/comments?post=7381"}],"version-history":[{"count":6,"href":"https:\/\/mediafocus.ch\/fr\/wp-json\/wp\/v2\/pages\/7381\/revisions"}],"predecessor-version":[{"id":391984,"href":"https:\/\/mediafocus.ch\/fr\/wp-json\/wp\/v2\/pages\/7381\/revisions\/391984"}],"up":[{"embeddable":true,"href":"https:\/\/mediafocus.ch\/fr\/wp-json\/wp\/v2\/pages\/7370"}],"wp:attachment":[{"href":"https:\/\/mediafocus.ch\/fr\/wp-json\/wp\/v2\/media?parent=7381"}],"curies":[{"name":"wp","href":"https:\/\/api.w.org\/{rel}","templated":true}]}}