{"id":7383,"date":"2022-04-06T22:25:37","date_gmt":"2022-04-06T20:25:37","guid":{"rendered":"https:\/\/mediafocus.ch\/?page_id=7383"},"modified":"2026-03-11T11:46:07","modified_gmt":"2026-03-11T10:46:07","slug":"a-propos-de-nous","status":"publish","type":"page","link":"https:\/\/mediafocus.ch\/fr\/a-propos-de-nous\/","title":{"rendered":"\u00c0 propos de Media Focus"},"content":{"rendered":"\n<div class=\"wp-block-cover is-light\" style=\"min-height:700px;aspect-ratio:unset;\"><img loading=\"lazy\" decoding=\"async\" width=\"1500\" height=\"542\" class=\"wp-block-cover__image-background wp-image-1518\" alt=\"Kunde der Media Focus Mercedes Benz Plakat auf einer Fl\u00e4che im Flughafen Z\u00fcrich\" src=\"https:\/\/mediafocus.ch\/wp-content\/uploads\/2022\/02\/Titelbild-Kompetenzen-1.png\" style=\"object-position:53% 38%\" data-object-fit=\"cover\" data-object-position=\"53% 38%\" srcset=\"https:\/\/mediafocus.ch\/wp-content\/uploads\/2022\/02\/Titelbild-Kompetenzen-1.png 1500w, https:\/\/mediafocus.ch\/wp-content\/uploads\/2022\/02\/Titelbild-Kompetenzen-1-300x108.png 300w, https:\/\/mediafocus.ch\/wp-content\/uploads\/2022\/02\/Titelbild-Kompetenzen-1-1024x370.png 1024w, https:\/\/mediafocus.ch\/wp-content\/uploads\/2022\/02\/Titelbild-Kompetenzen-1-768x278.png 768w\" sizes=\"auto, (max-width: 1500px) 100vw, 1500px\" \/><span aria-hidden=\"true\" class=\"wp-block-cover__background has-background-dim-0 has-background-dim\"><\/span><div class=\"wp-block-cover__inner-container is-layout-flow wp-block-cover-is-layout-flow\">\n<p class=\"has-text-align-center has-large-font-size\"><\/p>\n<\/div><\/div>\n\n\n\n<div style=\"height:100px\" aria-hidden=\"true\" class=\"wp-block-spacer\"><\/div>\n\n\n\n<div class=\"wp-block-group is-layout-flow wp-block-group-is-layout-flow\">\n<div class=\"wp-block-columns container-xxl is-layout-flex wp-container-core-columns-is-layout-9d6595d7 wp-block-columns-is-layout-flex\">\n<div class=\"wp-block-column is-layout-flow wp-block-column-is-layout-flow\">\n<h1 class=\"wp-block-heading has-turqoise-500-color has-text-color\">\u00c0 propos de Media Focus<\/h1>\n<\/div>\n\n\n\n<div class=\"wp-block-column is-layout-flow wp-block-column-is-layout-flow\">\n<p>Media Focus Schweiz GmbH est une soci\u00e9t\u00e9 d\u2019analyse des m\u00e9dias <a href=\"https:\/\/mediafocus.ch\/fr\/produits\/statistiques-publicitaires\/\">sp\u00e9cialis\u00e9e dans la publicit\u00e9<\/a>, la <a href=\"https:\/\/mediafocus.ch\/fr\/produits\/analyses\/\">communication <\/a>et le <a href=\"https:\/\/mediafocus.ch\/fr\/produits\/sponsoring\/\">sponsoring <\/a>et fait partie d\u2019un r\u00e9seau leader mondial dans le domaine des analyses publicitaires, m\u00e9diatiques et de consommateurs.<\/p>\n<\/div>\n<\/div>\n<\/div>\n\n\n\n<div style=\"height:100px\" aria-hidden=\"true\" class=\"wp-block-spacer\"><\/div>\n\n\n\n\n\n<section class=\"wp-block-group container container-medium is-layout-flow wp-block-group-is-layout-flow\">\n<div style=\"height:100px\" aria-hidden=\"true\" class=\"wp-block-spacer\"><\/div>\n\n\n\n<h3 class=\"wp-block-heading is-style-default\">\u00c0 propos de nous<\/h3>\n\n\n\n<div style=\"height:20px\" aria-hidden=\"true\" class=\"wp-block-spacer\"><\/div>\n\n\n\n<p>Media Focus Schweiz GmbH est une soci\u00e9t\u00e9 d\u2019analyse des m\u00e9dias <a href=\"https:\/\/mediafocus.ch\/fr\/produits\/statistiques-publicitaires\/\">sp\u00e9cialis\u00e9e dans la publicit\u00e9<\/a>, la <a href=\"https:\/\/mediafocus.ch\/fr\/produits\/analyses\/\">communication <\/a>et le <a href=\"https:\/\/mediafocus.ch\/fr\/produits\/sponsoring\/\">sponsoring<\/a>. Joint venture des soci\u00e9t\u00e9s d\u2019\u00e9tude de march\u00e9 internationales AGB Nielsen Media Research B.V. et GfK Switzerland AG, Media Focus fait partie d\u2019un r\u00e9seau leader mondial dans le domaine des analyses publicitaires, m\u00e9diatiques et de consommateurs.<br><br>Depuis plus de 30&nbsp;ans, nous relevons de mani\u00e8re neutre et ind\u00e9pendante la pression publicitaire brute dans les m\u00e9dias suisses traditionnels et num\u00e9riques et tenons la statistique la plus compl\u00e8te \u00e0 ce sujet en comptant 93&nbsp;000&nbsp;entreprises et 220&nbsp;000&nbsp;marques recens\u00e9es dans 21&nbsp;branches et 900&nbsp;groupes de produits.<br><br>En outre, nous observons au quotidien plus de 600&nbsp;entreprises quant \u00e0 leur rayonnement m\u00e9diatique et analysons \u00e9galement le comportement de sponsoring lors de manifestations sportives et culturelles ainsi que d\u2019\u00e9v\u00e9nements et \u00e9laborons des \u00e9tudes sur mesure dans une approche de communication int\u00e9grale et globalist<\/p>\n<\/section>\n\n\n\n<p><\/p>\n\n\n\n<p><\/p>\n\n\n\n<p><\/p>\n\n\n\n<section class=\"wp-block-group container container-medium is-layout-flow wp-block-group-is-layout-flow\">\n<div style=\"height:50px\" aria-hidden=\"true\" class=\"wp-block-spacer\"><\/div>\n\n\n\n<h3 class=\"wp-block-heading is-style-default\">Notre \u00e9quipe<\/h3>\n\n\n\n<p><\/p>\n\n\n\n<p>Le succ\u00e8s de Media Focus se fonde sur le savoir-faire de nos collaboratrices et collaborateurs, l\u2019esprit d\u2019\u00e9quipe et l\u2019attention port\u00e9e aux clients. En tant qu\u2019\u00e9quipe dynamique, curieuse et inspir\u00e9e, nous sommes convaincus que le succ\u00e8s de Media Focus repose sur l\u2019interaction entre tous les membres du personnel des diff\u00e9rents d\u00e9partements.<\/p>\n<\/section>\n\n\n\n\n\n\n\n<section class=\"wp-block-group container container-medium is-layout-flow wp-block-group-is-layout-flow\">\n<div style=\"height:100px\" aria-hidden=\"true\" class=\"wp-block-spacer\"><\/div>\n\n\n\n<h3 class=\"wp-block-heading is-style-default\">Nos partenaires<\/h3>\n\n\n\n<div style=\"height:20px\" aria-hidden=\"true\" class=\"wp-block-spacer\"><\/div>\n\n\n\n<p>Nous sommes fiers et heureux de pouvoir collaborer avec des partenaires professionnels et innovants.<\/p>\n<\/section>\n\n\n\n\n\n\n\n\n\n<section class=\"wp-block-group container container-medium is-layout-flow wp-block-group-is-layout-flow\">\n<div class=\"wp-block-group is-layout-flow wp-block-group-is-layout-flow\"><\/div>\n\n\n\n<div style=\"height:100px\" aria-hidden=\"true\" class=\"wp-block-spacer\"><\/div>\n\n\n\n<h3 class=\"wp-block-heading is-style-default\">Affiliations<\/h3>\n\n\n\n<div style=\"height:20px\" aria-hidden=\"true\" class=\"wp-block-spacer\"><\/div>\n\n\n\n<p>Media Focus attache une grande importance \u00e0 la proximit\u00e9 avec les associations professionnelles concern\u00e9es. C\u2019est pourquoi nous sommes membres des associations suivantes et entretenons des \u00e9changes intensifs avec elles:<\/p>\n<\/section>\n\n\n\n\n\n<div class=\"wp-block-cover is-light\" style=\"min-height:429px;aspect-ratio:unset;\"><img loading=\"lazy\" decoding=\"async\" width=\"1921\" height=\"825\" class=\"wp-block-cover__image-background wp-image-143\" alt=\"\" src=\"https:\/\/mediafocus.ch\/wp-content\/uploads\/2021\/12\/AHerger_20211130_AHE_17808.jpg\" style=\"object-position:51% 64%\" data-object-fit=\"cover\" data-object-position=\"51% 64%\" srcset=\"https:\/\/mediafocus.ch\/wp-content\/uploads\/2021\/12\/AHerger_20211130_AHE_17808.jpg 1921w, https:\/\/mediafocus.ch\/wp-content\/uploads\/2021\/12\/AHerger_20211130_AHE_17808-300x129.jpg 300w, https:\/\/mediafocus.ch\/wp-content\/uploads\/2021\/12\/AHerger_20211130_AHE_17808-1024x440.jpg 1024w, https:\/\/mediafocus.ch\/wp-content\/uploads\/2021\/12\/AHerger_20211130_AHE_17808-768x330.jpg 768w, https:\/\/mediafocus.ch\/wp-content\/uploads\/2021\/12\/AHerger_20211130_AHE_17808-1536x660.jpg 1536w\" sizes=\"auto, (max-width: 1921px) 100vw, 1921px\" \/><span aria-hidden=\"true\" class=\"wp-block-cover__background has-background-dim-0 has-background-dim\"><\/span><div class=\"wp-block-cover__inner-container is-layout-flow wp-block-cover-is-layout-flow\">\n<p class=\"has-text-align-center has-large-font-size\"><\/p>\n<\/div><\/div>\n\n\n\n\n\n<section class=\"wp-block-xeit-two-section-xeit-block section section-double section-double-coloured\"><div class=\"wp-block-xeit-two-section-xeit-block custom-row\">\n<div class=\"wp-block-xeit-single-section-xeit-block col-half bg-primary\">\n<h2 class=\"wp-block-heading\">Comp\u00e9tences<\/h2>\n\n\n\n<figure class=\"wp-block-image aligncenter size-full media\"><a href=\"https:\/\/mediafocus.ch\/fr\/competences\/\"><img loading=\"lazy\" decoding=\"async\" width=\"500\" height=\"500\" src=\"https:\/\/mediafocus.ch\/wp-content\/uploads\/2021\/12\/image_2021_12_21T16_15_57_022Z-e1650961192918.png\" alt=\"Die Gesch\u00e4ftsleitung von Media Focus welche gemeinsam an einem Tisch etwas bespricht\" class=\"wp-image-139\"\/><\/a><\/figure>\n\n\n\n<p class=\"copy\">En tant que soci\u00e9t\u00e9 d\u2019analyse des m\u00e9dias neutre et ind\u00e9pendante, nous aidons les marques \u00e0 se faire une id\u00e9e pr\u00e9cise de leur pr\u00e9sence de marque par rapport \u00e0 leurs concurrents et \u00e0 leur march\u00e9 sur la base des donn\u00e9es et analyses compl\u00e8tes sur la publicit\u00e9, la communication et le sponsoring, afin qu\u2019elles puissent atteindre leurs objectifs \u00e9conomiques et d\u2019entreprise.<\/p>\n\n\n<\/div>\n\n\n\n<div class=\"wp-block-xeit-single-section-xeit-block col-half bg-primary bg-black\">\n<h2 class=\"wp-block-heading h1 title\">Jobs<\/h2>\n\n\n\n<figure class=\"wp-block-image aligncenter size-full media\"><a href=\"mediafocus.ch\/fr\/jobs\/\" target=\"_blank\" rel=\"noreferrer noopener\"><img loading=\"lazy\" decoding=\"async\" width=\"505\" height=\"497\" src=\"https:\/\/mediafocus.ch\/wp-content\/uploads\/2022\/04\/Ueber-Uns-Team-Bild-1-e1650961124983.png\" alt=\"Drei Mitarbeiter von Media Focus welche auf einem Sofa vor einem Laptop disktutieren\" class=\"wp-image-8646\"\/><\/a><\/figure>\n\n\n\n<p class=\"copy\">Media Focus Schweiz GmbH est une soci\u00e9t\u00e9 d\u2019analyse des m\u00e9dias sp\u00e9cialis\u00e9e dans la publicit\u00e9, la communication et le sponsoring. Joint venture des soci\u00e9t\u00e9s d\u2019\u00e9tude de march\u00e9 internationales AGB Nielsen Media Research B.V. et GfK Switzerland AG, Media Focus fait partie d\u2019un r\u00e9seau leader mondial dans le domaine des analyses publicitaires, m\u00e9diatiques et de consommateurs.<\/p>\n\n\n<\/div>\n<\/div><\/section>\n\n\n\n<section class=\"wp-block-xeit-newsletter section section-form newsletter\" id=\"newsletter-form\" style=\"background-color:#0942bd\"><div class=\"container-medium\"><div class=\"row\"><div class=\"col-lg-5\"><section>\n<h3 class=\"wp-block-heading has-white-000-color has-text-color\">N\u2019h\u00e9sitez pas \u00e0 nous contacter.<\/h3>\n\n\n\n<p class=\"has-white-000-color has-text-color\"><br>Notre \u00e9quipe Conseil et Analyse se fera un plaisir de vous aider.<\/p>\n<\/section><\/div><div class=\"col-lg-6 pl-xl-9\"><div class=\"contactInfo\" style=\"display:flex;gap:20px;margin:20px 0;font-size:xx-large;flex-direction:column\"><div class=\"telInfo mediafocus-wite\" style=\"display:flex;gap:20px\"><img decoding=\"async\" class=\"\" src=\"https:\/\/mediafocus.ch\/wp-content\/themes\/mediafocus-ch\/images\/icons\/phone.svg\"\/><a><a href=\"tel:+41453222750\">T +41 43 322 27 50<\/a><\/a><\/div><div class=\"mailInfo mediafocus-wite\" style=\"display:flex;gap:20px\"><img decoding=\"async\" class=\"\" src=\"https:\/\/mediafocus.ch\/wp-content\/themes\/mediafocus-ch\/images\/icons\/mail.svg\"\/><a><a href=\"mailto:mediafocus@mediafocus.ch\">mediafocus@mediafocus.ch<\/a><\/a><\/div><\/div><input type=\"submit\" value=\"Contactez nous\" class=\"btn btn-outline-white\" data-mf-button=\"modalWindow-5b8c663c-26df-478b-8611-61df1bc36f24\"\/><div class=\"modal\" id=\"modalWindow-5b8c663c-26df-478b-8611-61df1bc36f24\" data-mf-modal=\"modal\"><div class=\"modal__dialog\"><div class=\"modal__content\"><div class=\"modal__body\"><div class=\"ratio ratio--4x3\"><iframe class=\"modal__iframe\" src=\"https:\/\/online3.superoffice.com\/Cust27000\/CS\/scripts\/customer.fcgi?action=formFrame&amp;formId=F-php5jCan\"><\/iframe><\/div><\/div><\/div><\/div><\/div><div class=\"modal__backdrop\" id=\"modalBackdrop\"><\/div><\/div><\/div><\/div><\/section>\n","protected":false},"excerpt":{"rendered":"<p>\u00c0 propos de Media Focus Media Focus Schweiz GmbH est une soci\u00e9t\u00e9 d\u2019analyse des m\u00e9dias sp\u00e9cialis\u00e9e dans la publicit\u00e9, la communication et le sponsoring et fait partie d\u2019un r\u00e9seau leader mondial dans le domaine des analyses publicitaires, m\u00e9diatiques et de consommateurs. \u00c0 propos de nous Media Focus Schweiz GmbH est une soci\u00e9t\u00e9 d\u2019analyse des m\u00e9dias [&hellip;]<\/p>\n","protected":false},"author":2,"featured_media":1523,"parent":0,"menu_order":1,"comment_status":"closed","ping_status":"closed","template":"","meta":{"footnotes":""},"class_list":["post-7383","page","type-page","status-publish","has-post-thumbnail","hentry"],"yoast_head":"<!-- This site is optimized with the Yoast SEO plugin v27.4 - https:\/\/yoast.com\/product\/yoast-seo-wordpress\/ -->\n<title>\u00c0 propos de Media Focus - Media Focus<\/title>\n<meta name=\"description\" content=\"Media Focus Schweiz GmbH est une soci\u00e9t\u00e9 d\u2019analyse des m\u00e9dias sp\u00e9cialis\u00e9e dans la publicit\u00e9, la communication et le sponsoring.\" \/>\n<meta name=\"robots\" content=\"index, follow, max-snippet:-1, max-image-preview:large, max-video-preview:-1\" \/>\n<link rel=\"canonical\" href=\"https:\/\/mediafocus.ch\/fr\/a-propos-de-nous\/\" \/>\n<meta property=\"og:locale\" content=\"fr_FR\" \/>\n<meta property=\"og:type\" content=\"article\" \/>\n<meta property=\"og:title\" content=\"\u00c0 propos de Media Focus - Media Focus\" \/>\n<meta property=\"og:description\" content=\"Media Focus Schweiz GmbH est une soci\u00e9t\u00e9 d\u2019analyse des m\u00e9dias sp\u00e9cialis\u00e9e dans la publicit\u00e9, la communication et le sponsoring.\" \/>\n<meta property=\"og:url\" content=\"https:\/\/mediafocus.ch\/fr\/a-propos-de-nous\/\" \/>\n<meta property=\"og:site_name\" content=\"Media Focus\" \/>\n<meta property=\"article:modified_time\" content=\"2026-03-11T10:46:07+00:00\" \/>\n<meta property=\"og:image\" content=\"https:\/\/mediafocus.ch\/wp-content\/uploads\/2022\/02\/Bild-ueber-uns.png\" \/>\n\t<meta property=\"og:image:width\" content=\"1500\" \/>\n\t<meta property=\"og:image:height\" content=\"1143\" \/>\n\t<meta property=\"og:image:type\" content=\"image\/png\" \/>\n<meta name=\"twitter:card\" content=\"summary_large_image\" \/>\n<meta name=\"twitter:label1\" content=\"Dur\u00e9e de lecture estim\u00e9e\" \/>\n\t<meta name=\"twitter:data1\" content=\"5 minutes\" \/>\n<script type=\"application\/ld+json\" class=\"yoast-schema-graph\">{\"@context\":\"https:\\\/\\\/schema.org\",\"@graph\":[{\"@type\":\"WebPage\",\"@id\":\"https:\\\/\\\/mediafocus.ch\\\/fr\\\/a-propos-de-nous\\\/\",\"url\":\"https:\\\/\\\/mediafocus.ch\\\/fr\\\/a-propos-de-nous\\\/\",\"name\":\"\u00c0 propos de Media Focus - Media Focus\",\"isPartOf\":{\"@id\":\"https:\\\/\\\/mediafocus.ch\\\/fr\\\/#website\"},\"primaryImageOfPage\":{\"@id\":\"https:\\\/\\\/mediafocus.ch\\\/fr\\\/a-propos-de-nous\\\/#primaryimage\"},\"image\":{\"@id\":\"https:\\\/\\\/mediafocus.ch\\\/fr\\\/a-propos-de-nous\\\/#primaryimage\"},\"thumbnailUrl\":\"https:\\\/\\\/mediafocus.ch\\\/wp-content\\\/uploads\\\/2022\\\/02\\\/Bild-ueber-uns.png\",\"datePublished\":\"2022-04-06T20:25:37+00:00\",\"dateModified\":\"2026-03-11T10:46:07+00:00\",\"description\":\"Media Focus Schweiz GmbH est une soci\u00e9t\u00e9 d\u2019analyse des m\u00e9dias sp\u00e9cialis\u00e9e dans la publicit\u00e9, la communication et le sponsoring.\",\"breadcrumb\":{\"@id\":\"https:\\\/\\\/mediafocus.ch\\\/fr\\\/a-propos-de-nous\\\/#breadcrumb\"},\"inLanguage\":\"fr-FR\",\"potentialAction\":[{\"@type\":\"ReadAction\",\"target\":[\"https:\\\/\\\/mediafocus.ch\\\/fr\\\/a-propos-de-nous\\\/\"]}]},{\"@type\":\"ImageObject\",\"inLanguage\":\"fr-FR\",\"@id\":\"https:\\\/\\\/mediafocus.ch\\\/fr\\\/a-propos-de-nous\\\/#primaryimage\",\"url\":\"https:\\\/\\\/mediafocus.ch\\\/wp-content\\\/uploads\\\/2022\\\/02\\\/Bild-ueber-uns.png\",\"contentUrl\":\"https:\\\/\\\/mediafocus.ch\\\/wp-content\\\/uploads\\\/2022\\\/02\\\/Bild-ueber-uns.png\",\"width\":1500,\"height\":1143,\"caption\":\"Vier Mitarbeiter von Media Focus auf einer Couch in Diskussion\"},{\"@type\":\"BreadcrumbList\",\"@id\":\"https:\\\/\\\/mediafocus.ch\\\/fr\\\/a-propos-de-nous\\\/#breadcrumb\",\"itemListElement\":[{\"@type\":\"ListItem\",\"position\":1,\"name\":\"Home\",\"item\":\"https:\\\/\\\/mediafocus.ch\\\/fr\\\/\"},{\"@type\":\"ListItem\",\"position\":2,\"name\":\"\u00c0 propos de Media Focus\"}]},{\"@type\":\"WebSite\",\"@id\":\"https:\\\/\\\/mediafocus.ch\\\/fr\\\/#website\",\"url\":\"https:\\\/\\\/mediafocus.ch\\\/fr\\\/\",\"name\":\"Media Focus\",\"description\":\"Data driven insights\",\"publisher\":{\"@id\":\"https:\\\/\\\/mediafocus.ch\\\/fr\\\/#organization\"},\"potentialAction\":[{\"@type\":\"SearchAction\",\"target\":{\"@type\":\"EntryPoint\",\"urlTemplate\":\"https:\\\/\\\/mediafocus.ch\\\/fr\\\/?s={search_term_string}\"},\"query-input\":{\"@type\":\"PropertyValueSpecification\",\"valueRequired\":true,\"valueName\":\"search_term_string\"}}],\"inLanguage\":\"fr-FR\"},{\"@type\":\"Organization\",\"@id\":\"https:\\\/\\\/mediafocus.ch\\\/fr\\\/#organization\",\"name\":\"Media Focus\",\"url\":\"https:\\\/\\\/mediafocus.ch\\\/fr\\\/\",\"logo\":{\"@type\":\"ImageObject\",\"inLanguage\":\"fr-FR\",\"@id\":\"https:\\\/\\\/mediafocus.ch\\\/fr\\\/#\\\/schema\\\/logo\\\/image\\\/\",\"url\":\"https:\\\/\\\/mediafocus.ch\\\/wp-content\\\/uploads\\\/2022\\\/05\\\/media-focus-logo-mit-claim.svg\",\"contentUrl\":\"https:\\\/\\\/mediafocus.ch\\\/wp-content\\\/uploads\\\/2022\\\/05\\\/media-focus-logo-mit-claim.svg\",\"caption\":\"Media Focus\"},\"image\":{\"@id\":\"https:\\\/\\\/mediafocus.ch\\\/fr\\\/#\\\/schema\\\/logo\\\/image\\\/\"}}]}<\/script>\n<!-- \/ Yoast SEO plugin. -->","yoast_head_json":{"title":"\u00c0 propos de Media Focus - Media Focus","description":"Media Focus Schweiz GmbH est une soci\u00e9t\u00e9 d\u2019analyse des m\u00e9dias sp\u00e9cialis\u00e9e dans la publicit\u00e9, la communication et le sponsoring.","robots":{"index":"index","follow":"follow","max-snippet":"max-snippet:-1","max-image-preview":"max-image-preview:large","max-video-preview":"max-video-preview:-1"},"canonical":"https:\/\/mediafocus.ch\/fr\/a-propos-de-nous\/","og_locale":"fr_FR","og_type":"article","og_title":"\u00c0 propos de Media Focus - Media Focus","og_description":"Media Focus Schweiz GmbH est une soci\u00e9t\u00e9 d\u2019analyse des m\u00e9dias sp\u00e9cialis\u00e9e dans la publicit\u00e9, la communication et le sponsoring.","og_url":"https:\/\/mediafocus.ch\/fr\/a-propos-de-nous\/","og_site_name":"Media Focus","article_modified_time":"2026-03-11T10:46:07+00:00","og_image":[{"width":1500,"height":1143,"url":"https:\/\/mediafocus.ch\/wp-content\/uploads\/2022\/02\/Bild-ueber-uns.png","type":"image\/png"}],"twitter_card":"summary_large_image","twitter_misc":{"Dur\u00e9e de lecture estim\u00e9e":"5 minutes"},"schema":{"@context":"https:\/\/schema.org","@graph":[{"@type":"WebPage","@id":"https:\/\/mediafocus.ch\/fr\/a-propos-de-nous\/","url":"https:\/\/mediafocus.ch\/fr\/a-propos-de-nous\/","name":"\u00c0 propos de Media Focus - Media Focus","isPartOf":{"@id":"https:\/\/mediafocus.ch\/fr\/#website"},"primaryImageOfPage":{"@id":"https:\/\/mediafocus.ch\/fr\/a-propos-de-nous\/#primaryimage"},"image":{"@id":"https:\/\/mediafocus.ch\/fr\/a-propos-de-nous\/#primaryimage"},"thumbnailUrl":"https:\/\/mediafocus.ch\/wp-content\/uploads\/2022\/02\/Bild-ueber-uns.png","datePublished":"2022-04-06T20:25:37+00:00","dateModified":"2026-03-11T10:46:07+00:00","description":"Media Focus Schweiz GmbH est une soci\u00e9t\u00e9 d\u2019analyse des m\u00e9dias sp\u00e9cialis\u00e9e dans la publicit\u00e9, la communication et le sponsoring.","breadcrumb":{"@id":"https:\/\/mediafocus.ch\/fr\/a-propos-de-nous\/#breadcrumb"},"inLanguage":"fr-FR","potentialAction":[{"@type":"ReadAction","target":["https:\/\/mediafocus.ch\/fr\/a-propos-de-nous\/"]}]},{"@type":"ImageObject","inLanguage":"fr-FR","@id":"https:\/\/mediafocus.ch\/fr\/a-propos-de-nous\/#primaryimage","url":"https:\/\/mediafocus.ch\/wp-content\/uploads\/2022\/02\/Bild-ueber-uns.png","contentUrl":"https:\/\/mediafocus.ch\/wp-content\/uploads\/2022\/02\/Bild-ueber-uns.png","width":1500,"height":1143,"caption":"Vier Mitarbeiter von Media Focus auf einer Couch in Diskussion"},{"@type":"BreadcrumbList","@id":"https:\/\/mediafocus.ch\/fr\/a-propos-de-nous\/#breadcrumb","itemListElement":[{"@type":"ListItem","position":1,"name":"Home","item":"https:\/\/mediafocus.ch\/fr\/"},{"@type":"ListItem","position":2,"name":"\u00c0 propos de Media Focus"}]},{"@type":"WebSite","@id":"https:\/\/mediafocus.ch\/fr\/#website","url":"https:\/\/mediafocus.ch\/fr\/","name":"Media Focus","description":"Data driven insights","publisher":{"@id":"https:\/\/mediafocus.ch\/fr\/#organization"},"potentialAction":[{"@type":"SearchAction","target":{"@type":"EntryPoint","urlTemplate":"https:\/\/mediafocus.ch\/fr\/?s={search_term_string}"},"query-input":{"@type":"PropertyValueSpecification","valueRequired":true,"valueName":"search_term_string"}}],"inLanguage":"fr-FR"},{"@type":"Organization","@id":"https:\/\/mediafocus.ch\/fr\/#organization","name":"Media Focus","url":"https:\/\/mediafocus.ch\/fr\/","logo":{"@type":"ImageObject","inLanguage":"fr-FR","@id":"https:\/\/mediafocus.ch\/fr\/#\/schema\/logo\/image\/","url":"https:\/\/mediafocus.ch\/wp-content\/uploads\/2022\/05\/media-focus-logo-mit-claim.svg","contentUrl":"https:\/\/mediafocus.ch\/wp-content\/uploads\/2022\/05\/media-focus-logo-mit-claim.svg","caption":"Media Focus"},"image":{"@id":"https:\/\/mediafocus.ch\/fr\/#\/schema\/logo\/image\/"}}]}},"_links":{"self":[{"href":"https:\/\/mediafocus.ch\/fr\/wp-json\/wp\/v2\/pages\/7383","targetHints":{"allow":["GET"]}}],"collection":[{"href":"https:\/\/mediafocus.ch\/fr\/wp-json\/wp\/v2\/pages"}],"about":[{"href":"https:\/\/mediafocus.ch\/fr\/wp-json\/wp\/v2\/types\/page"}],"author":[{"embeddable":true,"href":"https:\/\/mediafocus.ch\/fr\/wp-json\/wp\/v2\/users\/2"}],"replies":[{"embeddable":true,"href":"https:\/\/mediafocus.ch\/fr\/wp-json\/wp\/v2\/comments?post=7383"}],"version-history":[{"count":20,"href":"https:\/\/mediafocus.ch\/fr\/wp-json\/wp\/v2\/pages\/7383\/revisions"}],"predecessor-version":[{"id":546178,"href":"https:\/\/mediafocus.ch\/fr\/wp-json\/wp\/v2\/pages\/7383\/revisions\/546178"}],"wp:featuredmedia":[{"embeddable":true,"href":"https:\/\/mediafocus.ch\/fr\/wp-json\/wp\/v2\/media\/1523"}],"wp:attachment":[{"href":"https:\/\/mediafocus.ch\/fr\/wp-json\/wp\/v2\/media?parent=7383"}],"curies":[{"name":"wp","href":"https:\/\/api.w.org\/{rel}","templated":true}]}}