{"id":7388,"date":"2022-04-06T22:46:31","date_gmt":"2022-04-06T20:46:31","guid":{"rendered":"https:\/\/mediafocus.ch\/?page_id=7388"},"modified":"2025-03-18T11:27:22","modified_gmt":"2025-03-18T10:27:22","slug":"glossaire","status":"publish","type":"page","link":"https:\/\/mediafocus.ch\/fr\/glossaire\/","title":{"rendered":"Glossaire"},"content":{"rendered":"\n<div class=\"wp-block-cover is-light\" style=\"min-height:700px;aspect-ratio:unset;\"><span aria-hidden=\"true\" class=\"wp-block-cover__background has-background-dim-0 has-background-dim\"><\/span><img loading=\"lazy\" decoding=\"async\" width=\"2000\" height=\"1014\" class=\"wp-block-cover__image-background wp-image-1448\" alt=\"\" src=\"https:\/\/mediafocus.ch\/wp-content\/uploads\/2022\/02\/Titelbild-Publikationen.png\" data-object-fit=\"cover\" srcset=\"https:\/\/mediafocus.ch\/wp-content\/uploads\/2022\/02\/Titelbild-Publikationen.png 2000w, https:\/\/mediafocus.ch\/wp-content\/uploads\/2022\/02\/Titelbild-Publikationen-300x152.png 300w, https:\/\/mediafocus.ch\/wp-content\/uploads\/2022\/02\/Titelbild-Publikationen-1024x519.png 1024w, https:\/\/mediafocus.ch\/wp-content\/uploads\/2022\/02\/Titelbild-Publikationen-768x389.png 768w, https:\/\/mediafocus.ch\/wp-content\/uploads\/2022\/02\/Titelbild-Publikationen-1536x779.png 1536w\" sizes=\"auto, (max-width: 2000px) 100vw, 2000px\" \/><div class=\"wp-block-cover__inner-container is-layout-flow wp-block-cover-is-layout-flow\">\n<p class=\"has-text-align-center has-large-font-size\"><\/p>\n<\/div><\/div>\n\n\n\n\n\n<div style=\"height:100px\" aria-hidden=\"true\" class=\"wp-block-spacer\"><\/div>\n\n\n\n<div class=\"wp-block-group is-layout-flow wp-block-group-is-layout-flow\">\n<div class=\"wp-block-columns container-xxl is-layout-flex wp-container-core-columns-is-layout-9d6595d7 wp-block-columns-is-layout-flex\">\n<div class=\"wp-block-column is-layout-flow wp-block-column-is-layout-flow\">\n<h1 class=\"wp-block-heading has-turqoise-500-color has-text-color\">Glossaire<\/h1>\n<\/div>\n\n\n\n<div class=\"wp-block-column is-layout-flow wp-block-column-is-layout-flow\">\n<p><\/p>\n\n\n\n<p>Gr\u00e2ce \u00e0 nos explications faciles \u00e0 suivre, m\u00eame ceux qui n\u2019utilisent qu\u2019occasionnellement ces termes deviendront des experts en analyse des marques!<\/p>\n<\/div>\n<\/div>\n<\/div>\n\n\n\n<section class=\"wp-block-group container container-medium is-layout-flow wp-block-group-is-layout-flow\">\n<div style=\"height:100px\" aria-hidden=\"true\" class=\"wp-block-spacer\"><\/div>\n\n\n\n<div style=\"height:100px\" aria-hidden=\"true\" class=\"wp-block-spacer\"><\/div>\n\n\n\n<h3 class=\"wp-block-heading is-style-default\">Glossaire de Media&nbsp;Focus<\/h3>\n\n\n\n<div style=\"height:20px\" aria-hidden=\"true\" class=\"wp-block-spacer\"><\/div>\n\n\n\n<p>Vous vous demandez ce que \u00abGroupe de journaux\u00bb signifie ou vous aimeriez bien savoir ce que \u00ab<a href=\"https:\/\/mediafocus.ch\/fr\/glossaire\/impression-publicitaire\/\">Impression publicitaire<\/a>\u00bb veut dire? Vous vous demandez depuis longtemps ce que l\u2019on entend par \u00ab<a href=\"https:\/\/mediafocus.ch\/fr\/glossaire\/mots-cles\/\">Mots-cl\u00e9s<\/a>\u00bb? Nous avons rassembl\u00e9 pour vous dans notre glossaire les r\u00e9ponses \u00e0 ces questions ainsi que de nombreuses explications suppl\u00e9mentaires concernant des termes techniques li\u00e9s au domaine de l\u2019analyse de marques. Nous, Media Focus Schweiz GmbH, expert en analyse de march\u00e9 bas\u00e9 \u00e0 Zurich, partageons avec vous nos connaissances et vous aidons \u00e0 briller lors de conversations sur le th\u00e8me des marques. Vous trouverez dans notre glossaire tous les th\u00e8mes importants dans le domaine de l\u2019analyse et de la communication de marque.<\/p>\n\n\n\n<div style=\"height:100px\" aria-hidden=\"true\" class=\"wp-block-spacer\"><\/div>\n\n\n\n<div class=\"wp-block-columns is-layout-flex wp-container-core-columns-is-layout-9d6595d7 wp-block-columns-is-layout-flex\">\n<div class=\"wp-block-column is-layout-flow wp-block-column-is-layout-flow\">\n<section class=\"wp-block-group container container-medium spaltenull is-layout-flow wp-block-group-is-layout-flow\">\n<h3 class=\"wp-block-heading is-style-default\">Vous recherchez un terme technique particulier?<\/h3>\n\n\n\n<div style=\"height:20px\" aria-hidden=\"true\" class=\"wp-block-spacer\"><\/div>\n\n\n\n<p>Le glossaire de Media&nbsp;Focus est organis\u00e9 par ordre alphab\u00e9tique. Vous pouvez \u00e9galement saisir un terme dans la barre de recherche et y acc\u00e9der directement. Vous trouverez ci-dessous la liste compl\u00e8te des termes techniques class\u00e9s par lettre.<\/p>\n\n\n\n<div style=\"height:20px\" aria-hidden=\"true\" class=\"wp-block-spacer\"><\/div>\n<\/section>\n<\/div>\n\n\n\n<div class=\"wp-block-column is-layout-flow wp-block-column-is-layout-flow\">\n<section class=\"wp-block-group container container-medium spaltenull is-layout-flow wp-block-group-is-layout-flow\">\n<h3 class=\"wp-block-heading is-style-default\">Il y a un terme technique que vous n\u2019avez pas trouv\u00e9 dans le glossaire?<\/h3>\n\n\n\n<div style=\"height:20px\" aria-hidden=\"true\" class=\"wp-block-spacer\"><\/div>\n\n\n\n<p>Indiquez-nous par e-mail \u00e0 l\u2019adresse <a href=\"mailto:mediafocus@mediafocus.ch\">mediafocus@mediafocus.ch<\/a> le terme qui manque dans notre glossaire et nous nous ferons un plaisir de vous en donner la d\u00e9finition.<\/p>\n\n\n\n<div style=\"height:20px\" aria-hidden=\"true\" class=\"wp-block-spacer\"><\/div>\n<\/section>\n<\/div>\n<\/div>\n\n\n\n<div style=\"height:50px\" aria-hidden=\"true\" class=\"wp-block-spacer\"><\/div>\n\n\n\n<div style=\"height:20px\" aria-hidden=\"true\" class=\"wp-block-spacer\"><\/div>\n<\/section>\n\n\n\n\n\n\n\n\n\n<section class=\"wp-block-xeit-newsletter section section-form newsletter\" id=\"newsletter-form\" style=\"background-color:#0942bd\"><div class=\"container-medium\"><div class=\"row\"><div class=\"col-lg-5\"><section>\n<h3 class=\"wp-block-heading has-white-000-color has-text-color\">N\u2019h\u00e9sitez pas \u00e0 nous contacter.<\/h3>\n\n\n\n<p class=\"has-white-000-color has-text-color\"><br>Notre \u00e9quipe Conseil et Analyse se fera un plaisir de vous aider.<\/p>\n<\/section><\/div><div class=\"col-lg-6 pl-xl-9\"><div class=\"contactInfo\" style=\"display:flex;gap:20px;margin:20px 0;font-size:xx-large;flex-direction:column\"><div class=\"telInfo mediafocus-wite\" style=\"display:flex;gap:20px\"><img decoding=\"async\" class=\"\" src=\"https:\/\/mediafocus.ch\/wp-content\/themes\/mediafocus-ch\/images\/icons\/phone.svg\"\/><a><a href=\"tel:+41453222750\">T +41 43 322 27 50<\/a><\/a><\/div><div class=\"mailInfo mediafocus-wite\" style=\"display:flex;gap:20px\"><img decoding=\"async\" class=\"\" src=\"https:\/\/mediafocus.ch\/wp-content\/themes\/mediafocus-ch\/images\/icons\/mail.svg\"\/><a><a href=\"mailto:mediafocus@mediafocus.ch\">mediafocus@mediafocus.ch<\/a><\/a><\/div><\/div><input type=\"submit\" value=\"Contactez nous\" class=\"btn btn-outline-white\" data-mf-button=\"modalWindow-5b8c663c-26df-478b-8611-61df1bc36f24\"\/><div class=\"modal\" id=\"modalWindow-5b8c663c-26df-478b-8611-61df1bc36f24\" data-mf-modal=\"modal\"><div class=\"modal__dialog\"><div class=\"modal__content\"><div class=\"modal__body\"><div class=\"ratio ratio--4x3\"><iframe class=\"modal__iframe\" src=\"https:\/\/online3.superoffice.com\/Cust27000\/CS\/scripts\/customer.fcgi?action=formFrame&amp;formId=F-php5jCan\"><\/iframe><\/div><\/div><\/div><\/div><\/div><div class=\"modal__backdrop\" id=\"modalBackdrop\"><\/div><\/div><\/div><\/div><\/section>\n","protected":false},"excerpt":{"rendered":"<p>Glossaire Gr\u00e2ce \u00e0 nos explications faciles \u00e0 suivre, m\u00eame ceux qui n\u2019utilisent qu\u2019occasionnellement ces termes deviendront des experts en analyse des marques! Glossaire de Media&nbsp;Focus Vous vous demandez ce que \u00abGroupe de journaux\u00bb signifie ou vous aimeriez bien savoir ce que \u00abImpression publicitaire\u00bb veut dire? Vous vous demandez depuis longtemps ce que l\u2019on entend par [&hellip;]<\/p>\n","protected":false},"author":2,"featured_media":0,"parent":0,"menu_order":3,"comment_status":"closed","ping_status":"closed","template":"","meta":{"footnotes":""},"class_list":["post-7388","page","type-page","status-publish","hentry"],"yoast_head":"<!-- This site is optimized with the Yoast SEO plugin v27.4 - https:\/\/yoast.com\/product\/yoast-seo-wordpress\/ -->\n<title>Glossaire - Media Focus<\/title>\n<meta name=\"description\" content=\"Gr\u00e2ce aux explications faciles \u00e0 comprendre de notre glossaire, vous deviendrez des experts de l&#039;analyse de marque !\" \/>\n<meta name=\"robots\" content=\"index, follow, max-snippet:-1, max-image-preview:large, max-video-preview:-1\" \/>\n<link rel=\"canonical\" href=\"https:\/\/mediafocus.ch\/fr\/glossaire\/\" \/>\n<meta property=\"og:locale\" content=\"fr_FR\" \/>\n<meta property=\"og:type\" content=\"article\" \/>\n<meta property=\"og:title\" content=\"Glossaire - Media Focus\" \/>\n<meta property=\"og:description\" content=\"Gr\u00e2ce aux explications faciles \u00e0 comprendre de notre glossaire, vous deviendrez des experts de l&#039;analyse de marque !\" \/>\n<meta property=\"og:url\" content=\"https:\/\/mediafocus.ch\/fr\/glossaire\/\" \/>\n<meta property=\"og:site_name\" content=\"Media Focus\" \/>\n<meta property=\"article:modified_time\" content=\"2025-03-18T10:27:22+00:00\" \/>\n<meta property=\"og:image\" content=\"https:\/\/mediafocus.ch\/wp-content\/uploads\/2022\/02\/Titelbild-Publikationen.png\" \/>\n\t<meta property=\"og:image:width\" content=\"2000\" \/>\n\t<meta property=\"og:image:height\" content=\"1014\" \/>\n\t<meta property=\"og:image:type\" content=\"image\/png\" \/>\n<meta name=\"twitter:card\" content=\"summary_large_image\" \/>\n<meta name=\"twitter:label1\" content=\"Dur\u00e9e de lecture estim\u00e9e\" \/>\n\t<meta name=\"twitter:data1\" content=\"3 minutes\" \/>\n<script type=\"application\/ld+json\" class=\"yoast-schema-graph\">{\"@context\":\"https:\\\/\\\/schema.org\",\"@graph\":[{\"@type\":\"WebPage\",\"@id\":\"https:\\\/\\\/mediafocus.ch\\\/fr\\\/glossaire\\\/\",\"url\":\"https:\\\/\\\/mediafocus.ch\\\/fr\\\/glossaire\\\/\",\"name\":\"Glossaire - Media Focus\",\"isPartOf\":{\"@id\":\"https:\\\/\\\/mediafocus.ch\\\/fr\\\/#website\"},\"primaryImageOfPage\":{\"@id\":\"https:\\\/\\\/mediafocus.ch\\\/fr\\\/glossaire\\\/#primaryimage\"},\"image\":{\"@id\":\"https:\\\/\\\/mediafocus.ch\\\/fr\\\/glossaire\\\/#primaryimage\"},\"thumbnailUrl\":\"https:\\\/\\\/mediafocus.ch\\\/wp-content\\\/uploads\\\/2022\\\/02\\\/Titelbild-Publikationen.png\",\"datePublished\":\"2022-04-06T20:46:31+00:00\",\"dateModified\":\"2025-03-18T10:27:22+00:00\",\"description\":\"Gr\u00e2ce aux explications faciles \u00e0 comprendre de notre glossaire, vous deviendrez des experts de l'analyse de marque !\",\"breadcrumb\":{\"@id\":\"https:\\\/\\\/mediafocus.ch\\\/fr\\\/glossaire\\\/#breadcrumb\"},\"inLanguage\":\"fr-FR\",\"potentialAction\":[{\"@type\":\"ReadAction\",\"target\":[\"https:\\\/\\\/mediafocus.ch\\\/fr\\\/glossaire\\\/\"]}]},{\"@type\":\"ImageObject\",\"inLanguage\":\"fr-FR\",\"@id\":\"https:\\\/\\\/mediafocus.ch\\\/fr\\\/glossaire\\\/#primaryimage\",\"url\":\"https:\\\/\\\/mediafocus.ch\\\/wp-content\\\/uploads\\\/2022\\\/02\\\/Titelbild-Publikationen.png\",\"contentUrl\":\"https:\\\/\\\/mediafocus.ch\\\/wp-content\\\/uploads\\\/2022\\\/02\\\/Titelbild-Publikationen.png\"},{\"@type\":\"BreadcrumbList\",\"@id\":\"https:\\\/\\\/mediafocus.ch\\\/fr\\\/glossaire\\\/#breadcrumb\",\"itemListElement\":[{\"@type\":\"ListItem\",\"position\":1,\"name\":\"Home\",\"item\":\"https:\\\/\\\/mediafocus.ch\\\/fr\\\/\"},{\"@type\":\"ListItem\",\"position\":2,\"name\":\"Glossaire\"}]},{\"@type\":\"WebSite\",\"@id\":\"https:\\\/\\\/mediafocus.ch\\\/fr\\\/#website\",\"url\":\"https:\\\/\\\/mediafocus.ch\\\/fr\\\/\",\"name\":\"Media Focus\",\"description\":\"Data driven insights\",\"publisher\":{\"@id\":\"https:\\\/\\\/mediafocus.ch\\\/fr\\\/#organization\"},\"potentialAction\":[{\"@type\":\"SearchAction\",\"target\":{\"@type\":\"EntryPoint\",\"urlTemplate\":\"https:\\\/\\\/mediafocus.ch\\\/fr\\\/?s={search_term_string}\"},\"query-input\":{\"@type\":\"PropertyValueSpecification\",\"valueRequired\":true,\"valueName\":\"search_term_string\"}}],\"inLanguage\":\"fr-FR\"},{\"@type\":\"Organization\",\"@id\":\"https:\\\/\\\/mediafocus.ch\\\/fr\\\/#organization\",\"name\":\"Media Focus\",\"url\":\"https:\\\/\\\/mediafocus.ch\\\/fr\\\/\",\"logo\":{\"@type\":\"ImageObject\",\"inLanguage\":\"fr-FR\",\"@id\":\"https:\\\/\\\/mediafocus.ch\\\/fr\\\/#\\\/schema\\\/logo\\\/image\\\/\",\"url\":\"https:\\\/\\\/mediafocus.ch\\\/wp-content\\\/uploads\\\/2022\\\/05\\\/media-focus-logo-mit-claim.svg\",\"contentUrl\":\"https:\\\/\\\/mediafocus.ch\\\/wp-content\\\/uploads\\\/2022\\\/05\\\/media-focus-logo-mit-claim.svg\",\"caption\":\"Media Focus\"},\"image\":{\"@id\":\"https:\\\/\\\/mediafocus.ch\\\/fr\\\/#\\\/schema\\\/logo\\\/image\\\/\"}}]}<\/script>\n<!-- \/ Yoast SEO plugin. -->","yoast_head_json":{"title":"Glossaire - Media Focus","description":"Gr\u00e2ce aux explications faciles \u00e0 comprendre de notre glossaire, vous deviendrez des experts de l'analyse de marque !","robots":{"index":"index","follow":"follow","max-snippet":"max-snippet:-1","max-image-preview":"max-image-preview:large","max-video-preview":"max-video-preview:-1"},"canonical":"https:\/\/mediafocus.ch\/fr\/glossaire\/","og_locale":"fr_FR","og_type":"article","og_title":"Glossaire - Media Focus","og_description":"Gr\u00e2ce aux explications faciles \u00e0 comprendre de notre glossaire, vous deviendrez des experts de l'analyse de marque !","og_url":"https:\/\/mediafocus.ch\/fr\/glossaire\/","og_site_name":"Media Focus","article_modified_time":"2025-03-18T10:27:22+00:00","og_image":[{"width":2000,"height":1014,"url":"https:\/\/mediafocus.ch\/wp-content\/uploads\/2022\/02\/Titelbild-Publikationen.png","type":"image\/png"}],"twitter_card":"summary_large_image","twitter_misc":{"Dur\u00e9e de lecture estim\u00e9e":"3 minutes"},"schema":{"@context":"https:\/\/schema.org","@graph":[{"@type":"WebPage","@id":"https:\/\/mediafocus.ch\/fr\/glossaire\/","url":"https:\/\/mediafocus.ch\/fr\/glossaire\/","name":"Glossaire - Media Focus","isPartOf":{"@id":"https:\/\/mediafocus.ch\/fr\/#website"},"primaryImageOfPage":{"@id":"https:\/\/mediafocus.ch\/fr\/glossaire\/#primaryimage"},"image":{"@id":"https:\/\/mediafocus.ch\/fr\/glossaire\/#primaryimage"},"thumbnailUrl":"https:\/\/mediafocus.ch\/wp-content\/uploads\/2022\/02\/Titelbild-Publikationen.png","datePublished":"2022-04-06T20:46:31+00:00","dateModified":"2025-03-18T10:27:22+00:00","description":"Gr\u00e2ce aux explications faciles \u00e0 comprendre de notre glossaire, vous deviendrez des experts de l'analyse de marque !","breadcrumb":{"@id":"https:\/\/mediafocus.ch\/fr\/glossaire\/#breadcrumb"},"inLanguage":"fr-FR","potentialAction":[{"@type":"ReadAction","target":["https:\/\/mediafocus.ch\/fr\/glossaire\/"]}]},{"@type":"ImageObject","inLanguage":"fr-FR","@id":"https:\/\/mediafocus.ch\/fr\/glossaire\/#primaryimage","url":"https:\/\/mediafocus.ch\/wp-content\/uploads\/2022\/02\/Titelbild-Publikationen.png","contentUrl":"https:\/\/mediafocus.ch\/wp-content\/uploads\/2022\/02\/Titelbild-Publikationen.png"},{"@type":"BreadcrumbList","@id":"https:\/\/mediafocus.ch\/fr\/glossaire\/#breadcrumb","itemListElement":[{"@type":"ListItem","position":1,"name":"Home","item":"https:\/\/mediafocus.ch\/fr\/"},{"@type":"ListItem","position":2,"name":"Glossaire"}]},{"@type":"WebSite","@id":"https:\/\/mediafocus.ch\/fr\/#website","url":"https:\/\/mediafocus.ch\/fr\/","name":"Media Focus","description":"Data driven insights","publisher":{"@id":"https:\/\/mediafocus.ch\/fr\/#organization"},"potentialAction":[{"@type":"SearchAction","target":{"@type":"EntryPoint","urlTemplate":"https:\/\/mediafocus.ch\/fr\/?s={search_term_string}"},"query-input":{"@type":"PropertyValueSpecification","valueRequired":true,"valueName":"search_term_string"}}],"inLanguage":"fr-FR"},{"@type":"Organization","@id":"https:\/\/mediafocus.ch\/fr\/#organization","name":"Media Focus","url":"https:\/\/mediafocus.ch\/fr\/","logo":{"@type":"ImageObject","inLanguage":"fr-FR","@id":"https:\/\/mediafocus.ch\/fr\/#\/schema\/logo\/image\/","url":"https:\/\/mediafocus.ch\/wp-content\/uploads\/2022\/05\/media-focus-logo-mit-claim.svg","contentUrl":"https:\/\/mediafocus.ch\/wp-content\/uploads\/2022\/05\/media-focus-logo-mit-claim.svg","caption":"Media Focus"},"image":{"@id":"https:\/\/mediafocus.ch\/fr\/#\/schema\/logo\/image\/"}}]}},"_links":{"self":[{"href":"https:\/\/mediafocus.ch\/fr\/wp-json\/wp\/v2\/pages\/7388","targetHints":{"allow":["GET"]}}],"collection":[{"href":"https:\/\/mediafocus.ch\/fr\/wp-json\/wp\/v2\/pages"}],"about":[{"href":"https:\/\/mediafocus.ch\/fr\/wp-json\/wp\/v2\/types\/page"}],"author":[{"embeddable":true,"href":"https:\/\/mediafocus.ch\/fr\/wp-json\/wp\/v2\/users\/2"}],"replies":[{"embeddable":true,"href":"https:\/\/mediafocus.ch\/fr\/wp-json\/wp\/v2\/comments?post=7388"}],"version-history":[{"count":5,"href":"https:\/\/mediafocus.ch\/fr\/wp-json\/wp\/v2\/pages\/7388\/revisions"}],"predecessor-version":[{"id":264462,"href":"https:\/\/mediafocus.ch\/fr\/wp-json\/wp\/v2\/pages\/7388\/revisions\/264462"}],"wp:attachment":[{"href":"https:\/\/mediafocus.ch\/fr\/wp-json\/wp\/v2\/media?parent=7388"}],"curies":[{"name":"wp","href":"https:\/\/api.w.org\/{rel}","templated":true}]}}